{"id":23483,"date":"2024-05-30T03:15:58","date_gmt":"2024-05-30T03:15:58","guid":{"rendered":"https:\/\/www.momengames.com\/index.php\/product\/razer-deathadder-v2-x-hyperspeed-conception-ergonomique-primee-sans-fil-ultra-rapide-autonomie-de-la-batterie-235-heures-7-boutons-programmables-commutateurs-mecaniques-gen\/"},"modified":"2024-05-30T03:15:58","modified_gmt":"2024-05-30T03:15:58","slug":"razer-deathadder-v2-x-hyperspeed-conception-ergonomique-primee-sans-fil-ultra-rapide-autonomie-de-la-batterie-235-heures-7-boutons-programmables-commutateurs-mecaniques-gen","status":"publish","type":"product","link":"https:\/\/www.momengames.com\/index.php\/product\/razer-deathadder-v2-x-hyperspeed-conception-ergonomique-primee-sans-fil-ultra-rapide-autonomie-de-la-batterie-235-heures-7-boutons-programmables-commutateurs-mecaniques-gen\/?lang=fr","title":{"rendered":"Razer DeathAdder V2 X HyperSpeed \u200b\u200b: Conception ergonomique prim\u00e9e &#8211; Sans fil ultra-rapide &#8211; Autonomie de la batterie 235 heures &#8211; 7 boutons programmables &#8211; Commutateurs m\u00e9caniques Gen 2 &#8211; Capteur optique 5G 14K DPI"},"content":{"rendered":"<p>Conception ergonomique prim\u00e9e\u00a0: approuv\u00e9e par plus de 13 millions de fans dans le monde entier, la forme embl\u00e9matique de la DeathAdder a permis \u00e0 d&#8217;innombrables professionnels de gagner plus que toute autre souris, y compris le triple champion du monde de League of Legends, Faker.<br \/>\nRazer HyperSpeed \u200b\u200bWireless ultra-rapide\u00a0: dot\u00e9 de la m\u00eame technologie Razer HyperSpeed \u200b\u200bWireless haute vitesse utilis\u00e9e dans nos souris de jeu haut de gamme avec une connexion sans fil \u00e0 latence ultra faible<br \/>\nLongue dur\u00e9e de vie de la batterie : Avec jusqu&#8217;\u00e0 235 heures de jeu fluide \u00e0 faible latence avec Razer HyperSpeed \u200b\u200bWireless (2,4 GHz) et jusqu&#8217;\u00e0 615 heures avec Bluetooth, la souris peut durer longtemps avant que sa batterie ne doive \u00eatre remplac\u00e9e.<br \/>\nCommutateurs de souris m\u00e9caniques Razer Gen-2\u00a0: b\u00e9n\u00e9ficiez d&#8217;une ex\u00e9cution nette et coh\u00e9rente avec des commutateurs dot\u00e9s de nouveaux points de contact plaqu\u00e9s or, moins sujets \u00e0 la d\u00e9gradation et ayant une dur\u00e9e de vie plus longue, jusqu&#8217;\u00e0 60 millions de clics.<br \/>\nCapteur optique avanc\u00e9 Razer 5G 14K DPI\u00a0: profitez d&#8217;une vis\u00e9e r\u00e9active et pr\u00e9cise au pixel pr\u00e8s avec un capteur am\u00e9lior\u00e9 qui suit parfaitement vos mouvements avec z\u00e9ro spinout<br \/>\n7 boutons programmables\u00a0: disposez de tout le contr\u00f4le dont vous avez besoin avec 2 boutons lat\u00e9raux uniques \u00e0 acc\u00e8s rapide et 2 boutons lat\u00e9raux<br \/>\nPoids \u00e9quilibr\u00e9\u00a0: les piles sont plac\u00e9es selon un angle dans la souris pour assurer une r\u00e9partition optimale du poids<\/p>\n","protected":false},"excerpt":{"rendered":"<p>Conception ergonomique prim\u00e9e\u00a0: approuv\u00e9e par plus de 13 millions de fans dans le monde entier, la forme embl\u00e9matique de la DeathAdder a permis \u00e0 d&#8217;innombrables professionnels de gagner plus que toute autre souris, y compris le triple champion du monde de League of Legends, Faker.<br \/>\nRazer HyperSpeed \u200b\u200bWireless ultra-rapide\u00a0: dot\u00e9 de la m\u00eame technologie Razer HyperSpeed \u200b\u200bWireless haute vitesse utilis\u00e9e dans nos souris de jeu haut de gamme avec une connexion sans fil \u00e0 latence ultra faible<br \/>\nLongue dur\u00e9e de vie de la batterie : Avec jusqu&#8217;\u00e0 235 heures de jeu fluide \u00e0 faible latence avec Razer HyperSpeed \u200b\u200bWireless (2,4 GHz) et jusqu&#8217;\u00e0 615 heures avec Bluetooth, la souris peut durer longtemps avant que sa batterie ne doive \u00eatre remplac\u00e9e.<br \/>\nCommutateurs de souris m\u00e9caniques Razer Gen-2\u00a0: b\u00e9n\u00e9ficiez d&#8217;une ex\u00e9cution nette et coh\u00e9rente avec des commutateurs dot\u00e9s de nouveaux points de contact plaqu\u00e9s or, moins sujets \u00e0 la d\u00e9gradation et ayant une dur\u00e9e de vie plus longue, jusqu&#8217;\u00e0 60 millions de clics.<br \/>\nCapteur optique avanc\u00e9 Razer 5G 14K DPI\u00a0: profitez d&#8217;une vis\u00e9e r\u00e9active et pr\u00e9cise au pixel pr\u00e8s avec un capteur am\u00e9lior\u00e9 qui suit parfaitement vos mouvements avec z\u00e9ro spinout<br \/>\n7 boutons programmables\u00a0: disposez de tout le contr\u00f4le dont vous avez besoin avec 2 boutons lat\u00e9raux uniques \u00e0 acc\u00e8s rapide et 2 boutons lat\u00e9raux<br \/>\nPoids \u00e9quilibr\u00e9\u00a0: les piles sont plac\u00e9es selon un angle dans la souris pour assurer une r\u00e9partition optimale du poids<\/p>\n","protected":false},"featured_media":23484,"comment_status":"open","ping_status":"closed","template":"","meta":{"iawp_total_views":11},"product_brand":[],"product_cat":[40],"product_tag":[],"class_list":{"0":"post-23483","1":"product","2":"type-product","3":"status-publish","4":"has-post-thumbnail","6":"product_cat-pc-gamepads-standard-controllers-fr","8":"first","9":"instock","10":"sale","11":"taxable","12":"shipping-taxable","13":"purchasable","14":"product-type-simple"},"jetpack_sharing_enabled":true,"_links":{"self":[{"href":"https:\/\/www.momengames.com\/index.php\/wp-json\/wp\/v2\/product\/23483","targetHints":{"allow":["GET"]}}],"collection":[{"href":"https:\/\/www.momengames.com\/index.php\/wp-json\/wp\/v2\/product"}],"about":[{"href":"https:\/\/www.momengames.com\/index.php\/wp-json\/wp\/v2\/types\/product"}],"replies":[{"embeddable":true,"href":"https:\/\/www.momengames.com\/index.php\/wp-json\/wp\/v2\/comments?post=23483"}],"wp:featuredmedia":[{"embeddable":true,"href":"https:\/\/www.momengames.com\/index.php\/wp-json\/wp\/v2\/media\/23484"}],"wp:attachment":[{"href":"https:\/\/www.momengames.com\/index.php\/wp-json\/wp\/v2\/media?parent=23483"}],"wp:term":[{"taxonomy":"product_brand","embeddable":true,"href":"https:\/\/www.momengames.com\/index.php\/wp-json\/wp\/v2\/product_brand?post=23483"},{"taxonomy":"product_cat","embeddable":true,"href":"https:\/\/www.momengames.com\/index.php\/wp-json\/wp\/v2\/product_cat?post=23483"},{"taxonomy":"product_tag","embeddable":true,"href":"https:\/\/www.momengames.com\/index.php\/wp-json\/wp\/v2\/product_tag?post=23483"}],"curies":[{"name":"wp","href":"https:\/\/api.w.org\/{rel}","templated":true}]}}