{"id":23481,"date":"2024-05-30T03:11:37","date_gmt":"2024-05-30T03:11:37","guid":{"rendered":"https:\/\/www.momengames.com\/index.php\/product\/razer-wolverine-v2-manette-de-jeu-filaire-pour-xbox-series-xs-xbox-one-pc-boutons-frontaux-remappables-boutons-daction-meca-tactiles-et-d-pad-boutons-darret-de-declenchement-noir\/"},"modified":"2024-05-30T03:11:37","modified_gmt":"2024-05-30T03:11:37","slug":"razer-wolverine-v2-manette-de-jeu-filaire-pour-xbox-series-xs-xbox-one-pc-boutons-frontaux-remappables-boutons-daction-meca-tactiles-et-d-pad-boutons-darret-de-declenchement-noir","status":"publish","type":"product","link":"https:\/\/www.momengames.com\/index.php\/product\/razer-wolverine-v2-manette-de-jeu-filaire-pour-xbox-series-xs-xbox-one-pc-boutons-frontaux-remappables-boutons-daction-meca-tactiles-et-d-pad-boutons-darret-de-declenchement-noir\/?lang=fr","title":{"rendered":"Razer Wolverine V2 Manette de jeu filaire pour Xbox Series X|S, Xbox One, PC : boutons frontaux remappables &#8211; Boutons d&#8217;action m\u00e9ca-tactiles et D-Pad &#8211; Boutons d&#8217;arr\u00eat de d\u00e9clenchement &#8211; Noir"},"content":{"rendered":"<p>CON\u00c7U POUR PLUS DE CONTR\u00d4LE ET DE PR\u00c9CISION \u2014 L&#8217;ergonomie du contr\u00f4leur offre une prise en main naturelle qui garantit une interaction agile et pr\u00e9cise des boutons. La conception profil\u00e9e et les poign\u00e9es en caoutchouc antid\u00e9rapantes permettent de jouer toute la journ\u00e9e avec des performances optimales<br \/>\nBOUTONS AVANT REMAPPABLES SUPPL\u00c9MENTAIRES \u2014 2 boutons multifonctions \u00e0 l&#8217;avant du contr\u00f4leur peuvent \u00eatre remapp\u00e9s via Razer Controller Setup pour Xbox pour lib\u00e9rer un meilleur contr\u00f4le et un style de jeu plus personnalis\u00e9.<br \/>\nBOUTONS D&#8217;ACTION MECHA-TACTILES ET D-PAD &#8211; Utilisez un actionnement hyper-r\u00e9actif avec un toucher amorti lors de l&#8217;ex\u00e9cution de mouvements<br \/>\nMODE DE D\u00c9CLENCHEMENT DE CHEVEUX AVEC COMMUTATEURS D&#8217;ARR\u00caT DE G\u00c2CHETTE \u2014 Pour un avantage concurrentiel, activez le mode de d\u00e9clenchement de cheveux via deux verrous coulissants sur la face inf\u00e9rieure du contr\u00f4leur qui r\u00e9duisent consid\u00e9rablement la distance de d\u00e9placement jusqu&#8217;aux d\u00e9clencheurs principaux, permettant une cadence de tir ultra-rapide.<br \/>\nPORT AUDIO ANALOGIQUE 3,5 MM \u2014 Jouez confortablement pendant des heures gr\u00e2ce \u00e0 la facilit\u00e9 et \u00e0 la commodit\u00e9 de brancher un p\u00e9riph\u00e9rique audio 3,5 mm directement sur la manette, au lieu de la console.<br \/>\nCONFIGURATION DU CONTR\u00d4LEUR RAZER POUR XBOX \u2014 D\u00e9couvrez des options de personnalisation infinies sur le contr\u00f4leur. Avec la configuration du contr\u00f4leur Razer pour Xbox, les joueurs peuvent remapper les boutons et stocker les param\u00e8tres de profil pour optimiser le jeu.<br \/>\nCON\u00c7U POUR XBOX \u2014 Sous licence officielle et d\u00e9velopp\u00e9 aux c\u00f4t\u00e9s de Xbox pour offrir la meilleure exp\u00e9rience de jeu possible<\/p>\n","protected":false},"excerpt":{"rendered":"<p>CON\u00c7U POUR PLUS DE CONTR\u00d4LE ET DE PR\u00c9CISION \u2014 L&#8217;ergonomie du contr\u00f4leur offre une prise en main naturelle qui garantit une interaction agile et pr\u00e9cise des boutons. La conception profil\u00e9e et les poign\u00e9es en caoutchouc antid\u00e9rapantes permettent de jouer toute la journ\u00e9e avec des performances optimales<br \/>\nBOUTONS AVANT REMAPPABLES SUPPL\u00c9MENTAIRES \u2014 2 boutons multifonctions \u00e0 l&#8217;avant du contr\u00f4leur peuvent \u00eatre remapp\u00e9s via Razer Controller Setup pour Xbox pour lib\u00e9rer un meilleur contr\u00f4le et un style de jeu plus personnalis\u00e9.<br \/>\nBOUTONS D&#8217;ACTION MECHA-TACTILES ET D-PAD &#8211; Utilisez un actionnement hyper-r\u00e9actif avec un toucher amorti lors de l&#8217;ex\u00e9cution de mouvements<br \/>\nMODE DE D\u00c9CLENCHEMENT DE CHEVEUX AVEC COMMUTATEURS D&#8217;ARR\u00caT DE G\u00c2CHETTE \u2014 Pour un avantage concurrentiel, activez le mode de d\u00e9clenchement de cheveux via deux verrous coulissants sur la face inf\u00e9rieure du contr\u00f4leur qui r\u00e9duisent consid\u00e9rablement la distance de d\u00e9placement jusqu&#8217;aux d\u00e9clencheurs principaux, permettant une cadence de tir ultra-rapide.<br \/>\nPORT AUDIO ANALOGIQUE 3,5 MM \u2014 Jouez confortablement pendant des heures gr\u00e2ce \u00e0 la facilit\u00e9 et \u00e0 la commodit\u00e9 de brancher un p\u00e9riph\u00e9rique audio 3,5 mm directement sur la manette, au lieu de la console.<br \/>\nCONFIGURATION DU CONTR\u00d4LEUR RAZER POUR XBOX \u2014 D\u00e9couvrez des options de personnalisation infinies sur le contr\u00f4leur. Avec la configuration du contr\u00f4leur Razer pour Xbox, les joueurs peuvent remapper les boutons et stocker les param\u00e8tres de profil pour optimiser le jeu.<br \/>\nCON\u00c7U POUR XBOX \u2014 Sous licence officielle et d\u00e9velopp\u00e9 aux c\u00f4t\u00e9s de Xbox pour offrir la meilleure exp\u00e9rience de jeu possible<\/p>\n","protected":false},"featured_media":23482,"comment_status":"open","ping_status":"closed","template":"","meta":{"iawp_total_views":68},"product_brand":[],"product_cat":[40],"product_tag":[],"class_list":{"0":"post-23481","1":"product","2":"type-product","3":"status-publish","4":"has-post-thumbnail","6":"product_cat-pc-gamepads-standard-controllers-fr","8":"first","9":"instock","10":"sale","11":"taxable","12":"shipping-taxable","13":"purchasable","14":"product-type-simple"},"jetpack_sharing_enabled":true,"_links":{"self":[{"href":"https:\/\/www.momengames.com\/index.php\/wp-json\/wp\/v2\/product\/23481","targetHints":{"allow":["GET"]}}],"collection":[{"href":"https:\/\/www.momengames.com\/index.php\/wp-json\/wp\/v2\/product"}],"about":[{"href":"https:\/\/www.momengames.com\/index.php\/wp-json\/wp\/v2\/types\/product"}],"replies":[{"embeddable":true,"href":"https:\/\/www.momengames.com\/index.php\/wp-json\/wp\/v2\/comments?post=23481"}],"wp:featuredmedia":[{"embeddable":true,"href":"https:\/\/www.momengames.com\/index.php\/wp-json\/wp\/v2\/media\/23482"}],"wp:attachment":[{"href":"https:\/\/www.momengames.com\/index.php\/wp-json\/wp\/v2\/media?parent=23481"}],"wp:term":[{"taxonomy":"product_brand","embeddable":true,"href":"https:\/\/www.momengames.com\/index.php\/wp-json\/wp\/v2\/product_brand?post=23481"},{"taxonomy":"product_cat","embeddable":true,"href":"https:\/\/www.momengames.com\/index.php\/wp-json\/wp\/v2\/product_cat?post=23481"},{"taxonomy":"product_tag","embeddable":true,"href":"https:\/\/www.momengames.com\/index.php\/wp-json\/wp\/v2\/product_tag?post=23481"}],"curies":[{"name":"wp","href":"https:\/\/api.w.org\/{rel}","templated":true}]}}