{"id":23479,"date":"2024-05-30T03:08:08","date_gmt":"2024-05-30T03:08:08","guid":{"rendered":"https:\/\/www.momengames.com\/index.php\/product\/razer-kraken-kitty-v2-casque-filaire-usb-rvb-oreilles-chroma-kitty-eclairage-reactif-stream-micro-cardioide-hyperclear-pilotes-triforce-40-mm-son-surround-7-1-rose-quartz\/"},"modified":"2024-05-30T03:08:08","modified_gmt":"2024-05-30T03:08:08","slug":"razer-kraken-kitty-v2-casque-filaire-usb-rvb-oreilles-chroma-kitty-eclairage-reactif-stream-micro-cardioide-hyperclear-pilotes-triforce-40-mm-son-surround-7-1-rose-quartz","status":"publish","type":"product","link":"https:\/\/www.momengames.com\/index.php\/product\/razer-kraken-kitty-v2-casque-filaire-usb-rvb-oreilles-chroma-kitty-eclairage-reactif-stream-micro-cardioide-hyperclear-pilotes-triforce-40-mm-son-surround-7-1-rose-quartz\/?lang=fr","title":{"rendered":"Razer Kraken Kitty V2 Casque filaire USB RVB : Oreilles Chroma Kitty &#8211; \u00c9clairage r\u00e9actif Stream &#8211; Micro cardio\u00efde HyperClear &#8211; Pilotes Triforce 40 mm &#8211; Son Surround 7.1 &#8211; Rose quartz"},"content":{"rendered":"<p>DES OREILLES DE CHAT POUR EXPRIMER LE STYLE \u2014 Surmont\u00e9es d&#8217;une paire d&#8217;oreilles de chat uniques, d\u00e9marquez-vous en streaming avec un casque con\u00e7u pour correspondre \u00e0 votre personnalit\u00e9.<br \/>\n\u00c9clairage r\u00e9actif en flux : affichez une personnalit\u00e9 color\u00e9e et engagez les spectateurs avec un \u00e9clairage des \u00e9couteurs qui r\u00e9pond aux \u00e9motic\u00f4nes, aux alertes et bien plus encore \u2013 personnalisable parmi plus de 16,8 millions de couleurs et d&#8217;innombrables effets.<br \/>\nMICRO CARDIO\u00cfDE HYPERCLAIR \u2014 Avec un sweet spot r\u00e9gl\u00e9 pour capter moins de bruit provenant de toutes les autres directions, le micro garantit que la voix est aussi claire que le style.<br \/>\nPILOTES TRIFORCE 40 mm \u2014 La conception brevet\u00e9e du pilote en 3 parties du casque produit des aigus, des m\u00e9diums et des graves exceptionnels qui ne brouillent pas, offrant un son haute fid\u00e9lit\u00e9 aussi beau qu&#8217;il en a l&#8217;air.<br \/>\nSON SURROUND 7.1 \u2014 Renforcez la conscience du jeu et ne laissez rien \u00e9chapper aux oreilles du chat avec un son de position pr\u00e9cis qui identifie le son de partout (disponible uniquement sur Windows 10 64 bits)<br \/>\nCOUSSINS EN TISSU HYBRIDE ET EN CUIRETTE \u2014 Les \u00e9couteurs bien ajust\u00e9s et confortables du casque offrent des heures de streaming sans sensation de fatigue et une excellente isolation phonique pour une immersion ininterrompue<\/p>\n","protected":false},"excerpt":{"rendered":"<p>DES OREILLES DE CHAT POUR EXPRIMER LE STYLE \u2014 Surmont\u00e9es d&#8217;une paire d&#8217;oreilles de chat uniques, d\u00e9marquez-vous en streaming avec un casque con\u00e7u pour correspondre \u00e0 votre personnalit\u00e9.<br \/>\n\u00c9clairage r\u00e9actif en flux : affichez une personnalit\u00e9 color\u00e9e et engagez les spectateurs avec un \u00e9clairage des \u00e9couteurs qui r\u00e9pond aux \u00e9motic\u00f4nes, aux alertes et bien plus encore \u2013 personnalisable parmi plus de 16,8 millions de couleurs et d&#8217;innombrables effets.<br \/>\nMICRO CARDIO\u00cfDE HYPERCLAIR \u2014 Avec un sweet spot r\u00e9gl\u00e9 pour capter moins de bruit provenant de toutes les autres directions, le micro garantit que la voix est aussi claire que le style.<br \/>\nPILOTES TRIFORCE 40 mm \u2014 La conception brevet\u00e9e du pilote en 3 parties du casque produit des aigus, des m\u00e9diums et des graves exceptionnels qui ne brouillent pas, offrant un son haute fid\u00e9lit\u00e9 aussi beau qu&#8217;il en a l&#8217;air.<br \/>\nSON SURROUND 7.1 \u2014 Renforcez la conscience du jeu et ne laissez rien \u00e9chapper aux oreilles du chat avec un son de position pr\u00e9cis qui identifie le son de partout (disponible uniquement sur Windows 10 64 bits)<br \/>\nCOUSSINS EN TISSU HYBRIDE ET EN CUIRETTE \u2014 Les \u00e9couteurs bien ajust\u00e9s et confortables du casque offrent des heures de streaming sans sensation de fatigue et une excellente isolation phonique pour une immersion ininterrompue<\/p>\n","protected":false},"featured_media":23480,"comment_status":"open","ping_status":"closed","template":"","meta":{"iawp_total_views":35},"product_brand":[],"product_cat":[39],"product_tag":[],"class_list":{"0":"post-23479","1":"product","2":"type-product","3":"status-publish","4":"has-post-thumbnail","6":"product_cat-electronics-accessories-fr","8":"first","9":"instock","10":"sale","11":"taxable","12":"shipping-taxable","13":"purchasable","14":"product-type-simple"},"jetpack_sharing_enabled":true,"_links":{"self":[{"href":"https:\/\/www.momengames.com\/index.php\/wp-json\/wp\/v2\/product\/23479","targetHints":{"allow":["GET"]}}],"collection":[{"href":"https:\/\/www.momengames.com\/index.php\/wp-json\/wp\/v2\/product"}],"about":[{"href":"https:\/\/www.momengames.com\/index.php\/wp-json\/wp\/v2\/types\/product"}],"replies":[{"embeddable":true,"href":"https:\/\/www.momengames.com\/index.php\/wp-json\/wp\/v2\/comments?post=23479"}],"wp:featuredmedia":[{"embeddable":true,"href":"https:\/\/www.momengames.com\/index.php\/wp-json\/wp\/v2\/media\/23480"}],"wp:attachment":[{"href":"https:\/\/www.momengames.com\/index.php\/wp-json\/wp\/v2\/media?parent=23479"}],"wp:term":[{"taxonomy":"product_brand","embeddable":true,"href":"https:\/\/www.momengames.com\/index.php\/wp-json\/wp\/v2\/product_brand?post=23479"},{"taxonomy":"product_cat","embeddable":true,"href":"https:\/\/www.momengames.com\/index.php\/wp-json\/wp\/v2\/product_cat?post=23479"},{"taxonomy":"product_tag","embeddable":true,"href":"https:\/\/www.momengames.com\/index.php\/wp-json\/wp\/v2\/product_tag?post=23479"}],"curies":[{"name":"wp","href":"https:\/\/api.w.org\/{rel}","templated":true}]}}