{"id":23477,"date":"2024-05-30T02:57:56","date_gmt":"2024-05-30T02:57:56","guid":{"rendered":"https:\/\/www.momengames.com\/index.php\/product\/souris-de-jeu-sans-fil-logitech-g703-lightspeed-avec-capteur-hero-25k-compatible-powerplay-lightsync-rvb-legere-95g-10g-en-option-100-25-600-dpi-poignees-laterales-en-caoutchouc-noir\/"},"modified":"2024-05-30T02:57:56","modified_gmt":"2024-05-30T02:57:56","slug":"souris-de-jeu-sans-fil-logitech-g703-lightspeed-avec-capteur-hero-25k-compatible-powerplay-lightsync-rvb-legere-95g-10g-en-option-100-25-600-dpi-poignees-laterales-en-caoutchouc-noir","status":"publish","type":"product","link":"https:\/\/www.momengames.com\/index.php\/product\/souris-de-jeu-sans-fil-logitech-g703-lightspeed-avec-capteur-hero-25k-compatible-powerplay-lightsync-rvb-legere-95g-10g-en-option-100-25-600-dpi-poignees-laterales-en-caoutchouc-noir\/?lang=fr","title":{"rendered":"Souris de jeu sans fil Logitech G703 Lightspeed avec capteur Hero 25K, compatible PowerPlay, Lightsync RVB, l\u00e9g\u00e8re 95G + 10G en option, 100-25, 600 DPI, poign\u00e9es lat\u00e9rales en caoutchouc &#8211; Noir"},"content":{"rendered":"<p>Marque d&#8217;\u00e9quipement de jeu sans fil la plus vendue \u2013 Bas\u00e9e sur des donn\u00e9es de ventes ind\u00e9pendantes (octobre 2018 \u00e0 octobre 2019) de claviers, souris et casques de jeu sans fil dans les unit\u00e9s provenant des \u00c9tats-Unis, CA, CN, JP, KR, TW, TH, IN. , DE, FR, RY, UK, SE, TR<br \/>\nChargement sans fil Power Play : ne vous souciez plus de la dur\u00e9e de vie de votre batterie. Ajoutez le syst\u00e8me de chargement sans fil Power Play pour garder la G703 et les autres souris G compatibles charg\u00e9es au repos et en jeu. . Syst\u00e8me de chargement sans fil .power play vendu s\u00e9par\u00e9ment<br \/>\nCapteur Hero 25K via une mise \u00e0 jour logicielle de G HUB, cette mise \u00e0 niveau est gratuite pour tous les joueurs\u00a0: notre plus avanc\u00e9e, avec un suivi 1\u00a0: 1, 400 IPS plus et une sensibilit\u00e9 de 100 \u00e0 25, 600 DPI maximum \u2014 Plus z\u00e9ro lissage, filtrage ou acc\u00e9l\u00e9ration et efficacit\u00e9 \u00e9nerg\u00e9tique 10x de la g\u00e9n\u00e9ration pr\u00e9c\u00e9dente<br \/>\nSans fil \u00e0 vitesse l\u00e9g\u00e8re\u00a0: r\u00e9activit\u00e9 et connectivit\u00e9 de niveau professionnel pour un jeu longue dur\u00e9e et haute performance &#8211; avec un poids de 95 g et une autonomie de batterie allant jusqu&#8217;\u00e0 35 heures de jeu continu avec l&#8217;\u00e9clairage RVB Light Sync par d\u00e9faut.<br \/>\nConfort et qualit\u00e9 supr\u00eames\u00a0: allie confort, durabilit\u00e9 et performances avec un design confortable, des poign\u00e9es lat\u00e9rales en caoutchouc, un poids en option de 10 g et 6 boutons programmables pour une exp\u00e9rience de jeu personnalisable.<br \/>\nTechnologie de bouton avanc\u00e9e\u00a0: la tension du bouton \u00e0 ressort m\u00e9tallique maintient les boutons principaux gauche et droit pr\u00eats \u00e0 se d\u00e9clencher avec moins de force, pour une sensation, une r\u00e9ponse et une coh\u00e9rence exceptionnelles \u00e0 chaque fois.<br \/>\nRemarque : Dans le cas d&#8217;une souris sans fil, le r\u00e9cepteur USB sera fourni \u00e0 l&#8217;int\u00e9rieur ou avec la souris<br \/>\nPoign\u00e9es lat\u00e9rales en caoutchouc \u00e0 double injection<\/p>\n","protected":false},"excerpt":{"rendered":"<p>Marque d&#8217;\u00e9quipement de jeu sans fil la plus vendue \u2013 Bas\u00e9e sur des donn\u00e9es de ventes ind\u00e9pendantes (octobre 2018 \u00e0 octobre 2019) de claviers, souris et casques de jeu sans fil dans les unit\u00e9s provenant des \u00c9tats-Unis, CA, CN, JP, KR, TW, TH, IN. , DE, FR, RY, UK, SE, TR<br \/>\nChargement sans fil Power Play : ne vous souciez plus de la dur\u00e9e de vie de votre batterie. Ajoutez le syst\u00e8me de chargement sans fil Power Play pour garder la G703 et les autres souris G compatibles charg\u00e9es au repos et en jeu. . Syst\u00e8me de chargement sans fil .power play vendu s\u00e9par\u00e9ment<br \/>\nCapteur Hero 25K via une mise \u00e0 jour logicielle de G HUB, cette mise \u00e0 niveau est gratuite pour tous les joueurs\u00a0: notre plus avanc\u00e9e, avec un suivi 1\u00a0: 1, 400 IPS plus et une sensibilit\u00e9 de 100 \u00e0 25, 600 DPI maximum \u2014 Plus z\u00e9ro lissage, filtrage ou acc\u00e9l\u00e9ration et efficacit\u00e9 \u00e9nerg\u00e9tique 10x de la g\u00e9n\u00e9ration pr\u00e9c\u00e9dente<br \/>\nSans fil \u00e0 vitesse l\u00e9g\u00e8re\u00a0: r\u00e9activit\u00e9 et connectivit\u00e9 de niveau professionnel pour un jeu longue dur\u00e9e et haute performance &#8211; avec un poids de 95 g et une autonomie de batterie allant jusqu&#8217;\u00e0 35 heures de jeu continu avec l&#8217;\u00e9clairage RVB Light Sync par d\u00e9faut.<br \/>\nConfort et qualit\u00e9 supr\u00eames\u00a0: allie confort, durabilit\u00e9 et performances avec un design confortable, des poign\u00e9es lat\u00e9rales en caoutchouc, un poids en option de 10 g et 6 boutons programmables pour une exp\u00e9rience de jeu personnalisable.<br \/>\nTechnologie de bouton avanc\u00e9e\u00a0: la tension du bouton \u00e0 ressort m\u00e9tallique maintient les boutons principaux gauche et droit pr\u00eats \u00e0 se d\u00e9clencher avec moins de force, pour une sensation, une r\u00e9ponse et une coh\u00e9rence exceptionnelles \u00e0 chaque fois.<br \/>\nRemarque : Dans le cas d&#8217;une souris sans fil, le r\u00e9cepteur USB sera fourni \u00e0 l&#8217;int\u00e9rieur ou avec la souris<br \/>\nPoign\u00e9es lat\u00e9rales en caoutchouc \u00e0 double injection<\/p>\n","protected":false},"featured_media":23478,"comment_status":"open","ping_status":"closed","template":"","meta":{"iawp_total_views":21},"product_brand":[],"product_cat":[40],"product_tag":[],"class_list":{"0":"post-23477","1":"product","2":"type-product","3":"status-publish","4":"has-post-thumbnail","6":"product_cat-pc-gamepads-standard-controllers-fr","8":"first","9":"instock","10":"sale","11":"taxable","12":"shipping-taxable","13":"purchasable","14":"product-type-simple"},"jetpack_sharing_enabled":true,"_links":{"self":[{"href":"https:\/\/www.momengames.com\/index.php\/wp-json\/wp\/v2\/product\/23477","targetHints":{"allow":["GET"]}}],"collection":[{"href":"https:\/\/www.momengames.com\/index.php\/wp-json\/wp\/v2\/product"}],"about":[{"href":"https:\/\/www.momengames.com\/index.php\/wp-json\/wp\/v2\/types\/product"}],"replies":[{"embeddable":true,"href":"https:\/\/www.momengames.com\/index.php\/wp-json\/wp\/v2\/comments?post=23477"}],"wp:featuredmedia":[{"embeddable":true,"href":"https:\/\/www.momengames.com\/index.php\/wp-json\/wp\/v2\/media\/23478"}],"wp:attachment":[{"href":"https:\/\/www.momengames.com\/index.php\/wp-json\/wp\/v2\/media?parent=23477"}],"wp:term":[{"taxonomy":"product_brand","embeddable":true,"href":"https:\/\/www.momengames.com\/index.php\/wp-json\/wp\/v2\/product_brand?post=23477"},{"taxonomy":"product_cat","embeddable":true,"href":"https:\/\/www.momengames.com\/index.php\/wp-json\/wp\/v2\/product_cat?post=23477"},{"taxonomy":"product_tag","embeddable":true,"href":"https:\/\/www.momengames.com\/index.php\/wp-json\/wp\/v2\/product_tag?post=23477"}],"curies":[{"name":"wp","href":"https:\/\/api.w.org\/{rel}","templated":true}]}}