{"id":23475,"date":"2024-05-30T02:52:16","date_gmt":"2024-05-30T02:52:16","guid":{"rendered":"https:\/\/www.momengames.com\/index.php\/product\/souris-de-jeu-sans-fil-razer-naga-pro-plaque-laterale-interchangeable-avec-configurations-2-6-12-boutons-capteur-optique-focus-20-000-dpi-commutateur-de-souris-de-jeu-le-plus-rapide-eclaira\/"},"modified":"2024-05-30T02:52:16","modified_gmt":"2024-05-30T02:52:16","slug":"souris-de-jeu-sans-fil-razer-naga-pro-plaque-laterale-interchangeable-avec-configurations-2-6-12-boutons-capteur-optique-focus-20-000-dpi-commutateur-de-souris-de-jeu-le-plus-rapide-eclaira","status":"publish","type":"product","link":"https:\/\/www.momengames.com\/index.php\/product\/souris-de-jeu-sans-fil-razer-naga-pro-plaque-laterale-interchangeable-avec-configurations-2-6-12-boutons-capteur-optique-focus-20-000-dpi-commutateur-de-souris-de-jeu-le-plus-rapide-eclaira\/?lang=fr","title":{"rendered":"Souris de jeu sans fil Razer Naga Pro : plaque lat\u00e9rale interchangeable avec configurations 2, 6, 12 boutons &#8211; Capteur optique Focus+ 20 000 DPI &#8211; Commutateur de souris de jeu le plus rapide &#8211; \u00c9clairage Chroma RVB"},"content":{"rendered":"<p>Plus rapide que les souris sans fil concurrentes : la technologie sans fil Razer HyperSpeed \u200b\u200ballie une latence extr\u00eamement faible et une r\u00e9duction des interf\u00e9rences pour une v\u00e9ritable libert\u00e9 sans fil.<br \/>\nCAPTEUR OPTIQUE FOCUS PLUS 20 000 DPI\u00a0: offre un r\u00e9glage de la sensibilit\u00e9 \u00e0 la vol\u00e9e via des boutons DPI d\u00e9di\u00e9s (reprogrammables) pour les jeux<br \/>\nPLUS RAPIDES QUE LES COMMUTATEURS M\u00c9CANIQUES TRADITIONNELS\u00a0: les nouveaux commutateurs de souris optique Razer utilisent un actionnement bas\u00e9 sur un faisceau lumineux, enregistrant les pressions sur les boutons \u00e0 la vitesse de la lumi\u00e8re.<br \/>\nPERSONNALISATION ENTI\u00c8REMENT MODULAIRE\u00a0: 3 plaques lat\u00e9rales interchangeables avec configurations \u00e0 2, 6 et 12 boutons<br \/>\nJUSQU&#8217;\u00c0 19 BOUTONS PROGRAMMABLES\u00a0: Permet le remappage des boutons et l&#8217;attribution de fonctions macro complexes via Razer Synapse<br \/>\nPROFILS DE COULEURS CHROMA RVB PERSONNALISABLES\u00a0: Prend en charge 16,8 millions de combinaisons de couleurs avec profils pr\u00e9d\u00e9finis inclus<\/p>\n","protected":false},"excerpt":{"rendered":"<p>Plus rapide que les souris sans fil concurrentes : la technologie sans fil Razer HyperSpeed \u200b\u200ballie une latence extr\u00eamement faible et une r\u00e9duction des interf\u00e9rences pour une v\u00e9ritable libert\u00e9 sans fil.<br \/>\nCAPTEUR OPTIQUE FOCUS PLUS 20 000 DPI\u00a0: offre un r\u00e9glage de la sensibilit\u00e9 \u00e0 la vol\u00e9e via des boutons DPI d\u00e9di\u00e9s (reprogrammables) pour les jeux<br \/>\nPLUS RAPIDES QUE LES COMMUTATEURS M\u00c9CANIQUES TRADITIONNELS\u00a0: les nouveaux commutateurs de souris optique Razer utilisent un actionnement bas\u00e9 sur un faisceau lumineux, enregistrant les pressions sur les boutons \u00e0 la vitesse de la lumi\u00e8re.<br \/>\nPERSONNALISATION ENTI\u00c8REMENT MODULAIRE\u00a0: 3 plaques lat\u00e9rales interchangeables avec configurations \u00e0 2, 6 et 12 boutons<br \/>\nJUSQU&#8217;\u00c0 19 BOUTONS PROGRAMMABLES\u00a0: Permet le remappage des boutons et l&#8217;attribution de fonctions macro complexes via Razer Synapse<br \/>\nPROFILS DE COULEURS CHROMA RVB PERSONNALISABLES\u00a0: Prend en charge 16,8 millions de combinaisons de couleurs avec profils pr\u00e9d\u00e9finis inclus<\/p>\n","protected":false},"featured_media":23476,"comment_status":"open","ping_status":"closed","template":"","meta":{"iawp_total_views":98},"product_brand":[],"product_cat":[40],"product_tag":[],"class_list":{"0":"post-23475","1":"product","2":"type-product","3":"status-publish","4":"has-post-thumbnail","6":"product_cat-pc-gamepads-standard-controllers-fr","8":"first","9":"instock","10":"sale","11":"taxable","12":"shipping-taxable","13":"purchasable","14":"product-type-simple"},"jetpack_sharing_enabled":true,"_links":{"self":[{"href":"https:\/\/www.momengames.com\/index.php\/wp-json\/wp\/v2\/product\/23475","targetHints":{"allow":["GET"]}}],"collection":[{"href":"https:\/\/www.momengames.com\/index.php\/wp-json\/wp\/v2\/product"}],"about":[{"href":"https:\/\/www.momengames.com\/index.php\/wp-json\/wp\/v2\/types\/product"}],"replies":[{"embeddable":true,"href":"https:\/\/www.momengames.com\/index.php\/wp-json\/wp\/v2\/comments?post=23475"}],"wp:featuredmedia":[{"embeddable":true,"href":"https:\/\/www.momengames.com\/index.php\/wp-json\/wp\/v2\/media\/23476"}],"wp:attachment":[{"href":"https:\/\/www.momengames.com\/index.php\/wp-json\/wp\/v2\/media?parent=23475"}],"wp:term":[{"taxonomy":"product_brand","embeddable":true,"href":"https:\/\/www.momengames.com\/index.php\/wp-json\/wp\/v2\/product_brand?post=23475"},{"taxonomy":"product_cat","embeddable":true,"href":"https:\/\/www.momengames.com\/index.php\/wp-json\/wp\/v2\/product_cat?post=23475"},{"taxonomy":"product_tag","embeddable":true,"href":"https:\/\/www.momengames.com\/index.php\/wp-json\/wp\/v2\/product_tag?post=23475"}],"curies":[{"name":"wp","href":"https:\/\/api.w.org\/{rel}","templated":true}]}}