{"id":23473,"date":"2024-05-30T02:45:55","date_gmt":"2024-05-30T02:45:55","guid":{"rendered":"https:\/\/www.momengames.com\/index.php\/product\/logitech-g705-souris-de-jeu-sans-fil-eclairage-rvb-lightsync-personnalisable-sans-fil-lightspeed-connectivite-bluetooth-legere-pc-mac-ordinateur-portable-brume-blanche\/"},"modified":"2024-05-30T02:45:55","modified_gmt":"2024-05-30T02:45:55","slug":"logitech-g705-souris-de-jeu-sans-fil-eclairage-rvb-lightsync-personnalisable-sans-fil-lightspeed-connectivite-bluetooth-legere-pc-mac-ordinateur-portable-brume-blanche","status":"publish","type":"product","link":"https:\/\/www.momengames.com\/index.php\/product\/logitech-g705-souris-de-jeu-sans-fil-eclairage-rvb-lightsync-personnalisable-sans-fil-lightspeed-connectivite-bluetooth-legere-pc-mac-ordinateur-portable-brume-blanche\/?lang=fr","title":{"rendered":"Logitech G705 Souris de jeu sans fil, \u00e9clairage RVB LIGHTSYNC personnalisable, sans fil Lightspeed, connectivit\u00e9 Bluetooth, l\u00e9g\u00e8re, PC\/Mac\/ordinateur portable \u2013 Brume blanche"},"content":{"rendered":"<p>Taille plus petite\u00a0: petite souris de jeu compacte avec un design intentionnel con\u00e7u pour s&#8217;adapter \u00e0 votre main<br \/>\nConfort profil\u00e9\u00a0: la souris sans fil Logitech au design confortable, compact et sculpt\u00e9 comprend un repose-pouce, des pieds coulissants et une maniabilit\u00e9 l\u00e9g\u00e8re (seulement 85 g)<br \/>\nPlay On\u00a0: Souris de jeu sans fil rechargeable avec batterie longue dur\u00e9e (avec \u00e9clairage complet) pour jusqu&#8217;\u00e0 40 heures de jeu, technologie sans fil Logitech LIGHTSPEED et Bluetooth activ\u00e9<br \/>\nSans fil de qualit\u00e9 professionnelle\u00a0: Ultrafast LIGHTSPEED connecte deux appareils sur un seul r\u00e9cepteur USB sans perte de performances\u00a0; se connecte au clavier sans fil G715\u00a0; vendu s\u00e9par\u00e9ment<br \/>\n\u00c9clairage RVB\u00a0: montrez votre style avec l&#8217;\u00e9clairage doux et zonal LIGHTSYNC RVB et l&#8217;\u00e9clairage signature de la collection Aurora\u00a0; personnalisez et cr\u00e9ez sur Logitech G HUB un look unique pour votre souris Bluetooth<br \/>\nTechnologie de qualit\u00e9 jeu\u00a0: laissez les bons jeux commencer, \u00e9quip\u00e9 d&#8217;un capteur de qualit\u00e9 jeu et d&#8217;une flexibilit\u00e9 de jeu sans fil ou filaire\u00a0; con\u00e7u pour des clics rapides et la portabilit\u00e9<br \/>\nPersonnalisez-le\u00a0: compl\u00e9tez votre configuration de jeu avec des tapis de souris de jeu assortis dans une vari\u00e9t\u00e9 d&#8217;autres coloris et des accessoires de jeu comme l&#8217;\u00e9tui de transport pour souris et casque\u00a0; vendu s\u00e9par\u00e9ment<br \/>\nDe la collection Aurora : les \u00e9quipements de jeu fonctionnent mieux ensemble ; La souris Logitech G705, le clavier Logitech G715 et le casque G735 partagent le m\u00eame design inclusif et la m\u00eame esth\u00e9tique de r\u00eave ; vendu s\u00e9par\u00e9ment<\/p>\n","protected":false},"excerpt":{"rendered":"<p>Taille plus petite\u00a0: petite souris de jeu compacte avec un design intentionnel con\u00e7u pour s&#8217;adapter \u00e0 votre main<br \/>\nConfort profil\u00e9\u00a0: la souris sans fil Logitech au design confortable, compact et sculpt\u00e9 comprend un repose-pouce, des pieds coulissants et une maniabilit\u00e9 l\u00e9g\u00e8re (seulement 85 g)<br \/>\nPlay On\u00a0: Souris de jeu sans fil rechargeable avec batterie longue dur\u00e9e (avec \u00e9clairage complet) pour jusqu&#8217;\u00e0 40 heures de jeu, technologie sans fil Logitech LIGHTSPEED et Bluetooth activ\u00e9<br \/>\nSans fil de qualit\u00e9 professionnelle\u00a0: Ultrafast LIGHTSPEED connecte deux appareils sur un seul r\u00e9cepteur USB sans perte de performances\u00a0; se connecte au clavier sans fil G715\u00a0; vendu s\u00e9par\u00e9ment<br \/>\n\u00c9clairage RVB\u00a0: montrez votre style avec l&#8217;\u00e9clairage doux et zonal LIGHTSYNC RVB et l&#8217;\u00e9clairage signature de la collection Aurora\u00a0; personnalisez et cr\u00e9ez sur Logitech G HUB un look unique pour votre souris Bluetooth<br \/>\nTechnologie de qualit\u00e9 jeu\u00a0: laissez les bons jeux commencer, \u00e9quip\u00e9 d&#8217;un capteur de qualit\u00e9 jeu et d&#8217;une flexibilit\u00e9 de jeu sans fil ou filaire\u00a0; con\u00e7u pour des clics rapides et la portabilit\u00e9<br \/>\nPersonnalisez-le\u00a0: compl\u00e9tez votre configuration de jeu avec des tapis de souris de jeu assortis dans une vari\u00e9t\u00e9 d&#8217;autres coloris et des accessoires de jeu comme l&#8217;\u00e9tui de transport pour souris et casque\u00a0; vendu s\u00e9par\u00e9ment<br \/>\nDe la collection Aurora : les \u00e9quipements de jeu fonctionnent mieux ensemble ; La souris Logitech G705, le clavier Logitech G715 et le casque G735 partagent le m\u00eame design inclusif et la m\u00eame esth\u00e9tique de r\u00eave ; vendu s\u00e9par\u00e9ment<\/p>\n","protected":false},"featured_media":23474,"comment_status":"open","ping_status":"closed","template":"","meta":{"iawp_total_views":54},"product_brand":[],"product_cat":[40],"product_tag":[],"class_list":{"0":"post-23473","1":"product","2":"type-product","3":"status-publish","4":"has-post-thumbnail","6":"product_cat-pc-gamepads-standard-controllers-fr","8":"first","9":"instock","10":"sale","11":"taxable","12":"shipping-taxable","13":"purchasable","14":"product-type-simple"},"jetpack_sharing_enabled":true,"_links":{"self":[{"href":"https:\/\/www.momengames.com\/index.php\/wp-json\/wp\/v2\/product\/23473","targetHints":{"allow":["GET"]}}],"collection":[{"href":"https:\/\/www.momengames.com\/index.php\/wp-json\/wp\/v2\/product"}],"about":[{"href":"https:\/\/www.momengames.com\/index.php\/wp-json\/wp\/v2\/types\/product"}],"replies":[{"embeddable":true,"href":"https:\/\/www.momengames.com\/index.php\/wp-json\/wp\/v2\/comments?post=23473"}],"wp:featuredmedia":[{"embeddable":true,"href":"https:\/\/www.momengames.com\/index.php\/wp-json\/wp\/v2\/media\/23474"}],"wp:attachment":[{"href":"https:\/\/www.momengames.com\/index.php\/wp-json\/wp\/v2\/media?parent=23473"}],"wp:term":[{"taxonomy":"product_brand","embeddable":true,"href":"https:\/\/www.momengames.com\/index.php\/wp-json\/wp\/v2\/product_brand?post=23473"},{"taxonomy":"product_cat","embeddable":true,"href":"https:\/\/www.momengames.com\/index.php\/wp-json\/wp\/v2\/product_cat?post=23473"},{"taxonomy":"product_tag","embeddable":true,"href":"https:\/\/www.momengames.com\/index.php\/wp-json\/wp\/v2\/product_tag?post=23473"}],"curies":[{"name":"wp","href":"https:\/\/api.w.org\/{rel}","templated":true}]}}