{"id":23469,"date":"2024-05-29T15:34:39","date_gmt":"2024-05-29T15:34:39","guid":{"rendered":"https:\/\/www.momengames.com\/index.php\/product\/razer-blackwidow-chroma-clavier-de-jeu-mecanique-clicky-rgb-5-touches-macro-commutateurs-mecaniques-verts-tactiles-et-clicky\/"},"modified":"2024-05-29T15:34:39","modified_gmt":"2024-05-29T15:34:39","slug":"razer-blackwidow-chroma-clavier-de-jeu-mecanique-clicky-rgb-5-touches-macro-commutateurs-mecaniques-verts-tactiles-et-clicky","status":"publish","type":"product","link":"https:\/\/www.momengames.com\/index.php\/product\/razer-blackwidow-chroma-clavier-de-jeu-mecanique-clicky-rgb-5-touches-macro-commutateurs-mecaniques-verts-tactiles-et-clicky\/?lang=fr","title":{"rendered":"Razer BlackWidow Chroma : Clavier de jeu m\u00e9canique Clicky RGB &#8211; 5 touches macro, commutateurs m\u00e9caniques verts (tactiles et clicky)"},"content":{"rendered":"<p>Touches enti\u00e8rement programmables + 5 touches de jeu suppl\u00e9mentaires avec enregistrement macro \u00e0 la vol\u00e9e<br \/>\nTouches r\u00e9tro\u00e9clair\u00e9es individuellement avec \u00e9clairage am\u00e9lior\u00e9<br \/>\nTouches multim\u00e9dia faciles d&#8217;acc\u00e8s pour un contr\u00f4le pratique du volume et la lecture multim\u00e9dia<br \/>\nArchitecture de touches m\u00e9caniques avec une sensation tactile distincte et une r\u00e9ponse plus rapide<br \/>\n10 touches rollover pour un anti-ghosting extr\u00eame<\/p>\n","protected":false},"excerpt":{"rendered":"<p>Touches enti\u00e8rement programmables + 5 touches de jeu suppl\u00e9mentaires avec enregistrement macro \u00e0 la vol\u00e9e<br \/>\nTouches r\u00e9tro\u00e9clair\u00e9es individuellement avec \u00e9clairage am\u00e9lior\u00e9<br \/>\nTouches multim\u00e9dia faciles d&#8217;acc\u00e8s pour un contr\u00f4le pratique du volume et la lecture multim\u00e9dia<br \/>\nArchitecture de touches m\u00e9caniques avec une sensation tactile distincte et une r\u00e9ponse plus rapide<br \/>\n10 touches rollover pour un anti-ghosting extr\u00eame<\/p>\n","protected":false},"featured_media":23470,"comment_status":"open","ping_status":"closed","template":"","meta":{"iawp_total_views":81},"product_brand":[],"product_cat":[40],"product_tag":[],"class_list":{"0":"post-23469","1":"product","2":"type-product","3":"status-publish","4":"has-post-thumbnail","6":"product_cat-pc-gamepads-standard-controllers-fr","8":"first","9":"instock","10":"sale","11":"taxable","12":"shipping-taxable","13":"purchasable","14":"product-type-simple"},"jetpack_sharing_enabled":true,"_links":{"self":[{"href":"https:\/\/www.momengames.com\/index.php\/wp-json\/wp\/v2\/product\/23469","targetHints":{"allow":["GET"]}}],"collection":[{"href":"https:\/\/www.momengames.com\/index.php\/wp-json\/wp\/v2\/product"}],"about":[{"href":"https:\/\/www.momengames.com\/index.php\/wp-json\/wp\/v2\/types\/product"}],"replies":[{"embeddable":true,"href":"https:\/\/www.momengames.com\/index.php\/wp-json\/wp\/v2\/comments?post=23469"}],"wp:featuredmedia":[{"embeddable":true,"href":"https:\/\/www.momengames.com\/index.php\/wp-json\/wp\/v2\/media\/23470"}],"wp:attachment":[{"href":"https:\/\/www.momengames.com\/index.php\/wp-json\/wp\/v2\/media?parent=23469"}],"wp:term":[{"taxonomy":"product_brand","embeddable":true,"href":"https:\/\/www.momengames.com\/index.php\/wp-json\/wp\/v2\/product_brand?post=23469"},{"taxonomy":"product_cat","embeddable":true,"href":"https:\/\/www.momengames.com\/index.php\/wp-json\/wp\/v2\/product_cat?post=23469"},{"taxonomy":"product_tag","embeddable":true,"href":"https:\/\/www.momengames.com\/index.php\/wp-json\/wp\/v2\/product_tag?post=23469"}],"curies":[{"name":"wp","href":"https:\/\/api.w.org\/{rel}","templated":true}]}}