{"id":23466,"date":"2024-05-29T15:28:59","date_gmt":"2024-05-29T15:28:59","guid":{"rendered":"https:\/\/www.momengames.com\/index.php\/product\/souris-de-jeu-sans-fil-razer-basilisk-ultimate-capteur-optique-20-000-dpi-11-boutons-programmables-batterie-100-heures-noir-classique\/"},"modified":"2024-05-29T15:28:59","modified_gmt":"2024-05-29T15:28:59","slug":"souris-de-jeu-sans-fil-razer-basilisk-ultimate-capteur-optique-20-000-dpi-11-boutons-programmables-batterie-100-heures-noir-classique","status":"publish","type":"product","link":"https:\/\/www.momengames.com\/index.php\/product\/souris-de-jeu-sans-fil-razer-basilisk-ultimate-capteur-optique-20-000-dpi-11-boutons-programmables-batterie-100-heures-noir-classique\/?lang=fr","title":{"rendered":"Souris de jeu sans fil Razer Basilisk Ultimate : capteur optique 20 000 DPI &#8211; 11 boutons programmables &#8211; Batterie 100 heures &#8211; Noir classique"},"content":{"rendered":"<p>25 % plus rapides que les souris sans fil concurrentes\u00a0: la technologie sans fil Razer HyperSpeed \u200b\u200ballie une latence extr\u00eamement faible et une r\u00e9duction des interf\u00e9rences pour une v\u00e9ritable libert\u00e9 sans fil<br \/>\n3 fois plus rapides que les commutateurs m\u00e9caniques traditionnels\u00a0: les commutateurs de souris optiques Razer utilisent un actionnement bas\u00e9 sur un faisceau lumineux, enregistrant les pressions sur les boutons \u00e0 la vitesse de la lumi\u00e8re.<br \/>\n\u00c9clairage chroma personnalisable et station de chargement de souris RVB inclus\u00a0: comprend 16,8 millions de combinaisons de couleurs avec profils pr\u00e9d\u00e9finis inclus\u00a0; offre 5 heures de lecture sans fil dans les 10 minutes suivant la charge<br \/>\n11 boutons programmables\u00a0: permet la reconfiguration et l&#8217;attribution de fonctions macro complexes via Razer Synapse 3<br \/>\nJusqu&#8217;\u00e0 100 heures d&#8217;autonomie de la batterie\u00a0: un tout nouveau capteur hyper efficace et une technologie sans fil permettent de jouer longtemps<\/p>\n","protected":false},"excerpt":{"rendered":"<p>25 % plus rapides que les souris sans fil concurrentes\u00a0: la technologie sans fil Razer HyperSpeed \u200b\u200ballie une latence extr\u00eamement faible et une r\u00e9duction des interf\u00e9rences pour une v\u00e9ritable libert\u00e9 sans fil<br \/>\n3 fois plus rapides que les commutateurs m\u00e9caniques traditionnels\u00a0: les commutateurs de souris optiques Razer utilisent un actionnement bas\u00e9 sur un faisceau lumineux, enregistrant les pressions sur les boutons \u00e0 la vitesse de la lumi\u00e8re.<br \/>\n\u00c9clairage chroma personnalisable et station de chargement de souris RVB inclus\u00a0: comprend 16,8 millions de combinaisons de couleurs avec profils pr\u00e9d\u00e9finis inclus\u00a0; offre 5 heures de lecture sans fil dans les 10 minutes suivant la charge<br \/>\n11 boutons programmables\u00a0: permet la reconfiguration et l&#8217;attribution de fonctions macro complexes via Razer Synapse 3<br \/>\nJusqu&#8217;\u00e0 100 heures d&#8217;autonomie de la batterie\u00a0: un tout nouveau capteur hyper efficace et une technologie sans fil permettent de jouer longtemps<\/p>\n","protected":false},"featured_media":23467,"comment_status":"open","ping_status":"closed","template":"","meta":{"iawp_total_views":16},"product_brand":[],"product_cat":[40],"product_tag":[],"class_list":{"0":"post-23466","1":"product","2":"type-product","3":"status-publish","4":"has-post-thumbnail","6":"product_cat-pc-gamepads-standard-controllers-fr","8":"first","9":"instock","10":"sale","11":"taxable","12":"shipping-taxable","13":"purchasable","14":"product-type-simple"},"jetpack_sharing_enabled":true,"_links":{"self":[{"href":"https:\/\/www.momengames.com\/index.php\/wp-json\/wp\/v2\/product\/23466","targetHints":{"allow":["GET"]}}],"collection":[{"href":"https:\/\/www.momengames.com\/index.php\/wp-json\/wp\/v2\/product"}],"about":[{"href":"https:\/\/www.momengames.com\/index.php\/wp-json\/wp\/v2\/types\/product"}],"replies":[{"embeddable":true,"href":"https:\/\/www.momengames.com\/index.php\/wp-json\/wp\/v2\/comments?post=23466"}],"wp:featuredmedia":[{"embeddable":true,"href":"https:\/\/www.momengames.com\/index.php\/wp-json\/wp\/v2\/media\/23467"}],"wp:attachment":[{"href":"https:\/\/www.momengames.com\/index.php\/wp-json\/wp\/v2\/media?parent=23466"}],"wp:term":[{"taxonomy":"product_brand","embeddable":true,"href":"https:\/\/www.momengames.com\/index.php\/wp-json\/wp\/v2\/product_brand?post=23466"},{"taxonomy":"product_cat","embeddable":true,"href":"https:\/\/www.momengames.com\/index.php\/wp-json\/wp\/v2\/product_cat?post=23466"},{"taxonomy":"product_tag","embeddable":true,"href":"https:\/\/www.momengames.com\/index.php\/wp-json\/wp\/v2\/product_tag?post=23466"}],"curies":[{"name":"wp","href":"https:\/\/api.w.org\/{rel}","templated":true}]}}