{"id":23460,"date":"2024-05-29T15:12:13","date_gmt":"2024-05-29T15:12:13","guid":{"rendered":"https:\/\/www.momengames.com\/index.php\/product\/clavier-de-jeu-razer-tartarus-v2-commutateurs-a-touches-meca-membrane-clavier-a-une-main-32-touches-programmables-eclairage-chroma-rgb-personnalisable-macros-programmables-noir-classique\/"},"modified":"2025-02-22T08:54:53","modified_gmt":"2025-02-22T08:54:53","slug":"clavier-de-jeu-razer-tartarus-v2-commutateurs-a-touches-meca-membrane-clavier-a-une-main-32-touches-programmables-eclairage-chroma-rgb-personnalisable-macros-programmables-noir-classique","status":"publish","type":"product","link":"https:\/\/www.momengames.com\/index.php\/product\/clavier-de-jeu-razer-tartarus-v2-commutateurs-a-touches-meca-membrane-clavier-a-une-main-32-touches-programmables-eclairage-chroma-rgb-personnalisable-macros-programmables-noir-classique\/?lang=fr","title":{"rendered":"Clavier de jeu Razer Tartarus V2 : commutateurs \u00e0 touches m\u00e9ca-membrane &#8211; clavier \u00e0 une main &#8211; 32 touches programmables &#8211; \u00e9clairage Chroma RGB personnalisable &#8211; Macros programmables &#8211; Noir classique"},"content":{"rendered":"<p>Commutateurs m\u00e9ca-membrane hautes performances\u00a0: fournissent le retour tactile de la pression d&#8217;une touche m\u00e9canique sur un interrupteur \u00e0 d\u00f4me en caoutchouc \u00e0 membrane confortable et \u00e0 rembourrage doux, adapt\u00e9 aux jeux. Fonctionnalit\u00e9 analogique\u00a0:\u00a0non<br \/>\n32 touches m\u00e9ca-membrane pour plus de raccourcis clavier et d&#8217;actions\u00a0: parfait pour les jeux ou l&#8217;int\u00e9gration dans des flux de travail cr\u00e9atifs avec des touches enti\u00e8rement programmables<br \/>\nPav\u00e9 pour des contr\u00f4les de mouvement am\u00e9lior\u00e9s\u00a0: Le pav\u00e9 pour pouce directionnel \u00e0 8 directions permet des commandes plus naturelles pour les joueurs orient\u00e9s console et une exp\u00e9rience plus ergonomique<br \/>\nMacros enti\u00e8rement programmables\u00a0: Razer Hypershift permet de remapper toutes les touches et combinaisons de touches pour ex\u00e9cuter des commandes complexes<br \/>\nImmersion ultime en mati\u00e8re de personnalisation et de jeu avec Razer Chroma\u00a0: se synchronise enti\u00e8rement avec les jeux populaires, le mat\u00e9riel Razer, Philips Hue et les \u00e9quipements de plus de 30 partenaires\u00a0; prend en charge 16 \u00e0 8 millions de couleurs sur des touches r\u00e9tro\u00e9clair\u00e9es individuellement<\/p>\n","protected":false},"excerpt":{"rendered":"<p>Commutateurs m\u00e9ca-membrane hautes performances\u00a0: fournissent le retour tactile de la pression d&#8217;une touche m\u00e9canique sur un interrupteur \u00e0 d\u00f4me en caoutchouc \u00e0 membrane confortable et \u00e0 rembourrage doux, adapt\u00e9 aux jeux. Fonctionnalit\u00e9 analogique\u00a0:\u00a0non<br \/>\n32 touches m\u00e9ca-membrane pour plus de raccourcis clavier et d&#8217;actions\u00a0: parfait pour les jeux ou l&#8217;int\u00e9gration dans des flux de travail cr\u00e9atifs avec des touches enti\u00e8rement programmables<br \/>\nPav\u00e9 pour des contr\u00f4les de mouvement am\u00e9lior\u00e9s\u00a0: Le pav\u00e9 pour pouce directionnel \u00e0 8 directions permet des commandes plus naturelles pour les joueurs orient\u00e9s console et une exp\u00e9rience plus ergonomique<br \/>\nMacros enti\u00e8rement programmables\u00a0: Razer Hypershift permet de remapper toutes les touches et combinaisons de touches pour ex\u00e9cuter des commandes complexes<br \/>\nImmersion ultime en mati\u00e8re de personnalisation et de jeu avec Razer Chroma\u00a0: se synchronise enti\u00e8rement avec les jeux populaires, le mat\u00e9riel Razer, Philips Hue et les \u00e9quipements de plus de 30 partenaires\u00a0; prend en charge 16 \u00e0 8 millions de couleurs sur des touches r\u00e9tro\u00e9clair\u00e9es individuellement<\/p>\n","protected":false},"featured_media":23461,"comment_status":"open","ping_status":"closed","template":"","meta":{"iawp_total_views":910},"product_brand":[],"product_cat":[40],"product_tag":[],"class_list":{"0":"post-23460","1":"product","2":"type-product","3":"status-publish","4":"has-post-thumbnail","6":"product_cat-pc-gamepads-standard-controllers-fr","8":"first","9":"instock","10":"sale","11":"taxable","12":"shipping-taxable","13":"purchasable","14":"product-type-simple"},"jetpack_sharing_enabled":true,"_links":{"self":[{"href":"https:\/\/www.momengames.com\/index.php\/wp-json\/wp\/v2\/product\/23460","targetHints":{"allow":["GET"]}}],"collection":[{"href":"https:\/\/www.momengames.com\/index.php\/wp-json\/wp\/v2\/product"}],"about":[{"href":"https:\/\/www.momengames.com\/index.php\/wp-json\/wp\/v2\/types\/product"}],"replies":[{"embeddable":true,"href":"https:\/\/www.momengames.com\/index.php\/wp-json\/wp\/v2\/comments?post=23460"}],"wp:featuredmedia":[{"embeddable":true,"href":"https:\/\/www.momengames.com\/index.php\/wp-json\/wp\/v2\/media\/23461"}],"wp:attachment":[{"href":"https:\/\/www.momengames.com\/index.php\/wp-json\/wp\/v2\/media?parent=23460"}],"wp:term":[{"taxonomy":"product_brand","embeddable":true,"href":"https:\/\/www.momengames.com\/index.php\/wp-json\/wp\/v2\/product_brand?post=23460"},{"taxonomy":"product_cat","embeddable":true,"href":"https:\/\/www.momengames.com\/index.php\/wp-json\/wp\/v2\/product_cat?post=23460"},{"taxonomy":"product_tag","embeddable":true,"href":"https:\/\/www.momengames.com\/index.php\/wp-json\/wp\/v2\/product_tag?post=23460"}],"curies":[{"name":"wp","href":"https:\/\/api.w.org\/{rel}","templated":true}]}}