{"id":23453,"date":"2021-08-22T02:03:52","date_gmt":"2021-08-22T02:03:52","guid":{"rendered":"https:\/\/www.momengames.com\/index.php\/product\/jumelles-10-x-50-pour-adultes-jumelles-professionnelles-haute-definition-a-grand-champ-de-vision-pour-lobservation-des-oiseaux-la-chasse-lobservation-de-la-faune-les-sports-de-plein-air\/"},"modified":"2021-08-22T02:03:52","modified_gmt":"2021-08-22T02:03:52","slug":"jumelles-10-x-50-pour-adultes-jumelles-professionnelles-haute-definition-a-grand-champ-de-vision-pour-lobservation-des-oiseaux-la-chasse-lobservation-de-la-faune-les-sports-de-plein-air","status":"publish","type":"product","link":"https:\/\/www.momengames.com\/index.php\/product\/jumelles-10-x-50-pour-adultes-jumelles-professionnelles-haute-definition-a-grand-champ-de-vision-pour-lobservation-des-oiseaux-la-chasse-lobservation-de-la-faune-les-sports-de-plein-air\/?lang=fr","title":{"rendered":"Jumelles 10 x 50 pour adultes \u2013 Jumelles professionnelles haute d\u00e9finition \u00e0 grand champ de vision pour l&#8217;observation des oiseaux, la chasse, l&#8217;observation de la faune, les sports de plein air, les jeux et les concerts"},"content":{"rendered":"<p>\u3010Pas de double image, d&#8217;oscillation ou de champ de vision peu clair\u3011 : les jumelles 10 \u00d7 50 disposent d&#8217;un grossissement 10x et d&#8217;une optique \u00e0 prisme BAK4 cr\u00e9ant une clart\u00e9 et une luminosit\u00e9 sup\u00e9rieures. L&#8217;oculaire de 22 mm et l&#8217;objectif de 50 mm offrent \u00e9galement un champ de vision plus large de 1 000 m\u00e8tres. Il n&#8217;y a pas de double image ni de secousses violentes lors de la visualisation d&#8217;objets en mouvement. De plus, notre \u00e9quipe commerciale teste personnellement chaque t\u00e9lescope pour garantir que nous vous fournissons une qualit\u00e9 fiable !<br \/>\n\u3010Optique professionnelle\u3011 : l&#8217;optique asph\u00e9rique \u00e0 rev\u00eatement multicouche et le syst\u00e8me de prisme professionnel BAK4 fournissent 99,8 % de transmission de la lumi\u00e8re au t\u00e9lescope, garantissant une couleur d&#8217;image de qualit\u00e9 et une luminosit\u00e9 suffisante pendant l&#8217;observation. Il peut \u00eatre utilis\u00e9 la nuit, mais pas dans l&#8217;obscurit\u00e9 totale. Id\u00e9al pour les concerts, l&#8217;op\u00e9ra, les visites touristiques et l&#8217;observation de l&#8217;astronomie.<br \/>\nConstruction robuste et poign\u00e9e antid\u00e9rapante : construction robuste, armure en caoutchouc inodore avec poign\u00e9e r\u00e9sistante aux chocs et antid\u00e9rapante le rend non seulement plus durable, mais \u00e9galement r\u00e9sistant \u00e0 l&#8217;humidit\u00e9 pour garantir une excellente exp\u00e9rience dans les activit\u00e9s de plein air, vous permettant de mieux participer \u00e0 l&#8217;escalade, \u00e0 la randonn\u00e9e, aux voyages, \u00e0 l&#8217;observation de la faune et des paysages.<br \/>\n\u3010Facile \u00e0 utiliser\u3011 : les jumelles ont un bouton de mise au point large et lisse qui facilite la mise au point pour accueillir les adultes et les enfants. Concentrez-vous facilement sur la cible gr\u00e2ce \u00e0 la molette de r\u00e9glage centrale pr\u00e9cise. Lors de la premi\u00e8re utilisation, le syst\u00e8me dioptrique peut ajuster le d\u00e9s\u00e9quilibre de la vision des deux yeux et vous permettre de voir une image plus parfaite.<br \/>\n\u3010Service de qualit\u00e9\u3011 : les jumelles sont fabriqu\u00e9es \u00e0 partir de mat\u00e9riaux de haute qualit\u00e9, l&#8217;ensemble complet d&#8217;accessoires du produit, y compris des jumelles, un \u00e9tui de transport, un chiffon d&#8217;essuyage, un manuel, une dragonne et un capuchon d&#8217;objectif. Si vous n&#8217;\u00eates pas satisfait du produit ou si vous avez des questions ou avez besoin d&#8217;aide, n&#8217;h\u00e9sitez pas \u00e0 nous contacter, nous vous promettons que vous obtiendrez une r\u00e9ponse satisfaisante dans les 24 heures.<\/p>\n","protected":false},"excerpt":{"rendered":"<p>\u3010Pas de double image, d&#8217;oscillation ou de champ de vision peu clair\u3011 : les jumelles 10 \u00d7 50 disposent d&#8217;un grossissement 10x et d&#8217;une optique \u00e0 prisme BAK4 cr\u00e9ant une clart\u00e9 et une luminosit\u00e9 sup\u00e9rieures. L&#8217;oculaire de 22 mm et l&#8217;objectif de 50 mm offrent \u00e9galement un champ de vision plus large de 1 000 m\u00e8tres. Il n&#8217;y a pas de double image ni de secousses violentes lors de la visualisation d&#8217;objets en mouvement. De plus, notre \u00e9quipe commerciale teste personnellement chaque t\u00e9lescope pour garantir que nous vous fournissons une qualit\u00e9 fiable !<br \/>\n\u3010Optique professionnelle\u3011 : l&#8217;optique asph\u00e9rique \u00e0 rev\u00eatement multicouche et le syst\u00e8me de prisme professionnel BAK4 fournissent 99,8 % de transmission de la lumi\u00e8re au t\u00e9lescope, garantissant une couleur d&#8217;image de qualit\u00e9 et une luminosit\u00e9 suffisante pendant l&#8217;observation. Il peut \u00eatre utilis\u00e9 la nuit, mais pas dans l&#8217;obscurit\u00e9 totale. Id\u00e9al pour les concerts, l&#8217;op\u00e9ra, les visites touristiques et l&#8217;observation de l&#8217;astronomie.<br \/>\nConstruction robuste et poign\u00e9e antid\u00e9rapante : construction robuste, armure en caoutchouc inodore avec poign\u00e9e r\u00e9sistante aux chocs et antid\u00e9rapante le rend non seulement plus durable, mais \u00e9galement r\u00e9sistant \u00e0 l&#8217;humidit\u00e9 pour garantir une excellente exp\u00e9rience dans les activit\u00e9s de plein air, vous permettant de mieux participer \u00e0 l&#8217;escalade, \u00e0 la randonn\u00e9e, aux voyages, \u00e0 l&#8217;observation de la faune et des paysages.<br \/>\n\u3010Facile \u00e0 utiliser\u3011 : les jumelles ont un bouton de mise au point large et lisse qui facilite la mise au point pour accueillir les adultes et les enfants. Concentrez-vous facilement sur la cible gr\u00e2ce \u00e0 la molette de r\u00e9glage centrale pr\u00e9cise. Lors de la premi\u00e8re utilisation, le syst\u00e8me dioptrique peut ajuster le d\u00e9s\u00e9quilibre de la vision des deux yeux et vous permettre de voir une image plus parfaite.<br \/>\n\u3010Service de qualit\u00e9\u3011 : les jumelles sont fabriqu\u00e9es \u00e0 partir de mat\u00e9riaux de haute qualit\u00e9, l&#8217;ensemble complet d&#8217;accessoires du produit, y compris des jumelles, un \u00e9tui de transport, un chiffon d&#8217;essuyage, un manuel, une dragonne et un capuchon d&#8217;objectif. Si vous n&#8217;\u00eates pas satisfait du produit ou si vous avez des questions ou avez besoin d&#8217;aide, n&#8217;h\u00e9sitez pas \u00e0 nous contacter, nous vous promettons que vous obtiendrez une r\u00e9ponse satisfaisante dans les 24 heures.<\/p>\n","protected":false},"featured_media":23454,"comment_status":"open","ping_status":"closed","template":"","meta":{"iawp_total_views":177},"product_brand":[],"product_cat":[39],"product_tag":[],"class_list":{"0":"post-23453","1":"product","2":"type-product","3":"status-publish","4":"has-post-thumbnail","6":"product_cat-electronics-accessories-fr","8":"first","9":"instock","10":"taxable","11":"shipping-taxable","12":"purchasable","13":"product-type-simple"},"jetpack_sharing_enabled":true,"_links":{"self":[{"href":"https:\/\/www.momengames.com\/index.php\/wp-json\/wp\/v2\/product\/23453","targetHints":{"allow":["GET"]}}],"collection":[{"href":"https:\/\/www.momengames.com\/index.php\/wp-json\/wp\/v2\/product"}],"about":[{"href":"https:\/\/www.momengames.com\/index.php\/wp-json\/wp\/v2\/types\/product"}],"replies":[{"embeddable":true,"href":"https:\/\/www.momengames.com\/index.php\/wp-json\/wp\/v2\/comments?post=23453"}],"wp:featuredmedia":[{"embeddable":true,"href":"https:\/\/www.momengames.com\/index.php\/wp-json\/wp\/v2\/media\/23454"}],"wp:attachment":[{"href":"https:\/\/www.momengames.com\/index.php\/wp-json\/wp\/v2\/media?parent=23453"}],"wp:term":[{"taxonomy":"product_brand","embeddable":true,"href":"https:\/\/www.momengames.com\/index.php\/wp-json\/wp\/v2\/product_brand?post=23453"},{"taxonomy":"product_cat","embeddable":true,"href":"https:\/\/www.momengames.com\/index.php\/wp-json\/wp\/v2\/product_cat?post=23453"},{"taxonomy":"product_tag","embeddable":true,"href":"https:\/\/www.momengames.com\/index.php\/wp-json\/wp\/v2\/product_tag?post=23453"}],"curies":[{"name":"wp","href":"https:\/\/api.w.org\/{rel}","templated":true}]}}