{"id":23451,"date":"2021-08-22T01:59:45","date_gmt":"2021-08-22T01:59:45","guid":{"rendered":"https:\/\/www.momengames.com\/index.php\/product\/12x25-petites-jumelles-de-poche-compactes-pour-adultes-mini-jumelles-pour-enfants-garcons-pour-lobservation-des-oiseaux-theatre-de-concert-opera-3216577827\/"},"modified":"2021-08-22T01:59:45","modified_gmt":"2021-08-22T01:59:45","slug":"12x25-petites-jumelles-de-poche-compactes-pour-adultes-mini-jumelles-pour-enfants-garcons-pour-lobservation-des-oiseaux-theatre-de-concert-opera-3216577827","status":"publish","type":"product","link":"https:\/\/www.momengames.com\/index.php\/product\/12x25-petites-jumelles-de-poche-compactes-pour-adultes-mini-jumelles-pour-enfants-garcons-pour-lobservation-des-oiseaux-theatre-de-concert-opera-3216577827\/?lang=fr","title":{"rendered":"12X25 petites jumelles de poche compactes pour adultes, mini jumelles pour enfants gar\u00e7ons pour l&#8217;observation des oiseaux, th\u00e9\u00e2tre de concert op\u00e9ra 3216577827"},"content":{"rendered":"<p>Petites jumelles l\u00e9g\u00e8res : vous pouvez les jeter dans votre sac \u00e0 dos chaque jour sans h\u00e9sitation. Les mini jumelles de poche valent totalement le petit poids qu\u2019elles ajoutent \u00e0 votre sac.<br \/>\nJumelles compactes Vision claire : jumelles optiques 12&#215;25 avec un grossissement 12X et un diam\u00e8tre de lentille d&#8217;objectif de 25 mm. De plus, avec le grand champ de vision de 126 pieds\/1 000 m\u00e8tres, vous pouvez voir tout le champ visuel pour capturer facilement des objets.<br \/>\nMise au point facile : il suffit de r\u00e9gler \u00e0 l&#8217;aide du \u00ab bouton de mise au point centrale \u00bb et de la lentille de l&#8217;\u0153il droit. Les jumelles pliantes conviennent aussi bien aux jumelles adultes qu&#8217;aux enfants.<br \/>\nJumelles compactes avec prisme BAK4 qui peuvent refl\u00e9ter la lumi\u00e8re \u00e0 100 % pour garder une bonne image (sans oublier d&#8217;ajuster les boutons pour s&#8217;adapter \u00e0 diff\u00e9rentes distances de vue), fabriqu\u00e9es en corps Mg et polies \u00e0 la main.<br \/>\nApplication : parfait pour les adultes, les enfants, les concerts, le th\u00e9\u00e2tre, l&#8217;op\u00e9ra, les pi\u00e8ces de th\u00e9\u00e2tre, les spectacles, les voyages, la randonn\u00e9e, le camping, les \u00e9v\u00e9nements sportifs, l&#8217;observation des oiseaux, etc. Les jumelles sont livr\u00e9es avec leur propre tour de cou, un chiffon de nettoyage et un sac de transport.<\/p>\n","protected":false},"excerpt":{"rendered":"<p>Petites jumelles l\u00e9g\u00e8res : vous pouvez les jeter dans votre sac \u00e0 dos chaque jour sans h\u00e9sitation. Les mini jumelles de poche valent totalement le petit poids qu\u2019elles ajoutent \u00e0 votre sac.<br \/>\nJumelles compactes Vision claire : jumelles optiques 12&#215;25 avec un grossissement 12X et un diam\u00e8tre de lentille d&#8217;objectif de 25 mm. De plus, avec le grand champ de vision de 126 pieds\/1 000 m\u00e8tres, vous pouvez voir tout le champ visuel pour capturer facilement des objets.<br \/>\nMise au point facile : il suffit de r\u00e9gler \u00e0 l&#8217;aide du \u00ab bouton de mise au point centrale \u00bb et de la lentille de l&#8217;\u0153il droit. Les jumelles pliantes conviennent aussi bien aux jumelles adultes qu&#8217;aux enfants.<br \/>\nJumelles compactes avec prisme BAK4 qui peuvent refl\u00e9ter la lumi\u00e8re \u00e0 100 % pour garder une bonne image (sans oublier d&#8217;ajuster les boutons pour s&#8217;adapter \u00e0 diff\u00e9rentes distances de vue), fabriqu\u00e9es en corps Mg et polies \u00e0 la main.<br \/>\nApplication : parfait pour les adultes, les enfants, les concerts, le th\u00e9\u00e2tre, l&#8217;op\u00e9ra, les pi\u00e8ces de th\u00e9\u00e2tre, les spectacles, les voyages, la randonn\u00e9e, le camping, les \u00e9v\u00e9nements sportifs, l&#8217;observation des oiseaux, etc. Les jumelles sont livr\u00e9es avec leur propre tour de cou, un chiffon de nettoyage et un sac de transport.<\/p>\n","protected":false},"featured_media":23452,"comment_status":"open","ping_status":"closed","template":"","meta":{"iawp_total_views":19},"product_brand":[],"product_cat":[39],"product_tag":[],"class_list":{"0":"post-23451","1":"product","2":"type-product","3":"status-publish","4":"has-post-thumbnail","6":"product_cat-electronics-accessories-fr","8":"first","9":"instock","10":"taxable","11":"shipping-taxable","12":"purchasable","13":"product-type-simple"},"jetpack_sharing_enabled":true,"_links":{"self":[{"href":"https:\/\/www.momengames.com\/index.php\/wp-json\/wp\/v2\/product\/23451","targetHints":{"allow":["GET"]}}],"collection":[{"href":"https:\/\/www.momengames.com\/index.php\/wp-json\/wp\/v2\/product"}],"about":[{"href":"https:\/\/www.momengames.com\/index.php\/wp-json\/wp\/v2\/types\/product"}],"replies":[{"embeddable":true,"href":"https:\/\/www.momengames.com\/index.php\/wp-json\/wp\/v2\/comments?post=23451"}],"wp:featuredmedia":[{"embeddable":true,"href":"https:\/\/www.momengames.com\/index.php\/wp-json\/wp\/v2\/media\/23452"}],"wp:attachment":[{"href":"https:\/\/www.momengames.com\/index.php\/wp-json\/wp\/v2\/media?parent=23451"}],"wp:term":[{"taxonomy":"product_brand","embeddable":true,"href":"https:\/\/www.momengames.com\/index.php\/wp-json\/wp\/v2\/product_brand?post=23451"},{"taxonomy":"product_cat","embeddable":true,"href":"https:\/\/www.momengames.com\/index.php\/wp-json\/wp\/v2\/product_cat?post=23451"},{"taxonomy":"product_tag","embeddable":true,"href":"https:\/\/www.momengames.com\/index.php\/wp-json\/wp\/v2\/product_tag?post=23451"}],"curies":[{"name":"wp","href":"https:\/\/api.w.org\/{rel}","templated":true}]}}