{"id":23447,"date":"2021-08-22T01:42:22","date_gmt":"2021-08-22T01:42:22","guid":{"rendered":"https:\/\/www.momengames.com\/index.php\/product\/jumelles-12-x-50-pour-adultes-jumelles-etanches-jumelles-puissantes-avec-lentille-fmc-a-prisme-bak-4-claire-et-durable-pour-lobservation-des-oiseaux-les-voyages-la-chasse-les-concerts\/"},"modified":"2021-08-22T01:42:22","modified_gmt":"2021-08-22T01:42:22","slug":"jumelles-12-x-50-pour-adultes-jumelles-etanches-jumelles-puissantes-avec-lentille-fmc-a-prisme-bak-4-claire-et-durable-pour-lobservation-des-oiseaux-les-voyages-la-chasse-les-concerts","status":"publish","type":"product","link":"https:\/\/www.momengames.com\/index.php\/product\/jumelles-12-x-50-pour-adultes-jumelles-etanches-jumelles-puissantes-avec-lentille-fmc-a-prisme-bak-4-claire-et-durable-pour-lobservation-des-oiseaux-les-voyages-la-chasse-les-concerts\/?lang=fr","title":{"rendered":"Jumelles 12 x 50 pour adultes, jumelles \u00e9tanches \u2013 Jumelles puissantes avec lentille FMC \u00e0 prisme BAK-4 claire et durable pour l&#8217;observation des oiseaux, les voyages, la chasse, les concerts, le football"},"content":{"rendered":"<p>Jumelles professionnelles puissantes : con\u00e7ues avec un grossissement de puissance 12X, un grand objectif de 50 mm et un grand champ de vision de 114\/1000 m, id\u00e9ales pour les sujets en mouvement rapide, sont id\u00e9ales pour l&#8217;observation des oiseaux, la chasse, la conduite et les \u00e9v\u00e9nements sportifs.<br \/>\nVision de la lumi\u00e8re faible : la conception des lentilles asph\u00e9riques et le rev\u00eatement multicouche garantissent une excellente transmission de la lumi\u00e8re et am\u00e9liorent bien la luminosit\u00e9, le contraste et la qualit\u00e9 de l&#8217;image. Il peut \u00eatre utilis\u00e9 la nuit, mais pas dans l&#8217;obscurit\u00e9 totale. Convient pour les concerts, l&#8217;op\u00e9ra, les visites touristiques et l&#8217;observation astronomique.<br \/>\nOptique HD sup\u00e9rieure : lentille d&#8217;objectif \u00e0 film vert de 50 mm enti\u00e8rement multicouche et oculaire \u00e0 film bleu de 18 mm, grand prisme intelligent BAK-4, garantit les \u00e9l\u00e9ments cl\u00e9s d&#8217;un appareil optique, rend votre vue plus lumineuse, plus claire et fournit des images nettes.<br \/>\nPoign\u00e9e durable, solide et antid\u00e9rapante : structure durable avec armure en caoutchouc inodore pour une r\u00e9sistance aux chocs et une prise antid\u00e9rapante, ce qui la rend non seulement plus r\u00e9sistante \u00e0 l&#8217;usure et \u00e0 l&#8217;humidit\u00e9, mais \u00e9galement parfaite pour les activit\u00e9s de plein air telles que l&#8217;escalade, la randonn\u00e9e, les voyages, l&#8217;observation de la faune et des paysages.<br \/>\nFacile \u00e0 mettre au point : le rev\u00eatement optique correcteur est bon pour la fid\u00e9lit\u00e9 des couleurs et minimise la distorsion. Syst\u00e8me dioptrique ajustant le d\u00e9s\u00e9quilibre de la vision des deux yeux. Le bouton de mise au point central lisse et large le rend simple \u00e0 utiliser et facile \u00e0 mettre au point.<\/p>\n","protected":false},"excerpt":{"rendered":"<p>Jumelles professionnelles puissantes : con\u00e7ues avec un grossissement de puissance 12X, un grand objectif de 50 mm et un grand champ de vision de 114\/1000 m, id\u00e9ales pour les sujets en mouvement rapide, sont id\u00e9ales pour l&#8217;observation des oiseaux, la chasse, la conduite et les \u00e9v\u00e9nements sportifs.<br \/>\nVision de la lumi\u00e8re faible : la conception des lentilles asph\u00e9riques et le rev\u00eatement multicouche garantissent une excellente transmission de la lumi\u00e8re et am\u00e9liorent bien la luminosit\u00e9, le contraste et la qualit\u00e9 de l&#8217;image. Il peut \u00eatre utilis\u00e9 la nuit, mais pas dans l&#8217;obscurit\u00e9 totale. Convient pour les concerts, l&#8217;op\u00e9ra, les visites touristiques et l&#8217;observation astronomique.<br \/>\nOptique HD sup\u00e9rieure : lentille d&#8217;objectif \u00e0 film vert de 50 mm enti\u00e8rement multicouche et oculaire \u00e0 film bleu de 18 mm, grand prisme intelligent BAK-4, garantit les \u00e9l\u00e9ments cl\u00e9s d&#8217;un appareil optique, rend votre vue plus lumineuse, plus claire et fournit des images nettes.<br \/>\nPoign\u00e9e durable, solide et antid\u00e9rapante : structure durable avec armure en caoutchouc inodore pour une r\u00e9sistance aux chocs et une prise antid\u00e9rapante, ce qui la rend non seulement plus r\u00e9sistante \u00e0 l&#8217;usure et \u00e0 l&#8217;humidit\u00e9, mais \u00e9galement parfaite pour les activit\u00e9s de plein air telles que l&#8217;escalade, la randonn\u00e9e, les voyages, l&#8217;observation de la faune et des paysages.<br \/>\nFacile \u00e0 mettre au point : le rev\u00eatement optique correcteur est bon pour la fid\u00e9lit\u00e9 des couleurs et minimise la distorsion. Syst\u00e8me dioptrique ajustant le d\u00e9s\u00e9quilibre de la vision des deux yeux. Le bouton de mise au point central lisse et large le rend simple \u00e0 utiliser et facile \u00e0 mettre au point.<\/p>\n","protected":false},"featured_media":23448,"comment_status":"open","ping_status":"closed","template":"","meta":{"iawp_total_views":44},"product_brand":[],"product_cat":[39],"product_tag":[],"class_list":{"0":"post-23447","1":"product","2":"type-product","3":"status-publish","4":"has-post-thumbnail","6":"product_cat-electronics-accessories-fr","8":"first","9":"instock","10":"taxable","11":"shipping-taxable","12":"purchasable","13":"product-type-simple"},"jetpack_sharing_enabled":true,"_links":{"self":[{"href":"https:\/\/www.momengames.com\/index.php\/wp-json\/wp\/v2\/product\/23447","targetHints":{"allow":["GET"]}}],"collection":[{"href":"https:\/\/www.momengames.com\/index.php\/wp-json\/wp\/v2\/product"}],"about":[{"href":"https:\/\/www.momengames.com\/index.php\/wp-json\/wp\/v2\/types\/product"}],"replies":[{"embeddable":true,"href":"https:\/\/www.momengames.com\/index.php\/wp-json\/wp\/v2\/comments?post=23447"}],"wp:featuredmedia":[{"embeddable":true,"href":"https:\/\/www.momengames.com\/index.php\/wp-json\/wp\/v2\/media\/23448"}],"wp:attachment":[{"href":"https:\/\/www.momengames.com\/index.php\/wp-json\/wp\/v2\/media?parent=23447"}],"wp:term":[{"taxonomy":"product_brand","embeddable":true,"href":"https:\/\/www.momengames.com\/index.php\/wp-json\/wp\/v2\/product_brand?post=23447"},{"taxonomy":"product_cat","embeddable":true,"href":"https:\/\/www.momengames.com\/index.php\/wp-json\/wp\/v2\/product_cat?post=23447"},{"taxonomy":"product_tag","embeddable":true,"href":"https:\/\/www.momengames.com\/index.php\/wp-json\/wp\/v2\/product_tag?post=23447"}],"curies":[{"name":"wp","href":"https:\/\/api.w.org\/{rel}","templated":true}]}}