{"id":23445,"date":"2021-08-21T15:28:52","date_gmt":"2021-08-21T15:28:52","guid":{"rendered":"https:\/\/www.momengames.com\/index.php\/product\/jumelles-compactes-12-x-25-avec-vision-claire-par-faible-luminosite-jumelles-etanches-a-grand-oculaire-pour-adultes-et-enfants-jumelles-haute-puissance-a-mise-au-point-facile-pour-lobservation-des\/"},"modified":"2021-08-21T15:28:52","modified_gmt":"2021-08-21T15:28:52","slug":"jumelles-compactes-12-x-25-avec-vision-claire-par-faible-luminosite-jumelles-etanches-a-grand-oculaire-pour-adultes-et-enfants-jumelles-haute-puissance-a-mise-au-point-facile-pour-lobservation-des","status":"publish","type":"product","link":"https:\/\/www.momengames.com\/index.php\/product\/jumelles-compactes-12-x-25-avec-vision-claire-par-faible-luminosite-jumelles-etanches-a-grand-oculaire-pour-adultes-et-enfants-jumelles-haute-puissance-a-mise-au-point-facile-pour-lobservation-des\/?lang=fr","title":{"rendered":"Jumelles compactes 12 x 25 avec vision claire par faible luminosit\u00e9, jumelles \u00e9tanches \u00e0 grand oculaire pour adultes et enfants, jumelles haute puissance \u00e0 mise au point facile pour l&#8217;observation des oiseaux, la chasse en plein air, les voyages, le tourisme"},"content":{"rendered":"<p>Caract\u00e9ristique : une v\u00e9ritable reproduction des couleurs, aucune distorsion des couleurs sous une lentille multicouche. Ces jumelles peuvent \u00eatre utilis\u00e9es pour la vision nocturne avec un peu de lumi\u00e8re mais pas pour une nuit compl\u00e8tement sombre. Plus lumineux, sans fatigue oculaire, avec une transmission \u00e9lev\u00e9e de 99 %. Le grand oculaire, le centre lisse et le bouton de mise au point de l&#8217;\u0153il droit permettent un r\u00e9glage focal facile mais pr\u00e9cis. Deux oculaires de lunettes rotatifs r\u00e9glables permettent de mieux se concentrer sur la vue et de mieux s&#8217;adapter au porteur de lunettes. Multi-usage pour la chasse, la randonn\u00e9e, l&#8217;exploration, l&#8217;observation, les voyages, l&#8217;observation des oiseaux, les concerts, l&#8217;op\u00e9ra, les matchs de football, les sports de plein air, etc. Sp\u00e9cifications : Mod\u00e8le : 12&#215;25 Diam\u00e8tre de l&#8217;objectif : 25 mm Diam\u00e8tre de l&#8217;oculaire : 15 mm Distance focale proche : 5 m Distance de la pupille de sortie : 20mm Rev\u00eatement de l&#8217;objectif: FMC large bande Syst\u00e8me de mise au point: \u0153il central et droit Syst\u00e8me de prisme: prisme BAK4 Angle de champ: 7. 5 \u00b0 Champ de vision: 273 pieds\/1000yds Poids des jumelles: 0. 65 livres Dimensions de l&#8217;article: 4.00x 4.40&#215;1 0,90 pouces Degr\u00e9 d&#8217;\u00e9tanch\u00e9it\u00e9 : \u00e9tanche \u00e0 vie Emballage inclus : Jumelles*1 Sac de transport*1 Chiffon de nettoyage pour verre*1 Corde antid\u00e9rapante*1<\/p>\n","protected":false},"excerpt":{"rendered":"<p>Caract\u00e9ristique : une v\u00e9ritable reproduction des couleurs, aucune distorsion des couleurs sous une lentille multicouche. Ces jumelles peuvent \u00eatre utilis\u00e9es pour la vision nocturne avec un peu de lumi\u00e8re mais pas pour une nuit compl\u00e8tement sombre. Plus lumineux, sans fatigue oculaire, avec une transmission \u00e9lev\u00e9e de 99 %. Le grand oculaire, le centre lisse et le bouton de mise au point de l&#8217;\u0153il droit permettent un r\u00e9glage focal facile mais pr\u00e9cis. Deux oculaires de lunettes rotatifs r\u00e9glables permettent de mieux se concentrer sur la vue et de mieux s&#8217;adapter au porteur de lunettes. Multi-usage pour la chasse, la randonn\u00e9e, l&#8217;exploration, l&#8217;observation, les voyages, l&#8217;observation des oiseaux, les concerts, l&#8217;op\u00e9ra, les matchs de football, les sports de plein air, etc. Sp\u00e9cifications : Mod\u00e8le : 12&#215;25 Diam\u00e8tre de l&#8217;objectif : 25 mm Diam\u00e8tre de l&#8217;oculaire : 15 mm Distance focale proche : 5 m Distance de la pupille de sortie : 20mm Rev\u00eatement de l&#8217;objectif: FMC large bande Syst\u00e8me de mise au point: \u0153il central et droit Syst\u00e8me de prisme: prisme BAK4 Angle de champ: 7. 5 \u00b0 Champ de vision: 273 pieds\/1000yds Poids des jumelles: 0. 65 livres Dimensions de l&#8217;article: 4.00x 4.40&#215;1 0,90 pouces Degr\u00e9 d&#8217;\u00e9tanch\u00e9it\u00e9 : \u00e9tanche \u00e0 vie Emballage inclus : Jumelles*1 Sac de transport*1 Chiffon de nettoyage pour verre*1 Corde antid\u00e9rapante*1<\/p>\n","protected":false},"featured_media":23446,"comment_status":"open","ping_status":"closed","template":"","meta":{"iawp_total_views":7},"product_brand":[],"product_cat":[39],"product_tag":[],"class_list":{"0":"post-23445","1":"product","2":"type-product","3":"status-publish","4":"has-post-thumbnail","6":"product_cat-electronics-accessories-fr","8":"first","9":"instock","10":"taxable","11":"shipping-taxable","12":"purchasable","13":"product-type-simple"},"jetpack_sharing_enabled":true,"_links":{"self":[{"href":"https:\/\/www.momengames.com\/index.php\/wp-json\/wp\/v2\/product\/23445","targetHints":{"allow":["GET"]}}],"collection":[{"href":"https:\/\/www.momengames.com\/index.php\/wp-json\/wp\/v2\/product"}],"about":[{"href":"https:\/\/www.momengames.com\/index.php\/wp-json\/wp\/v2\/types\/product"}],"replies":[{"embeddable":true,"href":"https:\/\/www.momengames.com\/index.php\/wp-json\/wp\/v2\/comments?post=23445"}],"wp:featuredmedia":[{"embeddable":true,"href":"https:\/\/www.momengames.com\/index.php\/wp-json\/wp\/v2\/media\/23446"}],"wp:attachment":[{"href":"https:\/\/www.momengames.com\/index.php\/wp-json\/wp\/v2\/media?parent=23445"}],"wp:term":[{"taxonomy":"product_brand","embeddable":true,"href":"https:\/\/www.momengames.com\/index.php\/wp-json\/wp\/v2\/product_brand?post=23445"},{"taxonomy":"product_cat","embeddable":true,"href":"https:\/\/www.momengames.com\/index.php\/wp-json\/wp\/v2\/product_cat?post=23445"},{"taxonomy":"product_tag","embeddable":true,"href":"https:\/\/www.momengames.com\/index.php\/wp-json\/wp\/v2\/product_tag?post=23445"}],"curies":[{"name":"wp","href":"https:\/\/api.w.org\/{rel}","templated":true}]}}