{"id":23441,"date":"2021-08-18T15:07:18","date_gmt":"2021-08-18T15:07:18","guid":{"rendered":"https:\/\/www.momengames.com\/index.php\/product\/chargeur-lc-e5-lc-e5e-pour-batterie-canon-lp-e5-eos-1000deos-450deos-500deos-kiss-feos-kiss-x2-eos-kiss-x3-eos-rebel-t1ieos-rebel-xseos-rebel-xsi-camera\/"},"modified":"2021-08-18T15:07:18","modified_gmt":"2021-08-18T15:07:18","slug":"chargeur-lc-e5-lc-e5e-pour-batterie-canon-lp-e5-eos-1000deos-450deos-500deos-kiss-feos-kiss-x2-eos-kiss-x3-eos-rebel-t1ieos-rebel-xseos-rebel-xsi-camera","status":"publish","type":"product","link":"https:\/\/www.momengames.com\/index.php\/product\/chargeur-lc-e5-lc-e5e-pour-batterie-canon-lp-e5-eos-1000deos-450deos-500deos-kiss-feos-kiss-x2-eos-kiss-x3-eos-rebel-t1ieos-rebel-xseos-rebel-xsi-camera\/?lang=fr","title":{"rendered":"Chargeur LC-E5 LC-E5E pour batterie Canon LP-E5 EOS 1000D,EOS 450D,EOS 500D,EOS Kiss F,EOS Kiss X2 EOS Kiss X3 EOS Rebel T1i,EOS Rebel XS,EOS Rebel Xsi Camera"},"content":{"rendered":"<p>Le chargeur de batterie Canon LC-E5 peut charger une batterie LP-E5 avec un temps de charge d&#8217;environ 120 minutes. Lors de son utilisation, le chargeur effectue un \u00e9talonnage de la capacit\u00e9 de la batterie afin que le niveau restant de la batterie puisse \u00eatre indiqu\u00e9 avec pr\u00e9cision lorsqu&#8217;il est utilis\u00e9 dans les appareils photo num\u00e9riques de la s\u00e9rie EOS.<\/p>\n","protected":false},"excerpt":{"rendered":"<p>Le chargeur de batterie Canon LC-E5 peut charger une batterie LP-E5 avec un temps de charge d&#8217;environ 120 minutes. Lors de son utilisation, le chargeur effectue un \u00e9talonnage de la capacit\u00e9 de la batterie afin que le niveau restant de la batterie puisse \u00eatre indiqu\u00e9 avec pr\u00e9cision lorsqu&#8217;il est utilis\u00e9 dans les appareils photo num\u00e9riques de la s\u00e9rie EOS.<\/p>\n","protected":false},"featured_media":23442,"comment_status":"open","ping_status":"closed","template":"","meta":{"iawp_total_views":57},"product_brand":[],"product_cat":[39],"product_tag":[],"class_list":{"0":"post-23441","1":"product","2":"type-product","3":"status-publish","4":"has-post-thumbnail","6":"product_cat-electronics-accessories-fr","8":"first","9":"instock","10":"taxable","11":"shipping-taxable","12":"purchasable","13":"product-type-simple"},"jetpack_sharing_enabled":true,"_links":{"self":[{"href":"https:\/\/www.momengames.com\/index.php\/wp-json\/wp\/v2\/product\/23441","targetHints":{"allow":["GET"]}}],"collection":[{"href":"https:\/\/www.momengames.com\/index.php\/wp-json\/wp\/v2\/product"}],"about":[{"href":"https:\/\/www.momengames.com\/index.php\/wp-json\/wp\/v2\/types\/product"}],"replies":[{"embeddable":true,"href":"https:\/\/www.momengames.com\/index.php\/wp-json\/wp\/v2\/comments?post=23441"}],"wp:featuredmedia":[{"embeddable":true,"href":"https:\/\/www.momengames.com\/index.php\/wp-json\/wp\/v2\/media\/23442"}],"wp:attachment":[{"href":"https:\/\/www.momengames.com\/index.php\/wp-json\/wp\/v2\/media?parent=23441"}],"wp:term":[{"taxonomy":"product_brand","embeddable":true,"href":"https:\/\/www.momengames.com\/index.php\/wp-json\/wp\/v2\/product_brand?post=23441"},{"taxonomy":"product_cat","embeddable":true,"href":"https:\/\/www.momengames.com\/index.php\/wp-json\/wp\/v2\/product_cat?post=23441"},{"taxonomy":"product_tag","embeddable":true,"href":"https:\/\/www.momengames.com\/index.php\/wp-json\/wp\/v2\/product_tag?post=23441"}],"curies":[{"name":"wp","href":"https:\/\/api.w.org\/{rel}","templated":true}]}}