{"id":23439,"date":"2021-08-18T15:02:50","date_gmt":"2021-08-18T15:02:50","guid":{"rendered":"https:\/\/www.momengames.com\/index.php\/product\/canon-lc-e6-chargeur-de-batterie-pour-reflex-numerique-canon-eos-5d-mark-ii-7d-et-60d\/"},"modified":"2021-08-18T15:02:50","modified_gmt":"2021-08-18T15:02:50","slug":"canon-lc-e6-chargeur-de-batterie-pour-reflex-numerique-canon-eos-5d-mark-ii-7d-et-60d","status":"publish","type":"product","link":"https:\/\/www.momengames.com\/index.php\/product\/canon-lc-e6-chargeur-de-batterie-pour-reflex-numerique-canon-eos-5d-mark-ii-7d-et-60d\/?lang=fr","title":{"rendered":"Canon LC-E6 Chargeur de batterie pour reflex num\u00e9rique Canon EOS 5D Mark II, 7D et 60D"},"content":{"rendered":"<p>Le chargeur de batterie Canon LC-E6 est con\u00e7u pour \u00eatre utilis\u00e9 avec la batterie LP-E6, qui alimente les appareils photo reflex num\u00e9riques Canon EOS 5D Mark II, 5D Mark III, 7D et 60D. Cet appareil peut \u00eatre utilis\u00e9 pour charger une batterie pour ces cam\u00e9ras \u00e0 partir d&#8217;une prise \u00e9lectrique standard. Il fonctionne sur une alimentation de 100 \u00e0 240 VAC.<\/p>\n","protected":false},"excerpt":{"rendered":"<p>Le chargeur de batterie Canon LC-E6 est con\u00e7u pour \u00eatre utilis\u00e9 avec la batterie LP-E6, qui alimente les appareils photo reflex num\u00e9riques Canon EOS 5D Mark II, 5D Mark III, 7D et 60D. Cet appareil peut \u00eatre utilis\u00e9 pour charger une batterie pour ces cam\u00e9ras \u00e0 partir d&#8217;une prise \u00e9lectrique standard. Il fonctionne sur une alimentation de 100 \u00e0 240 VAC.<\/p>\n","protected":false},"featured_media":23440,"comment_status":"open","ping_status":"closed","template":"","meta":{"iawp_total_views":102},"product_brand":[],"product_cat":[39],"product_tag":[],"class_list":{"0":"post-23439","1":"product","2":"type-product","3":"status-publish","4":"has-post-thumbnail","6":"product_cat-electronics-accessories-fr","8":"first","9":"instock","10":"taxable","11":"shipping-taxable","12":"purchasable","13":"product-type-simple"},"jetpack_sharing_enabled":true,"_links":{"self":[{"href":"https:\/\/www.momengames.com\/index.php\/wp-json\/wp\/v2\/product\/23439","targetHints":{"allow":["GET"]}}],"collection":[{"href":"https:\/\/www.momengames.com\/index.php\/wp-json\/wp\/v2\/product"}],"about":[{"href":"https:\/\/www.momengames.com\/index.php\/wp-json\/wp\/v2\/types\/product"}],"replies":[{"embeddable":true,"href":"https:\/\/www.momengames.com\/index.php\/wp-json\/wp\/v2\/comments?post=23439"}],"wp:featuredmedia":[{"embeddable":true,"href":"https:\/\/www.momengames.com\/index.php\/wp-json\/wp\/v2\/media\/23440"}],"wp:attachment":[{"href":"https:\/\/www.momengames.com\/index.php\/wp-json\/wp\/v2\/media?parent=23439"}],"wp:term":[{"taxonomy":"product_brand","embeddable":true,"href":"https:\/\/www.momengames.com\/index.php\/wp-json\/wp\/v2\/product_brand?post=23439"},{"taxonomy":"product_cat","embeddable":true,"href":"https:\/\/www.momengames.com\/index.php\/wp-json\/wp\/v2\/product_cat?post=23439"},{"taxonomy":"product_tag","embeddable":true,"href":"https:\/\/www.momengames.com\/index.php\/wp-json\/wp\/v2\/product_tag?post=23439"}],"curies":[{"name":"wp","href":"https:\/\/api.w.org\/{rel}","templated":true}]}}