{"id":23437,"date":"2021-08-18T15:00:28","date_gmt":"2021-08-18T15:00:28","guid":{"rendered":"https:\/\/www.momengames.com\/index.php\/product\/chargeur-lc-e12-pour-batterie-canon-lp-e12-eos-m-m2-m10-m50-m100-100d-rebel-sl1-kiss-x7-appareil-photo\/"},"modified":"2021-08-18T15:00:28","modified_gmt":"2021-08-18T15:00:28","slug":"chargeur-lc-e12-pour-batterie-canon-lp-e12-eos-m-m2-m10-m50-m100-100d-rebel-sl1-kiss-x7-appareil-photo","status":"publish","type":"product","link":"https:\/\/www.momengames.com\/index.php\/product\/chargeur-lc-e12-pour-batterie-canon-lp-e12-eos-m-m2-m10-m50-m100-100d-rebel-sl1-kiss-x7-appareil-photo\/?lang=fr","title":{"rendered":"Chargeur LC-E12 pour batterie Canon LP-E12 EOS M M2 M10 M50 M100 100D Rebel SL1 Kiss X7, appareil photo"},"content":{"rendered":"<p>Le chargeur de batterie Canon LC-E12 pour batterie LP-E12 charge la batterie LP-E12, qui alimente l&#8217;appareil photo num\u00e9rique sans miroir Canon EOS-M. Il dispose de 2 voyants : un qui s&#8217;allume lorsque la batterie est en charge et un qui s&#8217;allume lorsque la batterie est compl\u00e8tement charg\u00e9e. Ce chargeur est inclus avec l&#8217;appareil photo EOS-M et est propos\u00e9 ici comme pi\u00e8ce de rechange ou de remplacement.<\/p>\n","protected":false},"excerpt":{"rendered":"<p>Le chargeur de batterie Canon LC-E12 pour batterie LP-E12 charge la batterie LP-E12, qui alimente l&#8217;appareil photo num\u00e9rique sans miroir Canon EOS-M. Il dispose de 2 voyants : un qui s&#8217;allume lorsque la batterie est en charge et un qui s&#8217;allume lorsque la batterie est compl\u00e8tement charg\u00e9e. Ce chargeur est inclus avec l&#8217;appareil photo EOS-M et est propos\u00e9 ici comme pi\u00e8ce de rechange ou de remplacement.<\/p>\n","protected":false},"featured_media":23438,"comment_status":"open","ping_status":"closed","template":"","meta":{"iawp_total_views":78},"product_brand":[],"product_cat":[39],"product_tag":[],"class_list":{"0":"post-23437","1":"product","2":"type-product","3":"status-publish","4":"has-post-thumbnail","6":"product_cat-electronics-accessories-fr","8":"first","9":"instock","10":"taxable","11":"shipping-taxable","12":"purchasable","13":"product-type-simple"},"jetpack_sharing_enabled":true,"_links":{"self":[{"href":"https:\/\/www.momengames.com\/index.php\/wp-json\/wp\/v2\/product\/23437","targetHints":{"allow":["GET"]}}],"collection":[{"href":"https:\/\/www.momengames.com\/index.php\/wp-json\/wp\/v2\/product"}],"about":[{"href":"https:\/\/www.momengames.com\/index.php\/wp-json\/wp\/v2\/types\/product"}],"replies":[{"embeddable":true,"href":"https:\/\/www.momengames.com\/index.php\/wp-json\/wp\/v2\/comments?post=23437"}],"wp:featuredmedia":[{"embeddable":true,"href":"https:\/\/www.momengames.com\/index.php\/wp-json\/wp\/v2\/media\/23438"}],"wp:attachment":[{"href":"https:\/\/www.momengames.com\/index.php\/wp-json\/wp\/v2\/media?parent=23437"}],"wp:term":[{"taxonomy":"product_brand","embeddable":true,"href":"https:\/\/www.momengames.com\/index.php\/wp-json\/wp\/v2\/product_brand?post=23437"},{"taxonomy":"product_cat","embeddable":true,"href":"https:\/\/www.momengames.com\/index.php\/wp-json\/wp\/v2\/product_cat?post=23437"},{"taxonomy":"product_tag","embeddable":true,"href":"https:\/\/www.momengames.com\/index.php\/wp-json\/wp\/v2\/product_tag?post=23437"}],"curies":[{"name":"wp","href":"https:\/\/api.w.org\/{rel}","templated":true}]}}