{"id":23433,"date":"2021-08-18T14:55:46","date_gmt":"2021-08-18T14:55:46","guid":{"rendered":"https:\/\/www.momengames.com\/index.php\/product\/chargeur-lc-e17-compatible-avec-batterie-canon-lp-e17-rebel-t7i-t6i-t6s-sl3-sl2-eos-77d-9000d-8000d-800d-760d-750d-200d-m6-m5-m3\/"},"modified":"2021-08-18T14:55:46","modified_gmt":"2021-08-18T14:55:46","slug":"chargeur-lc-e17-compatible-avec-batterie-canon-lp-e17-rebel-t7i-t6i-t6s-sl3-sl2-eos-77d-9000d-8000d-800d-760d-750d-200d-m6-m5-m3","status":"publish","type":"product","link":"https:\/\/www.momengames.com\/index.php\/product\/chargeur-lc-e17-compatible-avec-batterie-canon-lp-e17-rebel-t7i-t6i-t6s-sl3-sl2-eos-77d-9000d-8000d-800d-760d-750d-200d-m6-m5-m3\/?lang=fr","title":{"rendered":"Chargeur LC-E17 compatible avec batterie Canon LP-E17 Rebel T7i T6i T6s SL3 SL2 EOS 77D 9000D 8000D 800D 760D 750D 200D M6 M5 M3"},"content":{"rendered":"<p>Remettez votre batterie en forme avec ce chargeur LC-E17 de Canon. Il est compatible avec la batterie lithium-ion LP-E17 pour l&#8217;appareil photo reflex num\u00e9rique EOS Rebel T6i ou T6s. Le chargeur est dot\u00e9 d&#8217;une fiche nord-am\u00e9ricaine d\u00e9pliante \u00e0 2 broches pour une prise murale. Il est inclus avec les cam\u00e9ras et propos\u00e9 ici en pi\u00e8ce d\u00e9tach\u00e9e ou de remplacement.<\/p>\n","protected":false},"excerpt":{"rendered":"<p>Remettez votre batterie en forme avec ce chargeur LC-E17 de Canon. Il est compatible avec la batterie lithium-ion LP-E17 pour l&#8217;appareil photo reflex num\u00e9rique EOS Rebel T6i ou T6s. Le chargeur est dot\u00e9 d&#8217;une fiche nord-am\u00e9ricaine d\u00e9pliante \u00e0 2 broches pour une prise murale. Il est inclus avec les cam\u00e9ras et propos\u00e9 ici en pi\u00e8ce d\u00e9tach\u00e9e ou de remplacement.<\/p>\n","protected":false},"featured_media":23434,"comment_status":"open","ping_status":"closed","template":"","meta":{"iawp_total_views":58},"product_brand":[],"product_cat":[39],"product_tag":[],"class_list":{"0":"post-23433","1":"product","2":"type-product","3":"status-publish","4":"has-post-thumbnail","6":"product_cat-electronics-accessories-fr","8":"first","9":"instock","10":"taxable","11":"shipping-taxable","12":"purchasable","13":"product-type-simple"},"jetpack_sharing_enabled":true,"_links":{"self":[{"href":"https:\/\/www.momengames.com\/index.php\/wp-json\/wp\/v2\/product\/23433","targetHints":{"allow":["GET"]}}],"collection":[{"href":"https:\/\/www.momengames.com\/index.php\/wp-json\/wp\/v2\/product"}],"about":[{"href":"https:\/\/www.momengames.com\/index.php\/wp-json\/wp\/v2\/types\/product"}],"replies":[{"embeddable":true,"href":"https:\/\/www.momengames.com\/index.php\/wp-json\/wp\/v2\/comments?post=23433"}],"wp:featuredmedia":[{"embeddable":true,"href":"https:\/\/www.momengames.com\/index.php\/wp-json\/wp\/v2\/media\/23434"}],"wp:attachment":[{"href":"https:\/\/www.momengames.com\/index.php\/wp-json\/wp\/v2\/media?parent=23433"}],"wp:term":[{"taxonomy":"product_brand","embeddable":true,"href":"https:\/\/www.momengames.com\/index.php\/wp-json\/wp\/v2\/product_brand?post=23433"},{"taxonomy":"product_cat","embeddable":true,"href":"https:\/\/www.momengames.com\/index.php\/wp-json\/wp\/v2\/product_cat?post=23433"},{"taxonomy":"product_tag","embeddable":true,"href":"https:\/\/www.momengames.com\/index.php\/wp-json\/wp\/v2\/product_tag?post=23433"}],"curies":[{"name":"wp","href":"https:\/\/api.w.org\/{rel}","templated":true}]}}