{"id":23427,"date":"2020-10-06T13:40:36","date_gmt":"2020-10-06T13:40:36","guid":{"rendered":"https:\/\/www.momengames.com\/index.php\/product\/steelseries-nimbus-manette-de-jeu-mobile-bluetooth-iphone-ipad-apple-tv-autonomie-de-la-batterie-de-plus-de-40-heures-certifie-mfi-prend-en-charge-fortnite-mo\/"},"modified":"2020-10-06T13:40:36","modified_gmt":"2020-10-06T13:40:36","slug":"steelseries-nimbus-manette-de-jeu-mobile-bluetooth-iphone-ipad-apple-tv-autonomie-de-la-batterie-de-plus-de-40-heures-certifie-mfi-prend-en-charge-fortnite-mo","status":"publish","type":"product","link":"https:\/\/www.momengames.com\/index.php\/product\/steelseries-nimbus-manette-de-jeu-mobile-bluetooth-iphone-ipad-apple-tv-autonomie-de-la-batterie-de-plus-de-40-heures-certifie-mfi-prend-en-charge-fortnite-mo\/?lang=fr","title":{"rendered":"SteelSeries Nimbus Manette de jeu mobile Bluetooth \u2013 Iphone, iPad, Apple TV \u2013 Autonomie de la batterie de plus de 40 heures \u2013 Certifi\u00e9 Mfi \u2013 Prend en charge Fortnite Mobile (renouvel\u00e9)"},"content":{"rendered":"<p>Style:Nimbus-iOS,<br \/>\nJouez \u00e0 des centaines de vos jeux pr\u00e9f\u00e9r\u00e9s pris en charge par la manette avec la nouvelle manette sans fil Nimbus sur votre Apple TV. Ce contr\u00f4leur est de taille standard, sans fil et bas\u00e9 sur une conception de console ergonomique. Les autres fonctionnalit\u00e9s incluent plus de 40 heures de jeu avec juste une charge rapide via le connecteur Lightning, une notification LED, un bouton de menu facile \u00e0 naviguer et, pour couronner le tout, des boutons sensibles \u00e0 la pression pour les commandes les plus pr\u00e9cises. D\u00e9couvrez certaines des meilleures fonctionnalit\u00e9s qu&#8217;Apple et Steel Series ont \u00e0 offrir, le tout dans la paume de vos mains.<\/p>\n<p>Victory Royale est entre vos mains avec le contr\u00f4leur Nimbus pr\u00eat pour Fortnite<br \/>\nProfitez d&#8217;une v\u00e9ritable exp\u00e9rience de console sans fil sur votre appareil iOS ou Mac via Bluetooth 4.1<br \/>\nAppareils compatibles iPhone 6S, iPhone 6S Plus, iPhone 6, iPhone 6 Plus, iPhone 5, iPhone 5C, iPhone 5S, iPad Mini 4, iPad Mini 3, iPad Mini 2, iPad (4\u00e8me g\u00e9n\u00e9ration), iPad Air 2, iPod Touch ( 6\u00e8me g\u00e9n\u00e9ration) et Apple TV (4\u00e8me g\u00e9n\u00e9ration)<br \/>\nBoutons sensibles \u00e0 la pression et disposition ergonomique famili\u00e8re de la console<br \/>\nSe recharge via un c\u00e2ble Lightning pour plus de 40 heures de jeu non-stop<br \/>\n4 LED affichent votre statut de joueur pendant le jeu multijoueur<\/p>\n","protected":false},"excerpt":{"rendered":"<p>Style:Nimbus-iOS,<br \/>\nJouez \u00e0 des centaines de vos jeux pr\u00e9f\u00e9r\u00e9s pris en charge par la manette avec la nouvelle manette sans fil Nimbus sur votre Apple TV. Ce contr\u00f4leur est de taille standard, sans fil et bas\u00e9 sur une conception de console ergonomique. Les autres fonctionnalit\u00e9s incluent plus de 40 heures de jeu avec juste une charge rapide via le connecteur Lightning, une notification LED, un bouton de menu facile \u00e0 naviguer et, pour couronner le tout, des boutons sensibles \u00e0 la pression pour les commandes les plus pr\u00e9cises. D\u00e9couvrez certaines des meilleures fonctionnalit\u00e9s qu&#8217;Apple et Steel Series ont \u00e0 offrir, le tout dans la paume de vos mains.<\/p>\n<p>Victory Royale est entre vos mains avec le contr\u00f4leur Nimbus pr\u00eat pour Fortnite<br \/>\nProfitez d&#8217;une v\u00e9ritable exp\u00e9rience de console sans fil sur votre appareil iOS ou Mac via Bluetooth 4.1<br \/>\nAppareils compatibles iPhone 6S, iPhone 6S Plus, iPhone 6, iPhone 6 Plus, iPhone 5, iPhone 5C, iPhone 5S, iPad Mini 4, iPad Mini 3, iPad Mini 2, iPad (4\u00e8me g\u00e9n\u00e9ration), iPad Air 2, iPod Touch ( 6\u00e8me g\u00e9n\u00e9ration) et Apple TV (4\u00e8me g\u00e9n\u00e9ration)<br \/>\nBoutons sensibles \u00e0 la pression et disposition ergonomique famili\u00e8re de la console<br \/>\nSe recharge via un c\u00e2ble Lightning pour plus de 40 heures de jeu non-stop<br \/>\n4 LED affichent votre statut de joueur pendant le jeu multijoueur<\/p>\n","protected":false},"featured_media":23428,"comment_status":"open","ping_status":"closed","template":"","meta":{"iawp_total_views":17},"product_brand":[],"product_cat":[40],"product_tag":[],"class_list":{"0":"post-23427","1":"product","2":"type-product","3":"status-publish","4":"has-post-thumbnail","6":"product_cat-pc-gamepads-standard-controllers-fr","8":"first","9":"instock","10":"taxable","11":"shipping-taxable","12":"purchasable","13":"product-type-simple"},"jetpack_sharing_enabled":true,"_links":{"self":[{"href":"https:\/\/www.momengames.com\/index.php\/wp-json\/wp\/v2\/product\/23427","targetHints":{"allow":["GET"]}}],"collection":[{"href":"https:\/\/www.momengames.com\/index.php\/wp-json\/wp\/v2\/product"}],"about":[{"href":"https:\/\/www.momengames.com\/index.php\/wp-json\/wp\/v2\/types\/product"}],"replies":[{"embeddable":true,"href":"https:\/\/www.momengames.com\/index.php\/wp-json\/wp\/v2\/comments?post=23427"}],"wp:featuredmedia":[{"embeddable":true,"href":"https:\/\/www.momengames.com\/index.php\/wp-json\/wp\/v2\/media\/23428"}],"wp:attachment":[{"href":"https:\/\/www.momengames.com\/index.php\/wp-json\/wp\/v2\/media?parent=23427"}],"wp:term":[{"taxonomy":"product_brand","embeddable":true,"href":"https:\/\/www.momengames.com\/index.php\/wp-json\/wp\/v2\/product_brand?post=23427"},{"taxonomy":"product_cat","embeddable":true,"href":"https:\/\/www.momengames.com\/index.php\/wp-json\/wp\/v2\/product_cat?post=23427"},{"taxonomy":"product_tag","embeddable":true,"href":"https:\/\/www.momengames.com\/index.php\/wp-json\/wp\/v2\/product_tag?post=23427"}],"curies":[{"name":"wp","href":"https:\/\/api.w.org\/{rel}","templated":true}]}}