{"id":23425,"date":"2020-10-06T13:39:19","date_gmt":"2020-10-06T13:39:19","guid":{"rendered":"https:\/\/www.momengames.com\/index.php\/product\/steelseries-stratus-xl-controleur-de-jeu-sans-fil-bluetooth-pour-windows-plus-android-samsung-gear-vr-htc-vive-et-oculus-renouvele\/"},"modified":"2020-10-06T13:39:19","modified_gmt":"2020-10-06T13:39:19","slug":"steelseries-stratus-xl-controleur-de-jeu-sans-fil-bluetooth-pour-windows-plus-android-samsung-gear-vr-htc-vive-et-oculus-renouvele","status":"publish","type":"product","link":"https:\/\/www.momengames.com\/index.php\/product\/steelseries-stratus-xl-controleur-de-jeu-sans-fil-bluetooth-pour-windows-plus-android-samsung-gear-vr-htc-vive-et-oculus-renouvele\/?lang=fr","title":{"rendered":"SteelSeries Stratus XL, contr\u00f4leur de jeu sans fil Bluetooth pour Windows plus Android, Samsung Gear VR, HTC Vive et Oculus (renouvel\u00e9)"},"content":{"rendered":"<p>Jouez \u00e0 plus de 2 000 de vos jeux pr\u00e9f\u00e9r\u00e9s pris en charge par une manette compl\u00e8te via votre compte Steam avec la nouvelle manette de jeu sans fil Stratus XL pour Windows et Android. Le Stratus XL a \u00e9t\u00e9 con\u00e7u pour \u00eatre sorti de la bo\u00eete, se connecter \u00e0 un PC et commencer \u00e0 jouer. Jouez \u00e0 tous vos jeux Steam compatibles avec votre contr\u00f4leur. Cela fonctionne \u00e9galement sur tous les appareils Android. *SI L&#8217;APPAREIL N&#8217;EST PAS COMPATIBLE BLUETOOTH, VOUS AUREZ BESOIN D&#8217;UN ADAPTATEUR BLUETOOTH POUR L&#8217;UTILISER*<\/p>\n","protected":false},"excerpt":{"rendered":"<p>Jouez \u00e0 plus de 2 000 de vos jeux pr\u00e9f\u00e9r\u00e9s pris en charge par une manette compl\u00e8te via votre compte Steam avec la nouvelle manette de jeu sans fil Stratus XL pour Windows et Android. Le Stratus XL a \u00e9t\u00e9 con\u00e7u pour \u00eatre sorti de la bo\u00eete, se connecter \u00e0 un PC et commencer \u00e0 jouer. Jouez \u00e0 tous vos jeux Steam compatibles avec votre contr\u00f4leur. Cela fonctionne \u00e9galement sur tous les appareils Android. *SI L&#8217;APPAREIL N&#8217;EST PAS COMPATIBLE BLUETOOTH, VOUS AUREZ BESOIN D&#8217;UN ADAPTATEUR BLUETOOTH POUR L&#8217;UTILISER*<\/p>\n","protected":false},"featured_media":23426,"comment_status":"open","ping_status":"closed","template":"","meta":{"iawp_total_views":42},"product_brand":[],"product_cat":[40],"product_tag":[],"class_list":{"0":"post-23425","1":"product","2":"type-product","3":"status-publish","4":"has-post-thumbnail","6":"product_cat-pc-gamepads-standard-controllers-fr","8":"first","9":"instock","10":"taxable","11":"shipping-taxable","12":"purchasable","13":"product-type-simple"},"jetpack_sharing_enabled":true,"_links":{"self":[{"href":"https:\/\/www.momengames.com\/index.php\/wp-json\/wp\/v2\/product\/23425","targetHints":{"allow":["GET"]}}],"collection":[{"href":"https:\/\/www.momengames.com\/index.php\/wp-json\/wp\/v2\/product"}],"about":[{"href":"https:\/\/www.momengames.com\/index.php\/wp-json\/wp\/v2\/types\/product"}],"replies":[{"embeddable":true,"href":"https:\/\/www.momengames.com\/index.php\/wp-json\/wp\/v2\/comments?post=23425"}],"wp:featuredmedia":[{"embeddable":true,"href":"https:\/\/www.momengames.com\/index.php\/wp-json\/wp\/v2\/media\/23426"}],"wp:attachment":[{"href":"https:\/\/www.momengames.com\/index.php\/wp-json\/wp\/v2\/media?parent=23425"}],"wp:term":[{"taxonomy":"product_brand","embeddable":true,"href":"https:\/\/www.momengames.com\/index.php\/wp-json\/wp\/v2\/product_brand?post=23425"},{"taxonomy":"product_cat","embeddable":true,"href":"https:\/\/www.momengames.com\/index.php\/wp-json\/wp\/v2\/product_cat?post=23425"},{"taxonomy":"product_tag","embeddable":true,"href":"https:\/\/www.momengames.com\/index.php\/wp-json\/wp\/v2\/product_tag?post=23425"}],"curies":[{"name":"wp","href":"https:\/\/api.w.org\/{rel}","templated":true}]}}