{"id":23423,"date":"2020-10-06T13:38:30","date_gmt":"2020-10-06T13:38:30","guid":{"rendered":"https:\/\/www.momengames.com\/index.php\/product\/razer-wolverine-ultimate-manette-xbox-one-sous-licence-officielle-6-boutons-et-declencheurs-remappables-joysticks-et-d-pad-interchangeables-pour-pc-xbox-one-xbox-series-x-s-noir\/"},"modified":"2020-10-06T13:38:30","modified_gmt":"2020-10-06T13:38:30","slug":"razer-wolverine-ultimate-manette-xbox-one-sous-licence-officielle-6-boutons-et-declencheurs-remappables-joysticks-et-d-pad-interchangeables-pour-pc-xbox-one-xbox-series-x-s-noir","status":"publish","type":"product","link":"https:\/\/www.momengames.com\/index.php\/product\/razer-wolverine-ultimate-manette-xbox-one-sous-licence-officielle-6-boutons-et-declencheurs-remappables-joysticks-et-d-pad-interchangeables-pour-pc-xbox-one-xbox-series-x-s-noir\/?lang=fr","title":{"rendered":"Razer Wolverine Ultimate Manette Xbox One sous licence officielle : 6 boutons et d\u00e9clencheurs remappables &#8211; Joysticks et D-Pad interchangeables &#8211; Pour PC, Xbox One, Xbox Series X &#038; S &#8211; Noir"},"content":{"rendered":"<p>Taille:Contr\u00f4leur | Style\u00a0:\u00a0Wolverine Ultimate, UTILIS\u00c9 comme NEUF<br \/>\nJouez n&#8217;importe o\u00f9 avec le Razer Wolverine Ultimate, la manette la plus personnalisable pour un jeu comp\u00e9titif sur Xbox One et PC. Des manettes et D-Pad interchangeables \u00e0 un total de 6 boutons multifonctions remappables, le Razer Wolverine Ultimate peut \u00eatre adapt\u00e9 \u00e0 vos besoins individuels. Razer Wolverine Ultimate est \u00e9galement la premi\u00e8re manette dot\u00e9e de l&#8217;\u00e9clairage Razer Chroma, vous permettant de personnaliser davantage votre manette ou de profiter d&#8217;une exp\u00e9rience encore plus immersive gr\u00e2ce \u00e0 l&#8217;\u00e9clairage intelligent int\u00e9gr\u00e9 au jeu.<\/p>\n","protected":false},"excerpt":{"rendered":"<p>Taille:Contr\u00f4leur | Style\u00a0:\u00a0Wolverine Ultimate, UTILIS\u00c9 comme NEUF<br \/>\nJouez n&#8217;importe o\u00f9 avec le Razer Wolverine Ultimate, la manette la plus personnalisable pour un jeu comp\u00e9titif sur Xbox One et PC. Des manettes et D-Pad interchangeables \u00e0 un total de 6 boutons multifonctions remappables, le Razer Wolverine Ultimate peut \u00eatre adapt\u00e9 \u00e0 vos besoins individuels. Razer Wolverine Ultimate est \u00e9galement la premi\u00e8re manette dot\u00e9e de l&#8217;\u00e9clairage Razer Chroma, vous permettant de personnaliser davantage votre manette ou de profiter d&#8217;une exp\u00e9rience encore plus immersive gr\u00e2ce \u00e0 l&#8217;\u00e9clairage intelligent int\u00e9gr\u00e9 au jeu.<\/p>\n","protected":false},"featured_media":23424,"comment_status":"open","ping_status":"closed","template":"","meta":{"iawp_total_views":105},"product_brand":[],"product_cat":[40],"product_tag":[],"class_list":{"0":"post-23423","1":"product","2":"type-product","3":"status-publish","4":"has-post-thumbnail","6":"product_cat-pc-gamepads-standard-controllers-fr","8":"first","9":"instock","10":"taxable","11":"shipping-taxable","12":"purchasable","13":"product-type-simple"},"jetpack_sharing_enabled":true,"_links":{"self":[{"href":"https:\/\/www.momengames.com\/index.php\/wp-json\/wp\/v2\/product\/23423","targetHints":{"allow":["GET"]}}],"collection":[{"href":"https:\/\/www.momengames.com\/index.php\/wp-json\/wp\/v2\/product"}],"about":[{"href":"https:\/\/www.momengames.com\/index.php\/wp-json\/wp\/v2\/types\/product"}],"replies":[{"embeddable":true,"href":"https:\/\/www.momengames.com\/index.php\/wp-json\/wp\/v2\/comments?post=23423"}],"wp:featuredmedia":[{"embeddable":true,"href":"https:\/\/www.momengames.com\/index.php\/wp-json\/wp\/v2\/media\/23424"}],"wp:attachment":[{"href":"https:\/\/www.momengames.com\/index.php\/wp-json\/wp\/v2\/media?parent=23423"}],"wp:term":[{"taxonomy":"product_brand","embeddable":true,"href":"https:\/\/www.momengames.com\/index.php\/wp-json\/wp\/v2\/product_brand?post=23423"},{"taxonomy":"product_cat","embeddable":true,"href":"https:\/\/www.momengames.com\/index.php\/wp-json\/wp\/v2\/product_cat?post=23423"},{"taxonomy":"product_tag","embeddable":true,"href":"https:\/\/www.momengames.com\/index.php\/wp-json\/wp\/v2\/product_tag?post=23423"}],"curies":[{"name":"wp","href":"https:\/\/api.w.org\/{rel}","templated":true}]}}