{"id":23421,"date":"2020-10-06T13:37:29","date_gmt":"2020-10-06T13:37:29","guid":{"rendered":"https:\/\/www.momengames.com\/index.php\/product\/razer-wolverine-tournament-edition-manette-xbox-one-sous-licence-officielle-4-boutons-multifonctions-remappables-mode-declencheur-cheveux-pour-pc-xbox-one-xbox-series-x-s-noir\/"},"modified":"2020-10-06T13:37:29","modified_gmt":"2020-10-06T13:37:29","slug":"razer-wolverine-tournament-edition-manette-xbox-one-sous-licence-officielle-4-boutons-multifonctions-remappables-mode-declencheur-cheveux-pour-pc-xbox-one-xbox-series-x-s-noir","status":"publish","type":"product","link":"https:\/\/www.momengames.com\/index.php\/product\/razer-wolverine-tournament-edition-manette-xbox-one-sous-licence-officielle-4-boutons-multifonctions-remappables-mode-declencheur-cheveux-pour-pc-xbox-one-xbox-series-x-s-noir\/?lang=fr","title":{"rendered":"Razer Wolverine Tournament Edition Manette Xbox One sous licence officielle : 4 boutons multifonctions remappables &#8211; Mode d\u00e9clencheur cheveux &#8211; Pour PC, Xbox One, Xbox Series X &#038; S &#8211; Noir"},"content":{"rendered":"<p>Taille:Contr\u00f4leur | Style : Wolverine Tournament Edition, \u00c9tat : UTILIS\u00c9 comme NEUF,<br \/>\nAffrontez et gagnez avec Razer Wolverine Tournament Edition, une manette personnalisable pour un jeu comp\u00e9titif sur Xbox One et PC. Dot\u00e9 de 4 boutons multifonctions remappables, le Razer Wolverine TE peut \u00eatre adapt\u00e9 \u00e0 vos besoins individuels. Razer Wolverine TE est aliment\u00e9 par l&#8217;\u00e9clairage Razer Chroma, vous permettant de personnaliser davantage votre manette et de profiter d&#8217;une exp\u00e9rience de jeu encore plus immersive. Configuration syst\u00e8me requise\u00a0: Xbox One ou PC (Windows 10), connexion Internet pour Razer Synapse pour Xbox. Connexion \u00e0 votre Xbox One, connectez votre Razer Wolverine TE \u00e0 la Xbox \u00e0 l&#8217;aide du c\u00e2ble USB vers Micro USB, appuyez sur le bouton Xbox et votre Razer TE est pr\u00eat \u00e0 fonctionner. Connexion \u00e0 votre PC, connectez votre Razer Wolverine TE \u00e0 la Xbox \u00e0 l&#8217;aide du c\u00e2ble USB vers Micro USB, attendez que les pilotes de la manette Xbox One soient automatiquement install\u00e9s ou mettez \u00e0 jour manuellement les pilotes via le gestionnaire de p\u00e9riph\u00e9riques.<\/p>\n","protected":false},"excerpt":{"rendered":"<p>Taille:Contr\u00f4leur | Style : Wolverine Tournament Edition, \u00c9tat : UTILIS\u00c9 comme NEUF,<br \/>\nAffrontez et gagnez avec Razer Wolverine Tournament Edition, une manette personnalisable pour un jeu comp\u00e9titif sur Xbox One et PC. Dot\u00e9 de 4 boutons multifonctions remappables, le Razer Wolverine TE peut \u00eatre adapt\u00e9 \u00e0 vos besoins individuels. Razer Wolverine TE est aliment\u00e9 par l&#8217;\u00e9clairage Razer Chroma, vous permettant de personnaliser davantage votre manette et de profiter d&#8217;une exp\u00e9rience de jeu encore plus immersive. Configuration syst\u00e8me requise\u00a0: Xbox One ou PC (Windows 10), connexion Internet pour Razer Synapse pour Xbox. Connexion \u00e0 votre Xbox One, connectez votre Razer Wolverine TE \u00e0 la Xbox \u00e0 l&#8217;aide du c\u00e2ble USB vers Micro USB, appuyez sur le bouton Xbox et votre Razer TE est pr\u00eat \u00e0 fonctionner. Connexion \u00e0 votre PC, connectez votre Razer Wolverine TE \u00e0 la Xbox \u00e0 l&#8217;aide du c\u00e2ble USB vers Micro USB, attendez que les pilotes de la manette Xbox One soient automatiquement install\u00e9s ou mettez \u00e0 jour manuellement les pilotes via le gestionnaire de p\u00e9riph\u00e9riques.<\/p>\n","protected":false},"featured_media":23422,"comment_status":"open","ping_status":"closed","template":"","meta":{"iawp_total_views":311},"product_brand":[],"product_cat":[40],"product_tag":[],"class_list":{"0":"post-23421","1":"product","2":"type-product","3":"status-publish","4":"has-post-thumbnail","6":"product_cat-pc-gamepads-standard-controllers-fr","8":"first","9":"instock","10":"taxable","11":"shipping-taxable","12":"purchasable","13":"product-type-simple"},"jetpack_sharing_enabled":true,"_links":{"self":[{"href":"https:\/\/www.momengames.com\/index.php\/wp-json\/wp\/v2\/product\/23421","targetHints":{"allow":["GET"]}}],"collection":[{"href":"https:\/\/www.momengames.com\/index.php\/wp-json\/wp\/v2\/product"}],"about":[{"href":"https:\/\/www.momengames.com\/index.php\/wp-json\/wp\/v2\/types\/product"}],"replies":[{"embeddable":true,"href":"https:\/\/www.momengames.com\/index.php\/wp-json\/wp\/v2\/comments?post=23421"}],"wp:featuredmedia":[{"embeddable":true,"href":"https:\/\/www.momengames.com\/index.php\/wp-json\/wp\/v2\/media\/23422"}],"wp:attachment":[{"href":"https:\/\/www.momengames.com\/index.php\/wp-json\/wp\/v2\/media?parent=23421"}],"wp:term":[{"taxonomy":"product_brand","embeddable":true,"href":"https:\/\/www.momengames.com\/index.php\/wp-json\/wp\/v2\/product_brand?post=23421"},{"taxonomy":"product_cat","embeddable":true,"href":"https:\/\/www.momengames.com\/index.php\/wp-json\/wp\/v2\/product_cat?post=23421"},{"taxonomy":"product_tag","embeddable":true,"href":"https:\/\/www.momengames.com\/index.php\/wp-json\/wp\/v2\/product_tag?post=23421"}],"curies":[{"name":"wp","href":"https:\/\/api.w.org\/{rel}","templated":true}]}}