{"id":23399,"date":"2020-10-02T11:45:07","date_gmt":"2020-10-02T11:45:07","guid":{"rendered":"https:\/\/www.momengames.com\/index.php\/product\/apple-magic-keyboard-avec-pave-numerique-sans-fil-rechargeable-anglais-americain-argent\/"},"modified":"2020-10-02T11:45:07","modified_gmt":"2020-10-02T11:45:07","slug":"apple-magic-keyboard-avec-pave-numerique-sans-fil-rechargeable-anglais-americain-argent","status":"publish","type":"product","link":"https:\/\/www.momengames.com\/index.php\/product\/apple-magic-keyboard-avec-pave-numerique-sans-fil-rechargeable-anglais-americain-argent\/?lang=fr","title":{"rendered":"Apple Magic Keyboard avec pav\u00e9 num\u00e9rique (sans fil, rechargeable) (anglais am\u00e9ricain) &#8211; Argent"},"content":{"rendered":"<p>Magic Keyboard avec pav\u00e9 num\u00e9rique pr\u00e9sente une disposition \u00e9tendue, avec des commandes de navigation dans les documents pour un d\u00e9filement rapide et des touches fl\u00e9ch\u00e9es pleine taille pour les jeux<br \/>\nUn m\u00e9canisme \u00e0 ciseaux sous chaque touche permet une stabilit\u00e9 accrue, tandis qu&#8217;une course optimis\u00e9e des touches et un profil bas offrent une exp\u00e9rience de frappe confortable et pr\u00e9cise.<br \/>\nLe pav\u00e9 num\u00e9rique est \u00e9galement id\u00e9al pour les feuilles de calcul et les applications financi\u00e8res.<\/p>\n","protected":false},"excerpt":{"rendered":"<p>Magic Keyboard avec pav\u00e9 num\u00e9rique pr\u00e9sente une disposition \u00e9tendue, avec des commandes de navigation dans les documents pour un d\u00e9filement rapide et des touches fl\u00e9ch\u00e9es pleine taille pour les jeux<br \/>\nUn m\u00e9canisme \u00e0 ciseaux sous chaque touche permet une stabilit\u00e9 accrue, tandis qu&#8217;une course optimis\u00e9e des touches et un profil bas offrent une exp\u00e9rience de frappe confortable et pr\u00e9cise.<br \/>\nLe pav\u00e9 num\u00e9rique est \u00e9galement id\u00e9al pour les feuilles de calcul et les applications financi\u00e8res.<\/p>\n","protected":false},"featured_media":23400,"comment_status":"open","ping_status":"closed","template":"","meta":{"iawp_total_views":8},"product_brand":[],"product_cat":[39],"product_tag":[],"class_list":{"0":"post-23399","1":"product","2":"type-product","3":"status-publish","4":"has-post-thumbnail","6":"product_cat-electronics-accessories-fr","8":"first","9":"instock","10":"taxable","11":"shipping-taxable","12":"purchasable","13":"product-type-simple"},"jetpack_sharing_enabled":true,"_links":{"self":[{"href":"https:\/\/www.momengames.com\/index.php\/wp-json\/wp\/v2\/product\/23399","targetHints":{"allow":["GET"]}}],"collection":[{"href":"https:\/\/www.momengames.com\/index.php\/wp-json\/wp\/v2\/product"}],"about":[{"href":"https:\/\/www.momengames.com\/index.php\/wp-json\/wp\/v2\/types\/product"}],"replies":[{"embeddable":true,"href":"https:\/\/www.momengames.com\/index.php\/wp-json\/wp\/v2\/comments?post=23399"}],"wp:featuredmedia":[{"embeddable":true,"href":"https:\/\/www.momengames.com\/index.php\/wp-json\/wp\/v2\/media\/23400"}],"wp:attachment":[{"href":"https:\/\/www.momengames.com\/index.php\/wp-json\/wp\/v2\/media?parent=23399"}],"wp:term":[{"taxonomy":"product_brand","embeddable":true,"href":"https:\/\/www.momengames.com\/index.php\/wp-json\/wp\/v2\/product_brand?post=23399"},{"taxonomy":"product_cat","embeddable":true,"href":"https:\/\/www.momengames.com\/index.php\/wp-json\/wp\/v2\/product_cat?post=23399"},{"taxonomy":"product_tag","embeddable":true,"href":"https:\/\/www.momengames.com\/index.php\/wp-json\/wp\/v2\/product_tag?post=23399"}],"curies":[{"name":"wp","href":"https:\/\/api.w.org\/{rel}","templated":true}]}}