{"id":23388,"date":"2020-10-02T11:39:59","date_gmt":"2020-10-02T11:39:59","guid":{"rendered":"https:\/\/www.momengames.com\/index.php\/product\/apple-magic-keyboard-wireless-rechargable-us-english-silver\/"},"modified":"2024-07-01T08:00:56","modified_gmt":"2024-07-01T08:00:56","slug":"apple-magic-keyboard-wireless-rechargable-us-english-silver","status":"publish","type":"product","link":"https:\/\/www.momengames.com\/index.php\/product\/apple-magic-keyboard-wireless-rechargable-us-english-silver\/?lang=fr","title":{"rendered":"Apple Magic Keyboard (sans fil, rechargeable) (anglais am\u00e9ricain) &#8211; Argent"},"content":{"rendered":"<p>Magic Keyboard combine un design \u00e9l\u00e9gant avec une batterie rechargeable int\u00e9gr\u00e9e et des fonctionnalit\u00e9s cl\u00e9s am\u00e9lior\u00e9es.<br \/>\nAvec un m\u00e9canisme de ciseaux stable sous chaque touche, ainsi qu&#8217;une course de touche optimis\u00e9e et un profil bas, Magic Keyboard offre une exp\u00e9rience de frappe remarquablement confortable et pr\u00e9cise.<br \/>\nIl s&#8217;associe automatiquement \u00e0 votre Mac pour que vous puissiez vous mettre au travail imm\u00e9diatement.<\/p>\n","protected":false},"excerpt":{"rendered":"<p>Magic Keyboard combine un design \u00e9l\u00e9gant avec une batterie rechargeable int\u00e9gr\u00e9e et des fonctionnalit\u00e9s cl\u00e9s am\u00e9lior\u00e9es.<br \/>\nAvec un m\u00e9canisme de ciseaux stable sous chaque touche, ainsi qu&#8217;une course de touche optimis\u00e9e et un profil bas, Magic Keyboard offre une exp\u00e9rience de frappe remarquablement confortable et pr\u00e9cise.<br \/>\nIl s&#8217;associe automatiquement \u00e0 votre Mac pour que vous puissiez vous mettre au travail imm\u00e9diatement.<\/p>\n","protected":false},"featured_media":23389,"comment_status":"open","ping_status":"closed","template":"","meta":{"iawp_total_views":5},"product_brand":[],"product_cat":[39],"product_tag":[],"class_list":{"0":"post-23388","1":"product","2":"type-product","3":"status-publish","4":"has-post-thumbnail","6":"product_cat-electronics-accessories-fr","8":"first","9":"instock","10":"taxable","11":"shipping-taxable","12":"purchasable","13":"product-type-simple"},"jetpack_sharing_enabled":true,"_links":{"self":[{"href":"https:\/\/www.momengames.com\/index.php\/wp-json\/wp\/v2\/product\/23388","targetHints":{"allow":["GET"]}}],"collection":[{"href":"https:\/\/www.momengames.com\/index.php\/wp-json\/wp\/v2\/product"}],"about":[{"href":"https:\/\/www.momengames.com\/index.php\/wp-json\/wp\/v2\/types\/product"}],"replies":[{"embeddable":true,"href":"https:\/\/www.momengames.com\/index.php\/wp-json\/wp\/v2\/comments?post=23388"}],"wp:featuredmedia":[{"embeddable":true,"href":"https:\/\/www.momengames.com\/index.php\/wp-json\/wp\/v2\/media\/23389"}],"wp:attachment":[{"href":"https:\/\/www.momengames.com\/index.php\/wp-json\/wp\/v2\/media?parent=23388"}],"wp:term":[{"taxonomy":"product_brand","embeddable":true,"href":"https:\/\/www.momengames.com\/index.php\/wp-json\/wp\/v2\/product_brand?post=23388"},{"taxonomy":"product_cat","embeddable":true,"href":"https:\/\/www.momengames.com\/index.php\/wp-json\/wp\/v2\/product_cat?post=23388"},{"taxonomy":"product_tag","embeddable":true,"href":"https:\/\/www.momengames.com\/index.php\/wp-json\/wp\/v2\/product_tag?post=23388"}],"curies":[{"name":"wp","href":"https:\/\/api.w.org\/{rel}","templated":true}]}}