{"id":23239,"date":"2024-05-30T12:19:16","date_gmt":"2024-05-30T12:19:16","guid":{"rendered":"https:\/\/www.momengames.com\/index.php\/product\/apple-magic-keyboard-with-numeric-keypad-wireless-bluetooth-rechargeable-works-with-mac-ipad-or-iphone-us-english-white\/"},"modified":"2024-09-13T08:27:52","modified_gmt":"2024-09-13T08:27:52","slug":"apple-magic-keyboard-with-numeric-keypad-wireless-bluetooth-rechargeable-works-with-mac-ipad-or-iphone-us-english-white","status":"publish","type":"product","link":"https:\/\/www.momengames.com\/index.php\/product\/apple-magic-keyboard-with-numeric-keypad-wireless-bluetooth-rechargeable-works-with-mac-ipad-or-iphone-us-english-white\/?lang=de","title":{"rendered":"Apple Magic Keyboard mit Ziffernblock: Kabellos, Bluetooth, wiederaufladbar. Funktioniert mit Mac, iPad oder iPhone; US-Englisch \u2013 Wei\u00df"},"content":{"rendered":"<ul class=\"a-unordered-list a-vertical a-spacing-mini\">\n<li class=\"a-spacing-mini\">KABELLOSER, WIEDERAUFLADBARER KOMFORT \u2013 Das Magic Keyboard mit Ziffernblock verbindet sich kabellos \u00fcber Bluetooth mit Ihrem Mac, iPad oder iPhone. Und dank des wiederaufladbaren internen Akkus m\u00fcssen keine losen Batterien ausgetauscht werden.<br \/>\nFUNKTIONIERT MIT MAC, IPAD ODER IPHONE \u2013 Es l\u00e4sst sich schnell mit Ihrem Ger\u00e4t koppeln, sodass Sie sofort mit der Arbeit beginnen k\u00f6nnen.<br \/>\nVERBESSERTES TIPPERLEBNIS \u2013 Das Magic Keyboard bietet ein bemerkenswert komfortables und pr\u00e4zises Tipperlebnis. Sein erweitertes Layout bietet Dokumentnavigationssteuerelemente f\u00fcr schnelles Scrollen und Pfeiltasten in voller Gr\u00f6\u00dfe. Der Ziffernblock ist ideal f\u00fcr Tabellenkalkulationen und Finanzanwendungen.<br \/>\nWOCHENLANG OHNE AUFLADEN \u2013 Der unglaublich langlebige interne Akku versorgt Ihr Keyboard etwa einen Monat oder l\u00e4nger mit Strom, ohne dass es aufgeladen werden muss. (Die Akkulaufzeit variiert je nach Nutzung.) Wird mit einem Lightning-auf-USB-Kabel geliefert, mit dem Sie es koppeln und aufladen k\u00f6nnen, indem Sie es an einen USB-Anschluss Ihres Mac anschlie\u00dfen.<br \/>\nSYSTEMANFORDERUNGEN \u2013 Erfordert einen Bluetooth-f\u00e4higen Mac mit macOS 10.12.4 oder h\u00f6her, ein iPad mit iPadOS 13.4 oder h\u00f6her oder ein iPhone oder iPod touch mit iOS 10.3 oder h\u00f6her.<br \/>\nZustand: Artikel werden wie NEU wieder aufgef\u00fcllt.<\/li>\n<\/ul>\n","protected":false},"excerpt":{"rendered":"<ul class=\"a-unordered-list a-vertical a-spacing-mini\">\n<li class=\"a-spacing-mini\">KABELLOSER, WIEDERAUFLADBARER KOMFORT \u2013 Das Magic Keyboard mit Ziffernblock verbindet sich kabellos \u00fcber Bluetooth mit Ihrem Mac, iPad oder iPhone. Und dank des wiederaufladbaren internen Akkus m\u00fcssen keine losen Batterien ausgetauscht werden.<br \/>\nFUNKTIONIERT MIT MAC, IPAD ODER IPHONE \u2013 Es l\u00e4sst sich schnell mit Ihrem Ger\u00e4t koppeln, sodass Sie sofort mit der Arbeit beginnen k\u00f6nnen.<br \/>\nVERBESSERTES TIPPERLEBNIS \u2013 Das Magic Keyboard bietet ein bemerkenswert komfortables und pr\u00e4zises Tipperlebnis. Sein erweitertes Layout bietet Dokumentnavigationssteuerelemente f\u00fcr schnelles Scrollen und Pfeiltasten in voller Gr\u00f6\u00dfe. Der Ziffernblock ist ideal f\u00fcr Tabellenkalkulationen und Finanzanwendungen.<br \/>\nWOCHENLANG OHNE AUFLADEN \u2013 Der unglaublich langlebige interne Akku versorgt Ihr Keyboard etwa einen Monat oder l\u00e4nger mit Strom, ohne dass es aufgeladen werden muss. (Die Akkulaufzeit variiert je nach Nutzung.) Wird mit einem Lightning-auf-USB-Kabel geliefert, mit dem Sie es koppeln und aufladen k\u00f6nnen, indem Sie es an einen USB-Anschluss Ihres Mac anschlie\u00dfen.<br \/>\nSYSTEMANFORDERUNGEN \u2013 Erfordert einen Bluetooth-f\u00e4higen Mac mit macOS 10.12.4 oder h\u00f6her, ein iPad mit iPadOS 13.4 oder h\u00f6her oder ein iPhone oder iPod touch mit iOS 10.3 oder h\u00f6her.<br \/>\nZustand: Artikel werden wie NEU wieder aufgef\u00fcllt.<\/li>\n<\/ul>\n","protected":false},"featured_media":22925,"comment_status":"open","ping_status":"closed","template":"","meta":{"iawp_total_views":2},"product_brand":[],"product_cat":[25],"product_tag":[],"class_list":{"0":"post-23239","1":"product","2":"type-product","3":"status-publish","4":"has-post-thumbnail","6":"product_cat-pc-gamepads-standard-controllers-de","8":"first","9":"instock","10":"sale","11":"taxable","12":"shipping-taxable","13":"purchasable","14":"product-type-simple"},"jetpack_sharing_enabled":true,"_links":{"self":[{"href":"https:\/\/www.momengames.com\/index.php\/wp-json\/wp\/v2\/product\/23239","targetHints":{"allow":["GET"]}}],"collection":[{"href":"https:\/\/www.momengames.com\/index.php\/wp-json\/wp\/v2\/product"}],"about":[{"href":"https:\/\/www.momengames.com\/index.php\/wp-json\/wp\/v2\/types\/product"}],"replies":[{"embeddable":true,"href":"https:\/\/www.momengames.com\/index.php\/wp-json\/wp\/v2\/comments?post=23239"}],"wp:featuredmedia":[{"embeddable":true,"href":"https:\/\/www.momengames.com\/index.php\/wp-json\/wp\/v2\/media\/22925"}],"wp:attachment":[{"href":"https:\/\/www.momengames.com\/index.php\/wp-json\/wp\/v2\/media?parent=23239"}],"wp:term":[{"taxonomy":"product_brand","embeddable":true,"href":"https:\/\/www.momengames.com\/index.php\/wp-json\/wp\/v2\/product_brand?post=23239"},{"taxonomy":"product_cat","embeddable":true,"href":"https:\/\/www.momengames.com\/index.php\/wp-json\/wp\/v2\/product_cat?post=23239"},{"taxonomy":"product_tag","embeddable":true,"href":"https:\/\/www.momengames.com\/index.php\/wp-json\/wp\/v2\/product_tag?post=23239"}],"curies":[{"name":"wp","href":"https:\/\/api.w.org\/{rel}","templated":true}]}}