{"id":23236,"date":"2024-05-30T03:21:58","date_gmt":"2024-05-30T03:21:58","guid":{"rendered":"https:\/\/www.momengames.com\/index.php\/product\/razer-blackshark-v2-pro-wireless-gaming-headset-thx-7-1-spatial-surround-sound-50mm-drivers-detachable-mic-for-pc-ps5-ps4-switch-black\/"},"modified":"2024-09-13T08:27:23","modified_gmt":"2024-09-13T08:27:23","slug":"razer-blackshark-v2-pro-wireless-gaming-headset-thx-7-1-spatial-surround-sound-50mm-drivers-detachable-mic-for-pc-ps5-ps4-switch-black","status":"publish","type":"product","link":"https:\/\/www.momengames.com\/index.php\/product\/razer-blackshark-v2-pro-wireless-gaming-headset-thx-7-1-spatial-surround-sound-50mm-drivers-detachable-mic-for-pc-ps5-ps4-switch-black\/?lang=de","title":{"rendered":"Razer BlackShark V2 Pro Kabelloses Gaming-Headset: THX 7.1 Spatial Surround Sound \u2013 50-mm-Treiber \u2013 Abnehmbares Mikrofon \u2013 f\u00fcr PC, PS5, PS4, Switch, Schwarz"},"content":{"rendered":"<ul class=\"a-unordered-list a-vertical a-spacing-mini\">\n<li class=\"a-spacing-mini\">Erweiterte passive Ger\u00e4uschunterdr\u00fcckung: Robuste, geschlossene Ohrmuscheln decken die Ohren vollst\u00e4ndig ab, um zu verhindern, dass L\u00e4rm in das Headset eindringt. Die Polster sorgen f\u00fcr eine bessere Abdichtung und somit f\u00fcr eine bessere Schallisolierung. Spezifische Produktverwendungen: Gaming, Multimedia, Privat. Impedanz: 32 \u03a9 (1 kHz). Empfindlichkeit: 100 dB (1 kHz).<br \/>\nTHX 7.1 Surround Sound-f\u00e4hig: Bietet branchenf\u00fchrenden Audiorealismus f\u00fcr ein Eintauchen in Spiele, indem pr\u00e4zise r\u00e4umliche Audioinformationen bereitgestellt werden, die \u00fcber die Richtungshinweise von standardm\u00e4\u00dfigem 7.1 Surround Sound hinausgehen.<br \/>\nKomfortorientiertes, leichtes Design mit Memory Foam-Ohrpolstern: Die verbesserte Dichte des Schaumstoffs ist in weiches Kunstleder geh\u00fcllt und reduziert die Klemmkraft des Headsets erheblich, w\u00e4hrend ein atmungsaktives Gewebe Schwei\u00df und Hitzestau durch Hautkontakt minimiert.<br \/>\nTriforce Titanium 50 mm High-End-Soundtreiber: Mit titanbeschichteten Membranen f\u00fcr zus\u00e4tzliche Klarheit teilt unser neues, hochmodernes, propriet\u00e4res Design den Treiber in 3 Teile f\u00fcr die individuelle Abstimmung von H\u00f6hen, Mitten und Tiefen \u2013 f\u00fcr helleren, klareren Klang mit satteren H\u00f6hen und kr\u00e4ftigeren Tiefen.<br \/>\nAbnehmbares Razer Hyperclear Cardioid-Mikrofon: Auf einen fokussierteren Sprachaufnahmebereich abgestimmt, holen Sie das Beste aus dem Mikrofon heraus mit erweiterten Sprachoptimierungsoptionen \u00fcber Razer Synapse.<br \/>\nBis zu 24 Stunden Akkulaufzeit: Funktioniert bis zu 24 Stunden kabellos auf dem PC. mit extrem niedriger Latenz; 3,5-mm-Kopfh\u00f6rerbuchse f\u00fcr Konsolenspiele verf\u00fcgbar<\/li>\n<\/ul>\n","protected":false},"excerpt":{"rendered":"<ul class=\"a-unordered-list a-vertical a-spacing-mini\">\n<li class=\"a-spacing-mini\">Erweiterte passive Ger\u00e4uschunterdr\u00fcckung: Robuste, geschlossene Ohrmuscheln decken die Ohren vollst\u00e4ndig ab, um zu verhindern, dass L\u00e4rm in das Headset eindringt. Die Polster sorgen f\u00fcr eine bessere Abdichtung und somit f\u00fcr eine bessere Schallisolierung. Spezifische Produktverwendungen: Gaming, Multimedia, Privat. Impedanz: 32 \u03a9 (1 kHz). Empfindlichkeit: 100 dB (1 kHz).<br \/>\nTHX 7.1 Surround Sound-f\u00e4hig: Bietet branchenf\u00fchrenden Audiorealismus f\u00fcr ein Eintauchen in Spiele, indem pr\u00e4zise r\u00e4umliche Audioinformationen bereitgestellt werden, die \u00fcber die Richtungshinweise von standardm\u00e4\u00dfigem 7.1 Surround Sound hinausgehen.<br \/>\nKomfortorientiertes, leichtes Design mit Memory Foam-Ohrpolstern: Die verbesserte Dichte des Schaumstoffs ist in weiches Kunstleder geh\u00fcllt und reduziert die Klemmkraft des Headsets erheblich, w\u00e4hrend ein atmungsaktives Gewebe Schwei\u00df und Hitzestau durch Hautkontakt minimiert.<br \/>\nTriforce Titanium 50 mm High-End-Soundtreiber: Mit titanbeschichteten Membranen f\u00fcr zus\u00e4tzliche Klarheit teilt unser neues, hochmodernes, propriet\u00e4res Design den Treiber in 3 Teile f\u00fcr die individuelle Abstimmung von H\u00f6hen, Mitten und Tiefen \u2013 f\u00fcr helleren, klareren Klang mit satteren H\u00f6hen und kr\u00e4ftigeren Tiefen.<br \/>\nAbnehmbares Razer Hyperclear Cardioid-Mikrofon: Auf einen fokussierteren Sprachaufnahmebereich abgestimmt, holen Sie das Beste aus dem Mikrofon heraus mit erweiterten Sprachoptimierungsoptionen \u00fcber Razer Synapse.<br \/>\nBis zu 24 Stunden Akkulaufzeit: Funktioniert bis zu 24 Stunden kabellos auf dem PC. mit extrem niedriger Latenz; 3,5-mm-Kopfh\u00f6rerbuchse f\u00fcr Konsolenspiele verf\u00fcgbar<\/li>\n<\/ul>\n","protected":false},"featured_media":22915,"comment_status":"open","ping_status":"closed","template":"","meta":{"iawp_total_views":9},"product_brand":[],"product_cat":[24],"product_tag":[],"class_list":{"0":"post-23236","1":"product","2":"type-product","3":"status-publish","4":"has-post-thumbnail","6":"product_cat-electronics-accessories-de","8":"first","9":"instock","10":"sale","11":"taxable","12":"shipping-taxable","13":"purchasable","14":"product-type-simple"},"jetpack_sharing_enabled":true,"_links":{"self":[{"href":"https:\/\/www.momengames.com\/index.php\/wp-json\/wp\/v2\/product\/23236","targetHints":{"allow":["GET"]}}],"collection":[{"href":"https:\/\/www.momengames.com\/index.php\/wp-json\/wp\/v2\/product"}],"about":[{"href":"https:\/\/www.momengames.com\/index.php\/wp-json\/wp\/v2\/types\/product"}],"replies":[{"embeddable":true,"href":"https:\/\/www.momengames.com\/index.php\/wp-json\/wp\/v2\/comments?post=23236"}],"wp:featuredmedia":[{"embeddable":true,"href":"https:\/\/www.momengames.com\/index.php\/wp-json\/wp\/v2\/media\/22915"}],"wp:attachment":[{"href":"https:\/\/www.momengames.com\/index.php\/wp-json\/wp\/v2\/media?parent=23236"}],"wp:term":[{"taxonomy":"product_brand","embeddable":true,"href":"https:\/\/www.momengames.com\/index.php\/wp-json\/wp\/v2\/product_brand?post=23236"},{"taxonomy":"product_cat","embeddable":true,"href":"https:\/\/www.momengames.com\/index.php\/wp-json\/wp\/v2\/product_cat?post=23236"},{"taxonomy":"product_tag","embeddable":true,"href":"https:\/\/www.momengames.com\/index.php\/wp-json\/wp\/v2\/product_tag?post=23236"}],"curies":[{"name":"wp","href":"https:\/\/api.w.org\/{rel}","templated":true}]}}