{"id":23235,"date":"2024-05-30T03:15:58","date_gmt":"2024-05-30T03:15:58","guid":{"rendered":"https:\/\/www.momengames.com\/index.php\/product\/razer-deathadder-v2-x-hyperspeed-award-winning-ergonomic-design-ultra-fast-wireless-235hr-battery-life-7-programmable-buttons-gen-2-mechanical-switches-5g-14k-dpi-optical-sensor\/"},"modified":"2024-09-13T08:27:19","modified_gmt":"2024-09-13T08:27:19","slug":"razer-deathadder-v2-x-hyperspeed-award-winning-ergonomic-design-ultra-fast-wireless-235hr-battery-life-7-programmable-buttons-gen-2-mechanical-switches-5g-14k-dpi-optical-sensor","status":"publish","type":"product","link":"https:\/\/www.momengames.com\/index.php\/product\/razer-deathadder-v2-x-hyperspeed-award-winning-ergonomic-design-ultra-fast-wireless-235hr-battery-life-7-programmable-buttons-gen-2-mechanical-switches-5g-14k-dpi-optical-sensor\/?lang=de","title":{"rendered":"Razer DeathAdder V2 X HyperSpeed: Preisgekr\u00f6ntes ergonomisches Design \u2013 Ultraschnelle Kabellostechnologie \u2013 235 Stunden Akkulaufzeit \u2013 7 programmierbare Tasten \u2013 Mechanische Schalter der 2. Generation \u2013 Optischer 5G-Sensor mit 14.000 DPI"},"content":{"rendered":"<ul class=\"a-unordered-list a-vertical a-spacing-mini\">\n<li class=\"a-spacing-mini\">Preisgekr\u00f6ntes ergonomisches Design: \u00dcber 13 Millionen Fans weltweit vertrauen auf die DeathAdder. Ihre ikonische Form hat unz\u00e4hligen Profis mehr Siege beschert als jede andere Maus \u2013 darunter auch dem dreimaligen League of Legends-Weltmeister FakerUltraschnelles Razer HyperSpeed \u200b\u200bWireless: Ausgestattet mit derselben Hochgeschwindigkeitstechnologie wie unsere Gaming-M\u00e4use der Spitzenklasse mit einer drahtlosen Verbindung mit ultraniedriger Latenz\n<p>Lange Akkulaufzeit: Mit bis zu 235 Stunden nahtlosem Gaming mit niedriger Latenz mit Razer HyperSpeed \u200b\u200bWireless (2,4 GHz) und bis zu 615 Stunden mit Bluetooth kann die Maus ewig laufen, bevor die Batterie ausgetauscht werden muss<\/p>\n<p>Mechanische Razer-Mausschalter Gen-2: Erleben Sie eine knackige und konsistente Ausf\u00fchrung mit Schaltern, die neue vergoldete Kontaktpunkte haben, weniger anf\u00e4llig f\u00fcr Abnutzung sind und eine l\u00e4ngere Lebensdauer von bis zu 60 Millionen Klicks haben<\/p>\n<p>Razer 5G Advanced 14K DPI optischer Sensor: Genie\u00dfen Sie reaktionsschnelles, pixelgenaues Zielen mit einem verbesserten Sensor, der Ihre Bewegungen fehlerlos und ohne Spinouts verfolgt<\/p>\n<p>7 programmierbare Tasten: Mit 2 einzigartigen Schnellzugriffstasten am Rand und 2 Seitentasten haben Sie alle Kontrolle, die Sie brauchen.<br \/>\nAusgewogenes Gewicht: Die Batterien sind schr\u00e4g in der Maus platziert, um eine optimale Gewichtsverteilung zu gew\u00e4hrleisten.<\/li>\n<\/ul>\n","protected":false},"excerpt":{"rendered":"<ul class=\"a-unordered-list a-vertical a-spacing-mini\">\n<li class=\"a-spacing-mini\">Preisgekr\u00f6ntes ergonomisches Design: \u00dcber 13 Millionen Fans weltweit vertrauen auf die DeathAdder. Ihre ikonische Form hat unz\u00e4hligen Profis mehr Siege beschert als jede andere Maus \u2013 darunter auch dem dreimaligen League of Legends-Weltmeister FakerUltraschnelles Razer HyperSpeed \u200b\u200bWireless: Ausgestattet mit derselben Hochgeschwindigkeitstechnologie wie unsere Gaming-M\u00e4use der Spitzenklasse mit einer drahtlosen Verbindung mit ultraniedriger Latenz\n<p>Lange Akkulaufzeit: Mit bis zu 235 Stunden nahtlosem Gaming mit niedriger Latenz mit Razer HyperSpeed \u200b\u200bWireless (2,4 GHz) und bis zu 615 Stunden mit Bluetooth kann die Maus ewig laufen, bevor die Batterie ausgetauscht werden muss<\/p>\n<p>Mechanische Razer-Mausschalter Gen-2: Erleben Sie eine knackige und konsistente Ausf\u00fchrung mit Schaltern, die neue vergoldete Kontaktpunkte haben, weniger anf\u00e4llig f\u00fcr Abnutzung sind und eine l\u00e4ngere Lebensdauer von bis zu 60 Millionen Klicks haben<\/p>\n<p>Razer 5G Advanced 14K DPI optischer Sensor: Genie\u00dfen Sie reaktionsschnelles, pixelgenaues Zielen mit einem verbesserten Sensor, der Ihre Bewegungen fehlerlos und ohne Spinouts verfolgt<\/p>\n<p>7 programmierbare Tasten: Mit 2 einzigartigen Schnellzugriffstasten am Rand und 2 Seitentasten haben Sie alle Kontrolle, die Sie brauchen.<br \/>\nAusgewogenes Gewicht: Die Batterien sind schr\u00e4g in der Maus platziert, um eine optimale Gewichtsverteilung zu gew\u00e4hrleisten.<\/li>\n<\/ul>\n","protected":false},"featured_media":22912,"comment_status":"open","ping_status":"closed","template":"","meta":{"iawp_total_views":2},"product_brand":[],"product_cat":[25],"product_tag":[],"class_list":{"0":"post-23235","1":"product","2":"type-product","3":"status-publish","4":"has-post-thumbnail","6":"product_cat-pc-gamepads-standard-controllers-de","8":"first","9":"instock","10":"sale","11":"taxable","12":"shipping-taxable","13":"purchasable","14":"product-type-simple"},"jetpack_sharing_enabled":true,"_links":{"self":[{"href":"https:\/\/www.momengames.com\/index.php\/wp-json\/wp\/v2\/product\/23235","targetHints":{"allow":["GET"]}}],"collection":[{"href":"https:\/\/www.momengames.com\/index.php\/wp-json\/wp\/v2\/product"}],"about":[{"href":"https:\/\/www.momengames.com\/index.php\/wp-json\/wp\/v2\/types\/product"}],"replies":[{"embeddable":true,"href":"https:\/\/www.momengames.com\/index.php\/wp-json\/wp\/v2\/comments?post=23235"}],"wp:featuredmedia":[{"embeddable":true,"href":"https:\/\/www.momengames.com\/index.php\/wp-json\/wp\/v2\/media\/22912"}],"wp:attachment":[{"href":"https:\/\/www.momengames.com\/index.php\/wp-json\/wp\/v2\/media?parent=23235"}],"wp:term":[{"taxonomy":"product_brand","embeddable":true,"href":"https:\/\/www.momengames.com\/index.php\/wp-json\/wp\/v2\/product_brand?post=23235"},{"taxonomy":"product_cat","embeddable":true,"href":"https:\/\/www.momengames.com\/index.php\/wp-json\/wp\/v2\/product_cat?post=23235"},{"taxonomy":"product_tag","embeddable":true,"href":"https:\/\/www.momengames.com\/index.php\/wp-json\/wp\/v2\/product_tag?post=23235"}],"curies":[{"name":"wp","href":"https:\/\/api.w.org\/{rel}","templated":true}]}}