{"id":23232,"date":"2024-05-30T02:57:56","date_gmt":"2024-05-30T02:57:56","guid":{"rendered":"https:\/\/www.momengames.com\/index.php\/product\/logitech-g703-lightspeed-wireless-gaming-mouse-w-hero-25k-sensor-powerplay-compatible-lightsync-rgb-lightweight-95g10g-optional-100-25-600-dpi-rubber-side-grips-black\/"},"modified":"2024-09-13T08:27:05","modified_gmt":"2024-09-13T08:27:05","slug":"logitech-g703-lightspeed-wireless-gaming-mouse-w-hero-25k-sensor-powerplay-compatible-lightsync-rgb-lightweight-95g10g-optional-100-25-600-dpi-rubber-side-grips-black","status":"publish","type":"product","link":"https:\/\/www.momengames.com\/index.php\/product\/logitech-g703-lightspeed-wireless-gaming-mouse-w-hero-25k-sensor-powerplay-compatible-lightsync-rgb-lightweight-95g10g-optional-100-25-600-dpi-rubber-side-grips-black\/?lang=de","title":{"rendered":"Logitech G703 Lightspeed Kabellose Gaming-Maus mit Hero 25K-Sensor, PowerPlay-kompatibel, Lightsync RGB, leicht 95G + 10G optional, 100-25, 600 DPI, gummierte Seitengriffe \u2013 Schwarz"},"content":{"rendered":"<ul class=\"a-unordered-list a-vertical a-spacing-mini\">\n<li class=\"a-spacing-mini\">Meistverkaufte Marke f\u00fcr kabellose Gaming-Ausr\u00fcstung \u2013 Basierend auf unabh\u00e4ngigen Verkaufsdaten (Oktober 2018 \u2013 Oktober 2019) f\u00fcr kabellose Gaming-Tastaturen, -M\u00e4use und PC-Headsets in Einheiten aus: US, CA, CN, JP, KR, TW, TH, IN, DE, FR, RY, UK, SE, TR.Kabelloses Laden von Power Play: Machen Sie sich nie wieder Sorgen um die Akkulaufzeit. F\u00fcgen Sie das kabellose Ladesystem von Power Play hinzu, um G703 und andere kompatible G-M\u00e4use im Ruhezustand und beim Spielen geladen zu halten. . .Kabelloses Ladesystem von Power Play separat erh\u00e4ltlich.<br \/>\nHero 25K-Sensor durch ein Software-Update von G HUB, dieses Upgrade ist f\u00fcr alle Spieler kostenlos: unser fortschrittlichster Sensor mit 1:1-Tracking, 400 plus IPS und 100-25, 600 max. DPI-Empfindlichkeit \u2013 plus null Gl\u00e4ttung, Filterung oder Beschleunigung und 10-fache Energieeffizienz der vorherigen Generation<br \/>\nLight Speed \u200b\u200bWireless: Reaktionsf\u00e4higkeit und Konnektivit\u00e4t auf Profi-Niveau f\u00fcr lang anhaltendes, leistungsstarkes Spielen \u2013 mit einem Gewicht von 95 g und einer Akkulaufzeit f\u00fcr bis zu 35 Stunden Dauerspiel mit standardm\u00e4\u00dfiger Light Sync RGB-Beleuchtung.<br \/>\nH\u00f6chster Komfort und h\u00f6chste Qualit\u00e4t: vereint Komfort, Haltbarkeit und Leistung mit komfortablem Design, seitlichen Gummigriffen, 10 g optionalem Gewicht und 6 programmierbaren Tasten f\u00fcr ein anpassbares Spielerlebnis.<br \/>\nFortschrittliche Tastentechnologie: Die Tastenspannung mit Metallfeder h\u00e4lt die prim\u00e4ren linken und rechten Tasten bereit, um mit weniger Kraft ausgel\u00f6st zu werden, f\u00fcr ein au\u00dfergew\u00f6hnliches Tastengef\u00fchl, Reaktion und Konsistenz jedes Mal<br \/>\nHinweis: Bei einer kabellosen Maus wird der USB-Empf\u00e4nger in der Maus oder zusammen mit der Maus geliefert.<br \/>\nZweiseitig eingespritzte Gummigriffe.<\/li>\n<\/ul>\n","protected":false},"excerpt":{"rendered":"<ul class=\"a-unordered-list a-vertical a-spacing-mini\">\n<li class=\"a-spacing-mini\">Meistverkaufte Marke f\u00fcr kabellose Gaming-Ausr\u00fcstung \u2013 Basierend auf unabh\u00e4ngigen Verkaufsdaten (Oktober 2018 \u2013 Oktober 2019) f\u00fcr kabellose Gaming-Tastaturen, -M\u00e4use und PC-Headsets in Einheiten aus: US, CA, CN, JP, KR, TW, TH, IN, DE, FR, RY, UK, SE, TR.Kabelloses Laden von Power Play: Machen Sie sich nie wieder Sorgen um die Akkulaufzeit. F\u00fcgen Sie das kabellose Ladesystem von Power Play hinzu, um G703 und andere kompatible G-M\u00e4use im Ruhezustand und beim Spielen geladen zu halten. . .Kabelloses Ladesystem von Power Play separat erh\u00e4ltlich.<br \/>\nHero 25K-Sensor durch ein Software-Update von G HUB, dieses Upgrade ist f\u00fcr alle Spieler kostenlos: unser fortschrittlichster Sensor mit 1:1-Tracking, 400 plus IPS und 100-25, 600 max. DPI-Empfindlichkeit \u2013 plus null Gl\u00e4ttung, Filterung oder Beschleunigung und 10-fache Energieeffizienz der vorherigen Generation<br \/>\nLight Speed \u200b\u200bWireless: Reaktionsf\u00e4higkeit und Konnektivit\u00e4t auf Profi-Niveau f\u00fcr lang anhaltendes, leistungsstarkes Spielen \u2013 mit einem Gewicht von 95 g und einer Akkulaufzeit f\u00fcr bis zu 35 Stunden Dauerspiel mit standardm\u00e4\u00dfiger Light Sync RGB-Beleuchtung.<br \/>\nH\u00f6chster Komfort und h\u00f6chste Qualit\u00e4t: vereint Komfort, Haltbarkeit und Leistung mit komfortablem Design, seitlichen Gummigriffen, 10 g optionalem Gewicht und 6 programmierbaren Tasten f\u00fcr ein anpassbares Spielerlebnis.<br \/>\nFortschrittliche Tastentechnologie: Die Tastenspannung mit Metallfeder h\u00e4lt die prim\u00e4ren linken und rechten Tasten bereit, um mit weniger Kraft ausgel\u00f6st zu werden, f\u00fcr ein au\u00dfergew\u00f6hnliches Tastengef\u00fchl, Reaktion und Konsistenz jedes Mal<br \/>\nHinweis: Bei einer kabellosen Maus wird der USB-Empf\u00e4nger in der Maus oder zusammen mit der Maus geliefert.<br \/>\nZweiseitig eingespritzte Gummigriffe.<\/li>\n<\/ul>\n","protected":false},"featured_media":22903,"comment_status":"open","ping_status":"closed","template":"","meta":{"iawp_total_views":32},"product_brand":[],"product_cat":[25],"product_tag":[],"class_list":{"0":"post-23232","1":"product","2":"type-product","3":"status-publish","4":"has-post-thumbnail","6":"product_cat-pc-gamepads-standard-controllers-de","8":"first","9":"instock","10":"sale","11":"taxable","12":"shipping-taxable","13":"purchasable","14":"product-type-simple"},"jetpack_sharing_enabled":true,"_links":{"self":[{"href":"https:\/\/www.momengames.com\/index.php\/wp-json\/wp\/v2\/product\/23232","targetHints":{"allow":["GET"]}}],"collection":[{"href":"https:\/\/www.momengames.com\/index.php\/wp-json\/wp\/v2\/product"}],"about":[{"href":"https:\/\/www.momengames.com\/index.php\/wp-json\/wp\/v2\/types\/product"}],"replies":[{"embeddable":true,"href":"https:\/\/www.momengames.com\/index.php\/wp-json\/wp\/v2\/comments?post=23232"}],"wp:featuredmedia":[{"embeddable":true,"href":"https:\/\/www.momengames.com\/index.php\/wp-json\/wp\/v2\/media\/22903"}],"wp:attachment":[{"href":"https:\/\/www.momengames.com\/index.php\/wp-json\/wp\/v2\/media?parent=23232"}],"wp:term":[{"taxonomy":"product_brand","embeddable":true,"href":"https:\/\/www.momengames.com\/index.php\/wp-json\/wp\/v2\/product_brand?post=23232"},{"taxonomy":"product_cat","embeddable":true,"href":"https:\/\/www.momengames.com\/index.php\/wp-json\/wp\/v2\/product_cat?post=23232"},{"taxonomy":"product_tag","embeddable":true,"href":"https:\/\/www.momengames.com\/index.php\/wp-json\/wp\/v2\/product_tag?post=23232"}],"curies":[{"name":"wp","href":"https:\/\/api.w.org\/{rel}","templated":true}]}}