{"id":23231,"date":"2024-05-30T02:52:16","date_gmt":"2024-05-30T02:52:16","guid":{"rendered":"https:\/\/www.momengames.com\/index.php\/product\/razer-naga-pro-wireless-gaming-mouse-interchangeable-side-plate-w-2-6-12-button-configurations-focus-20k-dpi-optical-sensor-fastest-gaming-mouse-switch-chroma-rgb-lighting\/"},"modified":"2024-09-13T08:26:57","modified_gmt":"2024-09-13T08:26:57","slug":"razer-naga-pro-wireless-gaming-mouse-interchangeable-side-plate-w-2-6-12-button-configurations-focus-20k-dpi-optical-sensor-fastest-gaming-mouse-switch-chroma-rgb-lighting","status":"publish","type":"product","link":"https:\/\/www.momengames.com\/index.php\/product\/razer-naga-pro-wireless-gaming-mouse-interchangeable-side-plate-w-2-6-12-button-configurations-focus-20k-dpi-optical-sensor-fastest-gaming-mouse-switch-chroma-rgb-lighting\/?lang=de","title":{"rendered":"Kabellose Gaming-Maus Razer Naga Pro: Austauschbare Seitenplatte mit 2, 6, 12 Tastenkonfigurationen \u2013 Focus+ 20K DPI optischer Sensor \u2013 Schnellster Gaming-Mausschalter \u2013 Chroma RGB-Beleuchtung"},"content":{"rendered":"<ul class=\"a-unordered-list a-vertical a-spacing-mini\">\n<li class=\"a-spacing-mini\">SCHNELLER ALS KONKURRENZM\u00c4USE: Die kabellose Razer HyperSpeed-Technologie vereint extrem niedrige Latenz und Interferenzreduzierung f\u00fcr echte kabellose Freiheit.<br \/>\nFOCUS PLUS 20K DPI OPTISCHER SENSOR: Bietet eine schnelle Empfindlichkeitsanpassung durch dedizierte DPI-Tasten (neu programmierbar) f\u00fcr Spiele.<br \/>\nSCHNELLER ALS HERK\u00d6MMLICHE MECHANISCHE SCHALTER: Die neuen optischen Mausschalter von Razer verwenden eine lichtstrahlbasierte Bet\u00e4tigung und registrieren Tastendr\u00fccke mit Lichtgeschwindigkeit.<br \/>\nVOLLST\u00c4NDIGE MODULARE ANPASSBARKEIT: 3 austauschbare Seitenplatten mit Konfigurationen f\u00fcr 2, 6 und 12 Tasten.<br \/>\nBIS ZU 19 PROGRAMMIERBARE TASTEN: Erm\u00f6glicht die Neuzuordnung von Tasten und die Zuweisung komplexer Makrofunktionen \u00fcber Razer Synapse.<br \/>\nANPASSBARE CHROMA RGB-FARBPROFILE: Unterst\u00fctzt 16,8 Millionen Farbkombinationen, inklusive voreingestellter Profile.<\/li>\n<\/ul>\n","protected":false},"excerpt":{"rendered":"<ul class=\"a-unordered-list a-vertical a-spacing-mini\">\n<li class=\"a-spacing-mini\">SCHNELLER ALS KONKURRENZM\u00c4USE: Die kabellose Razer HyperSpeed-Technologie vereint extrem niedrige Latenz und Interferenzreduzierung f\u00fcr echte kabellose Freiheit.<br \/>\nFOCUS PLUS 20K DPI OPTISCHER SENSOR: Bietet eine schnelle Empfindlichkeitsanpassung durch dedizierte DPI-Tasten (neu programmierbar) f\u00fcr Spiele.<br \/>\nSCHNELLER ALS HERK\u00d6MMLICHE MECHANISCHE SCHALTER: Die neuen optischen Mausschalter von Razer verwenden eine lichtstrahlbasierte Bet\u00e4tigung und registrieren Tastendr\u00fccke mit Lichtgeschwindigkeit.<br \/>\nVOLLST\u00c4NDIGE MODULARE ANPASSBARKEIT: 3 austauschbare Seitenplatten mit Konfigurationen f\u00fcr 2, 6 und 12 Tasten.<br \/>\nBIS ZU 19 PROGRAMMIERBARE TASTEN: Erm\u00f6glicht die Neuzuordnung von Tasten und die Zuweisung komplexer Makrofunktionen \u00fcber Razer Synapse.<br \/>\nANPASSBARE CHROMA RGB-FARBPROFILE: Unterst\u00fctzt 16,8 Millionen Farbkombinationen, inklusive voreingestellter Profile.<\/li>\n<\/ul>\n","protected":false},"featured_media":22900,"comment_status":"open","ping_status":"closed","template":"","meta":{"iawp_total_views":111},"product_brand":[],"product_cat":[25],"product_tag":[],"class_list":{"0":"post-23231","1":"product","2":"type-product","3":"status-publish","4":"has-post-thumbnail","6":"product_cat-pc-gamepads-standard-controllers-de","8":"first","9":"instock","10":"sale","11":"taxable","12":"shipping-taxable","13":"purchasable","14":"product-type-simple"},"jetpack_sharing_enabled":true,"_links":{"self":[{"href":"https:\/\/www.momengames.com\/index.php\/wp-json\/wp\/v2\/product\/23231","targetHints":{"allow":["GET"]}}],"collection":[{"href":"https:\/\/www.momengames.com\/index.php\/wp-json\/wp\/v2\/product"}],"about":[{"href":"https:\/\/www.momengames.com\/index.php\/wp-json\/wp\/v2\/types\/product"}],"replies":[{"embeddable":true,"href":"https:\/\/www.momengames.com\/index.php\/wp-json\/wp\/v2\/comments?post=23231"}],"wp:featuredmedia":[{"embeddable":true,"href":"https:\/\/www.momengames.com\/index.php\/wp-json\/wp\/v2\/media\/22900"}],"wp:attachment":[{"href":"https:\/\/www.momengames.com\/index.php\/wp-json\/wp\/v2\/media?parent=23231"}],"wp:term":[{"taxonomy":"product_brand","embeddable":true,"href":"https:\/\/www.momengames.com\/index.php\/wp-json\/wp\/v2\/product_brand?post=23231"},{"taxonomy":"product_cat","embeddable":true,"href":"https:\/\/www.momengames.com\/index.php\/wp-json\/wp\/v2\/product_cat?post=23231"},{"taxonomy":"product_tag","embeddable":true,"href":"https:\/\/www.momengames.com\/index.php\/wp-json\/wp\/v2\/product_tag?post=23231"}],"curies":[{"name":"wp","href":"https:\/\/api.w.org\/{rel}","templated":true}]}}