{"id":23230,"date":"2024-05-30T02:45:55","date_gmt":"2024-05-30T02:45:55","guid":{"rendered":"https:\/\/www.momengames.com\/index.php\/product\/logitech-g705-wireless-gaming-mouse-customizable-lightsync-rgb-lighting-lightspeed-wireless-bluetooth-connectivity-lightweight-pc-mac-laptop-white-mist\/"},"modified":"2024-09-13T08:26:29","modified_gmt":"2024-09-13T08:26:29","slug":"logitech-g705-wireless-gaming-mouse-customizable-lightsync-rgb-lighting-lightspeed-wireless-bluetooth-connectivity-lightweight-pc-mac-laptop-white-mist","status":"publish","type":"product","link":"https:\/\/www.momengames.com\/index.php\/product\/logitech-g705-wireless-gaming-mouse-customizable-lightsync-rgb-lighting-lightspeed-wireless-bluetooth-connectivity-lightweight-pc-mac-laptop-white-mist\/?lang=de","title":{"rendered":"Logitech G705 Kabellose Gaming-Maus, anpassbare LIGHTSYNC RGB-Beleuchtung, Lightspeed Wireless, Bluetooth-Konnektivit\u00e4t, leicht, PC\/Mac\/Laptop \u2013 White Mist"},"content":{"rendered":"<ul class=\"a-unordered-list a-vertical a-spacing-mini\">\n<li class=\"a-spacing-mini\">Kleinere Passform: Kompakte kleine Gaming-Maus mit einem bewusst auf Ihre Hand abgestimmten Design.<br \/>\nKonturierter Komfort: Die kabellose Logitech-Maus mit einem bequemen, kompakten und geformten Design verf\u00fcgt \u00fcber eine Daumenablage, Gleitf\u00fc\u00dfe und ist mit nur 85 g leicht zu man\u00f6vrieren.<br \/>\nSpielen Sie weiter: Wiederaufladbare kabellose Gaming-Maus mit einem langlebigen Akku (bei voller Beleuchtung) f\u00fcr bis zu 40 Spielstunden, Logitech LIGHTSPEED-Technologie und Bluetooth-f\u00e4hig.<br \/>\nPro-Grade-Kabellos: Ultraschnelles LIGHTSPEED verbindet zwei Ger\u00e4te \u00fcber einen einzigen USB-Empf\u00e4nger ohne Leistungsverlust; verbindet sich mit der kabellosen Tastatur G715; separat erh\u00e4ltlich.<br \/>\nRGB-Beleuchtung: Zeigen Sie Ihren Stil mit sanftem, zonalem LIGHTSYNC RGB und der charakteristischen Beleuchtung der Aurora Collection; passen Sie auf Logitech G HUB einen einzigartigen Look f\u00fcr Ihre Bluetooth-Maus an und kreieren Sie ihn.<br \/>\nGaming-Grade-Technologie: Lassen Sie die guten Spiele beginnen, ausgestattet mit einem Gaming-Grade-Sensor und kabelloser oder kabelgebundener Spielflexibilit\u00e4t; entwickelt f\u00fcr schnelle Klicks und Portabilit\u00e4t.<br \/>\nMachen Sie es zu Ihrem: Vervollst\u00e4ndigen Sie Ihr Gaming-Setup mit passenden Gaming-Mauspads in vielen anderen Farbkombinationen und Gaming-Zubeh\u00f6r wie der Tragetasche f\u00fcr Maus und Headset; separat erh\u00e4ltlich.<br \/>\nAus der Aurora-Kollektion: Gaming-Ausr\u00fcstung funktioniert am besten zusammen; G705 Logitech-Maus, G715 Logitech-Tastatur und G735-Headset haben dasselbe umfassende Design und dieselbe vertr\u00e4umte \u00c4sthetik; separat erh\u00e4ltlich.<\/li>\n<\/ul>\n","protected":false},"excerpt":{"rendered":"<ul class=\"a-unordered-list a-vertical a-spacing-mini\">\n<li class=\"a-spacing-mini\">Kleinere Passform: Kompakte kleine Gaming-Maus mit einem bewusst auf Ihre Hand abgestimmten Design.<br \/>\nKonturierter Komfort: Die kabellose Logitech-Maus mit einem bequemen, kompakten und geformten Design verf\u00fcgt \u00fcber eine Daumenablage, Gleitf\u00fc\u00dfe und ist mit nur 85 g leicht zu man\u00f6vrieren.<br \/>\nSpielen Sie weiter: Wiederaufladbare kabellose Gaming-Maus mit einem langlebigen Akku (bei voller Beleuchtung) f\u00fcr bis zu 40 Spielstunden, Logitech LIGHTSPEED-Technologie und Bluetooth-f\u00e4hig.<br \/>\nPro-Grade-Kabellos: Ultraschnelles LIGHTSPEED verbindet zwei Ger\u00e4te \u00fcber einen einzigen USB-Empf\u00e4nger ohne Leistungsverlust; verbindet sich mit der kabellosen Tastatur G715; separat erh\u00e4ltlich.<br \/>\nRGB-Beleuchtung: Zeigen Sie Ihren Stil mit sanftem, zonalem LIGHTSYNC RGB und der charakteristischen Beleuchtung der Aurora Collection; passen Sie auf Logitech G HUB einen einzigartigen Look f\u00fcr Ihre Bluetooth-Maus an und kreieren Sie ihn.<br \/>\nGaming-Grade-Technologie: Lassen Sie die guten Spiele beginnen, ausgestattet mit einem Gaming-Grade-Sensor und kabelloser oder kabelgebundener Spielflexibilit\u00e4t; entwickelt f\u00fcr schnelle Klicks und Portabilit\u00e4t.<br \/>\nMachen Sie es zu Ihrem: Vervollst\u00e4ndigen Sie Ihr Gaming-Setup mit passenden Gaming-Mauspads in vielen anderen Farbkombinationen und Gaming-Zubeh\u00f6r wie der Tragetasche f\u00fcr Maus und Headset; separat erh\u00e4ltlich.<br \/>\nAus der Aurora-Kollektion: Gaming-Ausr\u00fcstung funktioniert am besten zusammen; G705 Logitech-Maus, G715 Logitech-Tastatur und G735-Headset haben dasselbe umfassende Design und dieselbe vertr\u00e4umte \u00c4sthetik; separat erh\u00e4ltlich.<\/li>\n<\/ul>\n","protected":false},"featured_media":22897,"comment_status":"open","ping_status":"closed","template":"","meta":{"iawp_total_views":10},"product_brand":[],"product_cat":[25],"product_tag":[],"class_list":{"0":"post-23230","1":"product","2":"type-product","3":"status-publish","4":"has-post-thumbnail","6":"product_cat-pc-gamepads-standard-controllers-de","8":"first","9":"instock","10":"sale","11":"taxable","12":"shipping-taxable","13":"purchasable","14":"product-type-simple"},"jetpack_sharing_enabled":true,"_links":{"self":[{"href":"https:\/\/www.momengames.com\/index.php\/wp-json\/wp\/v2\/product\/23230","targetHints":{"allow":["GET"]}}],"collection":[{"href":"https:\/\/www.momengames.com\/index.php\/wp-json\/wp\/v2\/product"}],"about":[{"href":"https:\/\/www.momengames.com\/index.php\/wp-json\/wp\/v2\/types\/product"}],"replies":[{"embeddable":true,"href":"https:\/\/www.momengames.com\/index.php\/wp-json\/wp\/v2\/comments?post=23230"}],"wp:featuredmedia":[{"embeddable":true,"href":"https:\/\/www.momengames.com\/index.php\/wp-json\/wp\/v2\/media\/22897"}],"wp:attachment":[{"href":"https:\/\/www.momengames.com\/index.php\/wp-json\/wp\/v2\/media?parent=23230"}],"wp:term":[{"taxonomy":"product_brand","embeddable":true,"href":"https:\/\/www.momengames.com\/index.php\/wp-json\/wp\/v2\/product_brand?post=23230"},{"taxonomy":"product_cat","embeddable":true,"href":"https:\/\/www.momengames.com\/index.php\/wp-json\/wp\/v2\/product_cat?post=23230"},{"taxonomy":"product_tag","embeddable":true,"href":"https:\/\/www.momengames.com\/index.php\/wp-json\/wp\/v2\/product_tag?post=23230"}],"curies":[{"name":"wp","href":"https:\/\/api.w.org\/{rel}","templated":true}]}}