{"id":23229,"date":"2024-05-30T02:40:58","date_gmt":"2024-05-30T02:40:58","guid":{"rendered":"https:\/\/www.momengames.com\/index.php\/product\/logitech-g305-lightspeed-wireless-gaming-mouse-hero-12k-sensor-12000-dpi-lightweight-6-programmable-buttons-250h-battery-life-on-board-memory-pc-mac-white\/"},"modified":"2024-09-13T08:26:24","modified_gmt":"2024-09-13T08:26:24","slug":"logitech-g305-lightspeed-wireless-gaming-mouse-hero-12k-sensor-12000-dpi-lightweight-6-programmable-buttons-250h-battery-life-on-board-memory-pc-mac-white","status":"publish","type":"product","link":"https:\/\/www.momengames.com\/index.php\/product\/logitech-g305-lightspeed-wireless-gaming-mouse-hero-12k-sensor-12000-dpi-lightweight-6-programmable-buttons-250h-battery-life-on-board-memory-pc-mac-white\/?lang=de","title":{"rendered":"Logitech G305 LIGHTSPEED Kabellose Gaming-Maus, Hero 12K-Sensor, 12.000 DPI, leicht, 6 programmierbare Tasten, 250 Stunden Akkulaufzeit, integrierter Speicher, PC\/Mac \u2013 Wei\u00df"},"content":{"rendered":"<ul class=\"a-unordered-list a-vertical a-spacing-mini\">\n<li class=\"a-spacing-mini\">HERO-Gaming-Sensor: Der HERO-Maussensor der n\u00e4chsten Generation ist bis zu 10-mal energieeffizienter als andere Gaming-M\u00e4use und bietet dank 400 IPS-Pr\u00e4zision und bis zu 12.000 DPI-Empfindlichkeit au\u00dfergew\u00f6hnliche Genauigkeit und Reaktionsf\u00e4higkeit.LIGHTSPEED Wireless: Die ultraschnelle LIGHTSPEED Wireless-Technologie sorgt f\u00fcr ein verz\u00f6gerungsfreies Gaming-Erlebnis. Die kabellose Gaming-Maus G305 bietet unglaubliche Reaktionsf\u00e4higkeit und Zuverl\u00e4ssigkeit mit einer superschnellen Berichtsrate von 1 ms f\u00fcr Leistung auf Wettkampfniveau.\n<p>Ultralange Akkulaufzeit: Die kabellose Logitech-Maus G305 bietet unglaubliche 250 Stunden ununterbrochenes Gameplay mit einer einzigen AA-Batterie, sodass Sie mit H\u00f6chstleistung spielen k\u00f6nnen, ohne sich Sorgen machen zu m\u00fcssen, dass Ihnen der Strom ausgeht.<\/p>\n<p>Leichtgewichtiges Design: Dank eines effizienten mechanischen Designs wiegt die Gaming-Maus G305 nur 99 Gramm und ist somit sehr wendig.<br \/>\n&#8230; Hinweis: Bei einer kabellosen Maus wird der USB-Empf\u00e4nger in der Maus oder zusammen mit dieser geliefert.<\/li>\n<\/ul>\n","protected":false},"excerpt":{"rendered":"<ul class=\"a-unordered-list a-vertical a-spacing-mini\">\n<li class=\"a-spacing-mini\">HERO-Gaming-Sensor: Der HERO-Maussensor der n\u00e4chsten Generation ist bis zu 10-mal energieeffizienter als andere Gaming-M\u00e4use und bietet dank 400 IPS-Pr\u00e4zision und bis zu 12.000 DPI-Empfindlichkeit au\u00dfergew\u00f6hnliche Genauigkeit und Reaktionsf\u00e4higkeit.LIGHTSPEED Wireless: Die ultraschnelle LIGHTSPEED Wireless-Technologie sorgt f\u00fcr ein verz\u00f6gerungsfreies Gaming-Erlebnis. Die kabellose Gaming-Maus G305 bietet unglaubliche Reaktionsf\u00e4higkeit und Zuverl\u00e4ssigkeit mit einer superschnellen Berichtsrate von 1 ms f\u00fcr Leistung auf Wettkampfniveau.\n<p>Ultralange Akkulaufzeit: Die kabellose Logitech-Maus G305 bietet unglaubliche 250 Stunden ununterbrochenes Gameplay mit einer einzigen AA-Batterie, sodass Sie mit H\u00f6chstleistung spielen k\u00f6nnen, ohne sich Sorgen machen zu m\u00fcssen, dass Ihnen der Strom ausgeht.<\/p>\n<p>Leichtgewichtiges Design: Dank eines effizienten mechanischen Designs wiegt die Gaming-Maus G305 nur 99 Gramm und ist somit sehr wendig.<br \/>\n&#8230; Hinweis: Bei einer kabellosen Maus wird der USB-Empf\u00e4nger in der Maus oder zusammen mit dieser geliefert.<\/li>\n<\/ul>\n","protected":false},"featured_media":22894,"comment_status":"open","ping_status":"closed","template":"","meta":{"iawp_total_views":183},"product_brand":[],"product_cat":[25],"product_tag":[],"class_list":{"0":"post-23229","1":"product","2":"type-product","3":"status-publish","4":"has-post-thumbnail","6":"product_cat-pc-gamepads-standard-controllers-de","8":"first","9":"instock","10":"sale","11":"taxable","12":"shipping-taxable","13":"purchasable","14":"product-type-simple"},"jetpack_sharing_enabled":true,"_links":{"self":[{"href":"https:\/\/www.momengames.com\/index.php\/wp-json\/wp\/v2\/product\/23229","targetHints":{"allow":["GET"]}}],"collection":[{"href":"https:\/\/www.momengames.com\/index.php\/wp-json\/wp\/v2\/product"}],"about":[{"href":"https:\/\/www.momengames.com\/index.php\/wp-json\/wp\/v2\/types\/product"}],"replies":[{"embeddable":true,"href":"https:\/\/www.momengames.com\/index.php\/wp-json\/wp\/v2\/comments?post=23229"}],"wp:featuredmedia":[{"embeddable":true,"href":"https:\/\/www.momengames.com\/index.php\/wp-json\/wp\/v2\/media\/22894"}],"wp:attachment":[{"href":"https:\/\/www.momengames.com\/index.php\/wp-json\/wp\/v2\/media?parent=23229"}],"wp:term":[{"taxonomy":"product_brand","embeddable":true,"href":"https:\/\/www.momengames.com\/index.php\/wp-json\/wp\/v2\/product_brand?post=23229"},{"taxonomy":"product_cat","embeddable":true,"href":"https:\/\/www.momengames.com\/index.php\/wp-json\/wp\/v2\/product_cat?post=23229"},{"taxonomy":"product_tag","embeddable":true,"href":"https:\/\/www.momengames.com\/index.php\/wp-json\/wp\/v2\/product_tag?post=23229"}],"curies":[{"name":"wp","href":"https:\/\/api.w.org\/{rel}","templated":true}]}}