{"id":23228,"date":"2024-05-29T15:34:39","date_gmt":"2024-05-29T15:34:39","guid":{"rendered":"https:\/\/www.momengames.com\/index.php\/product\/razer-blackwidow-chroma-clicky-rgb-mechanical-gaming-keyboard-5-macro-keys-green-mechanical-switches-tactile-and-clicky\/"},"modified":"2024-09-13T08:26:20","modified_gmt":"2024-09-13T08:26:20","slug":"razer-blackwidow-chroma-clicky-rgb-mechanical-gaming-keyboard-5-macro-keys-green-mechanical-switches-tactile-and-clicky","status":"publish","type":"product","link":"https:\/\/www.momengames.com\/index.php\/product\/razer-blackwidow-chroma-clicky-rgb-mechanical-gaming-keyboard-5-macro-keys-green-mechanical-switches-tactile-and-clicky\/?lang=de","title":{"rendered":"Razer BlackWidow Chroma: Mechanische Gaming-Tastatur mit klickendem RGB-Display \u2013 5 Makro-Tasten, gr\u00fcne mechanische Schalter (taktil und klickend)"},"content":{"rendered":"<div id=\"featurebullets_feature_div\" class=\"celwidget\" data-feature-name=\"featurebullets\" data-csa-c-type=\"widget\" data-csa-c-content-id=\"featurebullets\" data-csa-c-slot-id=\"featurebullets_feature_div\" data-csa-c-asin=\"B00MTWV0II\" data-csa-c-is-in-initial-active-row=\"false\" data-csa-c-id=\"76uz5w-22v5eh-fow7ub-7hpn07\" data-cel-widget=\"featurebullets_feature_div\">\n<div id=\"feature-bullets\" class=\"a-section a-spacing-medium a-spacing-top-small\">\n<ul class=\"a-unordered-list a-vertical a-spacing-mini\">\n<li class=\"a-spacing-mini\">Vollst\u00e4ndig programmierbare Tasten + 5 zus\u00e4tzliche Gaming-Tasten mit Makroaufzeichnung im laufenden Betrieb.<br \/>\nEinzeln beleuchtete Tasten mit verbesserter Beleuchtung.<br \/>\nLeicht zug\u00e4ngliche Medientasten f\u00fcr bequeme Lautst\u00e4rkeregelung und Medienwiedergabe.<br \/>\nMechanische Tastenarchitektur mit ausgepr\u00e4gtem Tastgef\u00fchl und schnellerer Reaktion.<br \/>\n10-Tasten-Rollover f\u00fcr extremes Anti-Ghosting.<\/li>\n<\/ul>\n<\/div>\n<\/div>\n","protected":false},"excerpt":{"rendered":"<div id=\"featurebullets_feature_div\" class=\"celwidget\" data-feature-name=\"featurebullets\" data-csa-c-type=\"widget\" data-csa-c-content-id=\"featurebullets\" data-csa-c-slot-id=\"featurebullets_feature_div\" data-csa-c-asin=\"B00MTWV0II\" data-csa-c-is-in-initial-active-row=\"false\" data-csa-c-id=\"76uz5w-22v5eh-fow7ub-7hpn07\" data-cel-widget=\"featurebullets_feature_div\">\n<div id=\"feature-bullets\" class=\"a-section a-spacing-medium a-spacing-top-small\">\n<ul class=\"a-unordered-list a-vertical a-spacing-mini\">\n<li class=\"a-spacing-mini\">Vollst\u00e4ndig programmierbare Tasten + 5 zus\u00e4tzliche Gaming-Tasten mit Makroaufzeichnung im laufenden Betrieb.<br \/>\nEinzeln beleuchtete Tasten mit verbesserter Beleuchtung.<br \/>\nLeicht zug\u00e4ngliche Medientasten f\u00fcr bequeme Lautst\u00e4rkeregelung und Medienwiedergabe.<br \/>\nMechanische Tastenarchitektur mit ausgepr\u00e4gtem Tastgef\u00fchl und schnellerer Reaktion.<br \/>\n10-Tasten-Rollover f\u00fcr extremes Anti-Ghosting.<\/li>\n<\/ul>\n<\/div>\n<\/div>\n","protected":false},"featured_media":22888,"comment_status":"open","ping_status":"closed","template":"","meta":{"iawp_total_views":86},"product_brand":[],"product_cat":[25],"product_tag":[],"class_list":{"0":"post-23228","1":"product","2":"type-product","3":"status-publish","4":"has-post-thumbnail","6":"product_cat-pc-gamepads-standard-controllers-de","8":"first","9":"instock","10":"sale","11":"taxable","12":"shipping-taxable","13":"purchasable","14":"product-type-simple"},"jetpack_sharing_enabled":true,"_links":{"self":[{"href":"https:\/\/www.momengames.com\/index.php\/wp-json\/wp\/v2\/product\/23228","targetHints":{"allow":["GET"]}}],"collection":[{"href":"https:\/\/www.momengames.com\/index.php\/wp-json\/wp\/v2\/product"}],"about":[{"href":"https:\/\/www.momengames.com\/index.php\/wp-json\/wp\/v2\/types\/product"}],"replies":[{"embeddable":true,"href":"https:\/\/www.momengames.com\/index.php\/wp-json\/wp\/v2\/comments?post=23228"}],"wp:featuredmedia":[{"embeddable":true,"href":"https:\/\/www.momengames.com\/index.php\/wp-json\/wp\/v2\/media\/22888"}],"wp:attachment":[{"href":"https:\/\/www.momengames.com\/index.php\/wp-json\/wp\/v2\/media?parent=23228"}],"wp:term":[{"taxonomy":"product_brand","embeddable":true,"href":"https:\/\/www.momengames.com\/index.php\/wp-json\/wp\/v2\/product_brand?post=23228"},{"taxonomy":"product_cat","embeddable":true,"href":"https:\/\/www.momengames.com\/index.php\/wp-json\/wp\/v2\/product_cat?post=23228"},{"taxonomy":"product_tag","embeddable":true,"href":"https:\/\/www.momengames.com\/index.php\/wp-json\/wp\/v2\/product_tag?post=23228"}],"curies":[{"name":"wp","href":"https:\/\/api.w.org\/{rel}","templated":true}]}}