{"id":23227,"date":"2024-05-29T15:28:59","date_gmt":"2024-05-29T15:28:59","guid":{"rendered":"https:\/\/www.momengames.com\/index.php\/product\/razer-basilisk-ultimate-wireless-gaming-mouse-20k-dpi-optical-sensor-11-programmable-buttons-100hr-battery-classic-black\/"},"modified":"2024-09-13T08:26:16","modified_gmt":"2024-09-13T08:26:16","slug":"razer-basilisk-ultimate-wireless-gaming-mouse-20k-dpi-optical-sensor-11-programmable-buttons-100hr-battery-classic-black","status":"publish","type":"product","link":"https:\/\/www.momengames.com\/index.php\/product\/razer-basilisk-ultimate-wireless-gaming-mouse-20k-dpi-optical-sensor-11-programmable-buttons-100hr-battery-classic-black\/?lang=de","title":{"rendered":"Kabellose Gaming-Maus Razer Basilisk Ultimate: Optischer Sensor mit 20.000 DPI, 11 programmierbare Tasten, 100-Stunden-Akku, klassisches Schwarz"},"content":{"rendered":"<ul class=\"a-unordered-list a-vertical a-spacing-mini\">\n<li class=\"a-spacing-mini\">25 % schneller als kabellose M\u00e4use der Konkurrenz: Die kabellose Razer HyperSpeed-Technologie vereint extrem niedrige Latenz und Interferenzreduzierung f\u00fcr echte kabellose Freiheit.<br \/>\n3x schneller als herk\u00f6mmliche mechanische Schalter: Die optischen Mausschalter von Razer verwenden eine lichtstrahlbasierte Bet\u00e4tigung und registrieren Tastendr\u00fccke mit Lichtgeschwindigkeit.<br \/>\nInklusive anpassbarer Chroma-Beleuchtung und RGB-Maus-Ladestation: Bietet 16,8 Millionen Farbkombinationen mit voreingestellten Profilen; bietet 5 Stunden kabellose Spielzeit nach 10 Minuten Ladezeit.<br \/>\n11 programmierbare Tasten: Erm\u00f6glicht die Neukonfiguration und Zuweisung komplexer Makrofunktionen \u00fcber Razer Synapse 3.<br \/>\nBis zu 100 Stunden Akkulaufzeit: Ein v\u00f6llig neuer, hocheffizienter Sensor und kabellose Technologie erm\u00f6glichen l\u00e4ngeres Gaming.<\/li>\n<\/ul>\n","protected":false},"excerpt":{"rendered":"<ul class=\"a-unordered-list a-vertical a-spacing-mini\">\n<li class=\"a-spacing-mini\">25 % schneller als kabellose M\u00e4use der Konkurrenz: Die kabellose Razer HyperSpeed-Technologie vereint extrem niedrige Latenz und Interferenzreduzierung f\u00fcr echte kabellose Freiheit.<br \/>\n3x schneller als herk\u00f6mmliche mechanische Schalter: Die optischen Mausschalter von Razer verwenden eine lichtstrahlbasierte Bet\u00e4tigung und registrieren Tastendr\u00fccke mit Lichtgeschwindigkeit.<br \/>\nInklusive anpassbarer Chroma-Beleuchtung und RGB-Maus-Ladestation: Bietet 16,8 Millionen Farbkombinationen mit voreingestellten Profilen; bietet 5 Stunden kabellose Spielzeit nach 10 Minuten Ladezeit.<br \/>\n11 programmierbare Tasten: Erm\u00f6glicht die Neukonfiguration und Zuweisung komplexer Makrofunktionen \u00fcber Razer Synapse 3.<br \/>\nBis zu 100 Stunden Akkulaufzeit: Ein v\u00f6llig neuer, hocheffizienter Sensor und kabellose Technologie erm\u00f6glichen l\u00e4ngeres Gaming.<\/li>\n<\/ul>\n","protected":false},"featured_media":22883,"comment_status":"open","ping_status":"closed","template":"","meta":{"iawp_total_views":29},"product_brand":[],"product_cat":[25],"product_tag":[],"class_list":{"0":"post-23227","1":"product","2":"type-product","3":"status-publish","4":"has-post-thumbnail","6":"product_cat-pc-gamepads-standard-controllers-de","8":"first","9":"instock","10":"sale","11":"taxable","12":"shipping-taxable","13":"purchasable","14":"product-type-simple"},"jetpack_sharing_enabled":true,"_links":{"self":[{"href":"https:\/\/www.momengames.com\/index.php\/wp-json\/wp\/v2\/product\/23227","targetHints":{"allow":["GET"]}}],"collection":[{"href":"https:\/\/www.momengames.com\/index.php\/wp-json\/wp\/v2\/product"}],"about":[{"href":"https:\/\/www.momengames.com\/index.php\/wp-json\/wp\/v2\/types\/product"}],"replies":[{"embeddable":true,"href":"https:\/\/www.momengames.com\/index.php\/wp-json\/wp\/v2\/comments?post=23227"}],"wp:featuredmedia":[{"embeddable":true,"href":"https:\/\/www.momengames.com\/index.php\/wp-json\/wp\/v2\/media\/22883"}],"wp:attachment":[{"href":"https:\/\/www.momengames.com\/index.php\/wp-json\/wp\/v2\/media?parent=23227"}],"wp:term":[{"taxonomy":"product_brand","embeddable":true,"href":"https:\/\/www.momengames.com\/index.php\/wp-json\/wp\/v2\/product_brand?post=23227"},{"taxonomy":"product_cat","embeddable":true,"href":"https:\/\/www.momengames.com\/index.php\/wp-json\/wp\/v2\/product_cat?post=23227"},{"taxonomy":"product_tag","embeddable":true,"href":"https:\/\/www.momengames.com\/index.php\/wp-json\/wp\/v2\/product_tag?post=23227"}],"curies":[{"name":"wp","href":"https:\/\/api.w.org\/{rel}","templated":true}]}}