{"id":23224,"date":"2024-05-29T15:12:13","date_gmt":"2024-05-29T15:12:13","guid":{"rendered":"https:\/\/www.momengames.com\/index.php\/product\/razer-tartarus-v2-gaming-keypad-mecha-membrane-key-switches-one-handed-keyboard-32-programmable-keys-customizable-chroma-rgb-lighting-programmable-macros-classic-black\/"},"modified":"2025-02-22T08:54:52","modified_gmt":"2025-02-22T08:54:52","slug":"razer-tartarus-v2-gaming-keypad-mecha-membrane-key-switches-one-handed-keyboard-32-programmable-keys-customizable-chroma-rgb-lighting-programmable-macros-classic-black","status":"publish","type":"product","link":"https:\/\/www.momengames.com\/index.php\/product\/razer-tartarus-v2-gaming-keypad-mecha-membrane-key-switches-one-handed-keyboard-32-programmable-keys-customizable-chroma-rgb-lighting-programmable-macros-classic-black\/?lang=de","title":{"rendered":"Razer Tartarus V2 Gaming-Keypad: Mecha-Membran-Tastenschalter \u2013 Einhandtastatur \u2013 32 programmierbare Tasten \u2013 anpassbare Chroma-RGB-Beleuchtung \u2013 programmierbare Makros \u2013 klassisches Schwarz"},"content":{"rendered":"<ul class=\"a-unordered-list a-vertical a-spacing-mini\">\n<li class=\"a-spacing-mini\">Leistungsstarke Mecha-Membran-Schalter: Bietet das taktile Feedback eines mechanischen Tastendrucks auf einem komfortablen, weich gepolsterten Membran-Gummidome-Schalter, der f\u00fcr Spiele geeignet ist. Analoge Funktionalit\u00e4t: Nein.<br \/>\n32 Mecha-Membran-Tasten f\u00fcr mehr Hotkeys und Aktionen: Perfekt f\u00fcr Spiele oder zur Integration in kreative Arbeitsabl\u00e4ufe mit vollst\u00e4ndig programmierbaren Tasten.<br \/>\nDaumenpad f\u00fcr verbesserte Bewegungssteuerung: Das 8-Wege-Richtungs-Daumenpad erm\u00f6glicht eine nat\u00fcrlichere Steuerung f\u00fcr konsolenorientierte Spieler und ein ergonomischeres Erlebnis.<br \/>\nVollst\u00e4ndig programmierbare Makros: Razer Hypershift erm\u00f6glicht die Neuzuordnung aller Tasten und Tastenkombinationen zur Ausf\u00fchrung komplexer Befehle.<br \/>\nUltimative Personalisierung und Gaming-Immersion mit Razer Chroma: Vollst\u00e4ndige Synchronisierung mit beliebten Spielen, Razer-Hardware, Philips Hue und Ausr\u00fcstung von \u00fcber 30 Partnern; unterst\u00fctzt 16,8 Millionen Farben auf einzeln hintergrundbeleuchteten Tasten.<\/li>\n<\/ul>\n","protected":false},"excerpt":{"rendered":"<ul class=\"a-unordered-list a-vertical a-spacing-mini\">\n<li class=\"a-spacing-mini\">Leistungsstarke Mecha-Membran-Schalter: Bietet das taktile Feedback eines mechanischen Tastendrucks auf einem komfortablen, weich gepolsterten Membran-Gummidome-Schalter, der f\u00fcr Spiele geeignet ist. Analoge Funktionalit\u00e4t: Nein.<br \/>\n32 Mecha-Membran-Tasten f\u00fcr mehr Hotkeys und Aktionen: Perfekt f\u00fcr Spiele oder zur Integration in kreative Arbeitsabl\u00e4ufe mit vollst\u00e4ndig programmierbaren Tasten.<br \/>\nDaumenpad f\u00fcr verbesserte Bewegungssteuerung: Das 8-Wege-Richtungs-Daumenpad erm\u00f6glicht eine nat\u00fcrlichere Steuerung f\u00fcr konsolenorientierte Spieler und ein ergonomischeres Erlebnis.<br \/>\nVollst\u00e4ndig programmierbare Makros: Razer Hypershift erm\u00f6glicht die Neuzuordnung aller Tasten und Tastenkombinationen zur Ausf\u00fchrung komplexer Befehle.<br \/>\nUltimative Personalisierung und Gaming-Immersion mit Razer Chroma: Vollst\u00e4ndige Synchronisierung mit beliebten Spielen, Razer-Hardware, Philips Hue und Ausr\u00fcstung von \u00fcber 30 Partnern; unterst\u00fctzt 16,8 Millionen Farben auf einzeln hintergrundbeleuchteten Tasten.<\/li>\n<\/ul>\n","protected":false},"featured_media":22874,"comment_status":"open","ping_status":"closed","template":"","meta":{"iawp_total_views":650},"product_brand":[],"product_cat":[25],"product_tag":[],"class_list":{"0":"post-23224","1":"product","2":"type-product","3":"status-publish","4":"has-post-thumbnail","6":"product_cat-pc-gamepads-standard-controllers-de","8":"first","9":"instock","10":"sale","11":"taxable","12":"shipping-taxable","13":"purchasable","14":"product-type-simple"},"jetpack_sharing_enabled":true,"_links":{"self":[{"href":"https:\/\/www.momengames.com\/index.php\/wp-json\/wp\/v2\/product\/23224","targetHints":{"allow":["GET"]}}],"collection":[{"href":"https:\/\/www.momengames.com\/index.php\/wp-json\/wp\/v2\/product"}],"about":[{"href":"https:\/\/www.momengames.com\/index.php\/wp-json\/wp\/v2\/types\/product"}],"replies":[{"embeddable":true,"href":"https:\/\/www.momengames.com\/index.php\/wp-json\/wp\/v2\/comments?post=23224"}],"wp:featuredmedia":[{"embeddable":true,"href":"https:\/\/www.momengames.com\/index.php\/wp-json\/wp\/v2\/media\/22874"}],"wp:attachment":[{"href":"https:\/\/www.momengames.com\/index.php\/wp-json\/wp\/v2\/media?parent=23224"}],"wp:term":[{"taxonomy":"product_brand","embeddable":true,"href":"https:\/\/www.momengames.com\/index.php\/wp-json\/wp\/v2\/product_brand?post=23224"},{"taxonomy":"product_cat","embeddable":true,"href":"https:\/\/www.momengames.com\/index.php\/wp-json\/wp\/v2\/product_cat?post=23224"},{"taxonomy":"product_tag","embeddable":true,"href":"https:\/\/www.momengames.com\/index.php\/wp-json\/wp\/v2\/product_tag?post=23224"}],"curies":[{"name":"wp","href":"https:\/\/api.w.org\/{rel}","templated":true}]}}