{"id":23223,"date":"2024-05-29T15:00:54","date_gmt":"2024-05-29T15:00:54","guid":{"rendered":"https:\/\/www.momengames.com\/index.php\/product\/razer-basilisk-v3-customizable-ergonomic-gaming-mouse-fastest-gaming-mouse-switch-chroma-rgb-lighting-26k-dpi-optical-sensor-classic-black\/"},"modified":"2024-09-13T08:25:36","modified_gmt":"2024-09-13T08:25:36","slug":"razer-basilisk-v3-customizable-ergonomic-gaming-mouse-fastest-gaming-mouse-switch-chroma-rgb-lighting-26k-dpi-optical-sensor-classic-black","status":"publish","type":"product","link":"https:\/\/www.momengames.com\/index.php\/product\/razer-basilisk-v3-customizable-ergonomic-gaming-mouse-fastest-gaming-mouse-switch-chroma-rgb-lighting-26k-dpi-optical-sensor-classic-black\/?lang=de","title":{"rendered":"Anpassbare ergonomische Gaming-Maus Razer Basilisk V3: Schnellster Gaming-Mausschalter \u2013 Chroma-RGB-Beleuchtung \u2013 optischer 26K-DPI-Sensor \u2013 Klassisches Schwarz"},"content":{"rendered":"<ul class=\"a-unordered-list a-vertical a-spacing-mini\" style=\"box-sizing: border-box; margin-bottom: 0px; margin-left: 18px; color: #0f1111; font-family: 'Amazon Ember', Arial, sans-serif; font-size: 14px;\">\n<li class=\"a-spacing-mini\" style=\"box-sizing: border-box; list-style: disc; overflow-wrap: break-word; margin: 0px;\">IKONISCHES ERGONOMISCHES DESIGN MIT DAUMENAUFLAGE \u2013 Von Millionen Menschen weltweit bevorzugte PC-Gaming-Maus mit einem Formfaktor, der die Hand perfekt st\u00fctzt, w\u00e4hrend die Tasten f\u00fcr einen schnellen und einfachen Zugriff optimal positioniert sind<br \/>\n11 PROGRAMMIERBARE TASTEN \u2013 Weisen Sie Makros und sekund\u00e4re Funktionen 11 programmierbaren Tasten zu, um wichtige Aktionen wie Push-to-Talk, Ping und mehr auszuf\u00fchren<br \/>\nHYPERSCROLL-KIPPRAD \u2013 Rasantes Durchbl\u00e4ttern von Inhalten mit einem Scrollrad, das sich frei dreht, bis es anh\u00e4lt, oder wechseln Sie in den taktilen Modus f\u00fcr mehr Pr\u00e4zision und zufriedenstellendes Feedback, das ideal zum Durchlaufen von Waffen oder F\u00e4higkeiten ist<br \/>\n11 RAZER CHROMA RGB-BELEUCHTUNGSZONEN \u2013 Passen Sie jede Zone aus \u00fcber 16,8 Millionen Farben und unz\u00e4hligen Lichteffekten an, w\u00e4hrend sie dynamisch auf \u00fcber 150 Chroma-integrierte Spiele reagiert<br \/>\nOPTISCHE MAUSSCHALTER GEN 2 \u2013 Mit null unbeabsichtigten Fehlklicks bieten diese Schalter eine klare, reaktionsschnelle Ausf\u00fchrung mit einer atemberaubenden Bet\u00e4tigungsgeschwindigkeit von 0,2 ms f\u00fcr bis zu 70 Millionen Klicks<br \/>\nFOCUS plus OPTISCHER SENSOR MIT 26.000 DPI \u2014 Erstklassiger Maussensor mit intelligenten Funktionen verfolgt Bewegungen einwandfrei und ohne Gl\u00e4ttung und erm\u00f6glicht so eine klare Reaktion und pixelgenaue Genauigkeit.<\/li>\n<\/ul>\n","protected":false},"excerpt":{"rendered":"<ul class=\"a-unordered-list a-vertical a-spacing-mini\">\n<li class=\"a-spacing-mini\">IKONISCHES ERGONOMISCHES DESIGN MIT DAUMENAUFLAGE \u2013 Von Millionen Menschen weltweit bevorzugte PC-Gaming-Maus mit einem Formfaktor, der die Hand perfekt st\u00fctzt, w\u00e4hrend die Tasten f\u00fcr einen schnellen und einfachen Zugriff optimal positioniert sind<br \/>\n11 PROGRAMMIERBARE TASTEN \u2013 Weisen Sie Makros und sekund\u00e4re Funktionen 11 programmierbaren Tasten zu, um wichtige Aktionen wie Push-to-Talk, Ping und mehr auszuf\u00fchren<br \/>\nHYPERSCROLL-KIPPRAD \u2013 Rasantes Durchbl\u00e4ttern von Inhalten mit einem Scrollrad, das sich frei dreht, bis es anh\u00e4lt, oder wechseln Sie in den taktilen Modus f\u00fcr mehr Pr\u00e4zision und zufriedenstellendes Feedback, das ideal zum Durchlaufen von Waffen oder F\u00e4higkeiten ist<br \/>\n11 RAZER CHROMA RGB-BELEUCHTUNGSZONEN \u2013 Passen Sie jede Zone aus \u00fcber 16,8 Millionen Farben und unz\u00e4hligen Lichteffekten an, w\u00e4hrend sie dynamisch auf \u00fcber 150 Chroma-integrierte Spiele reagiert<br \/>\nOPTISCHE MAUSSCHALTER GEN 2 \u2013 Mit null unbeabsichtigten Fehlklicks bieten diese Schalter eine klare, reaktionsschnelle Ausf\u00fchrung mit einer atemberaubenden Bet\u00e4tigungsgeschwindigkeit von 0,2 ms f\u00fcr bis zu 70 Millionen Klicks<br \/>\nFOCUS plus OPTISCHER SENSOR MIT 26.000 DPI \u2014 Erstklassiger Maussensor mit intelligenten Funktionen verfolgt Bewegungen einwandfrei und ohne Gl\u00e4ttung und erm\u00f6glicht so eine klare Reaktion und pixelgenaue Genauigkeit.<\/li>\n<\/ul>\n","protected":false},"featured_media":22871,"comment_status":"open","ping_status":"closed","template":"","meta":{"iawp_total_views":9},"product_brand":[],"product_cat":[25],"product_tag":[],"class_list":{"0":"post-23223","1":"product","2":"type-product","3":"status-publish","4":"has-post-thumbnail","6":"product_cat-pc-gamepads-standard-controllers-de","8":"first","9":"instock","10":"sale","11":"taxable","12":"shipping-taxable","13":"purchasable","14":"product-type-simple"},"jetpack_sharing_enabled":true,"_links":{"self":[{"href":"https:\/\/www.momengames.com\/index.php\/wp-json\/wp\/v2\/product\/23223","targetHints":{"allow":["GET"]}}],"collection":[{"href":"https:\/\/www.momengames.com\/index.php\/wp-json\/wp\/v2\/product"}],"about":[{"href":"https:\/\/www.momengames.com\/index.php\/wp-json\/wp\/v2\/types\/product"}],"replies":[{"embeddable":true,"href":"https:\/\/www.momengames.com\/index.php\/wp-json\/wp\/v2\/comments?post=23223"}],"wp:featuredmedia":[{"embeddable":true,"href":"https:\/\/www.momengames.com\/index.php\/wp-json\/wp\/v2\/media\/22871"}],"wp:attachment":[{"href":"https:\/\/www.momengames.com\/index.php\/wp-json\/wp\/v2\/media?parent=23223"}],"wp:term":[{"taxonomy":"product_brand","embeddable":true,"href":"https:\/\/www.momengames.com\/index.php\/wp-json\/wp\/v2\/product_brand?post=23223"},{"taxonomy":"product_cat","embeddable":true,"href":"https:\/\/www.momengames.com\/index.php\/wp-json\/wp\/v2\/product_cat?post=23223"},{"taxonomy":"product_tag","embeddable":true,"href":"https:\/\/www.momengames.com\/index.php\/wp-json\/wp\/v2\/product_tag?post=23223"}],"curies":[{"name":"wp","href":"https:\/\/api.w.org\/{rel}","templated":true}]}}