{"id":133,"date":"2020-10-02T11:42:28","date_gmt":"2020-10-02T11:42:28","guid":{"rendered":"https:\/\/www.momengames.com\/index.php\/product\/apple-magic-mouse-2-wireless-rechargable-silver\/"},"modified":"2020-10-02T11:42:28","modified_gmt":"2020-10-02T11:42:28","slug":"apple-magic-mouse-2-wireless-rechargable-silver","status":"publish","type":"product","link":"https:\/\/www.momengames.com\/index.php\/product\/apple-magic-mouse-2-wireless-rechargable-silver\/?lang=de","title":{"rendered":"Apple Magic Mouse 2 (kabellos, wiederaufladbar) &#8211; Silber"},"content":{"rendered":"<p>Magic Mouse 2 ist vollst\u00e4ndig wiederaufladbar, sodass Sie keine herk\u00f6mmlichen Batterien mehr verwenden m\u00fcssen.<br \/>Es ist leichter, hat dank des eingebauten Akkus und der durchgehenden Bodenschale weniger bewegliche Teile und verf\u00fcgt \u00fcber ein optimiertes Fu\u00dfdesign &#8211; all dies hilft Magic Mouse 2 dabei, leichter zu verfolgen und sich mit weniger Widerstand auf Ihrem Schreibtisch zu bewegen.<br \/>Auf der Multi-Touch-Oberfl\u00e4che k\u00f6nnen Sie einfache Gesten ausf\u00fchren, z. B. zwischen Webseiten wischen und durch Dokumente scrollen.<br \/>Multi-Touch<br \/>Bluetooth<br \/>Blitzanschluss<br \/>Kabellos<\/p>\n","protected":false},"excerpt":{"rendered":"<p>Magic Mouse 2 ist vollst\u00e4ndig wiederaufladbar, sodass Sie keine herk\u00f6mmlichen Batterien mehr verwenden m\u00fcssen.<br \/>Es ist leichter, hat dank des eingebauten Akkus und der durchgehenden Bodenschale weniger bewegliche Teile und verf\u00fcgt \u00fcber ein optimiertes Fu\u00dfdesign &#8211; all dies hilft Magic Mouse 2 dabei, leichter zu verfolgen und sich mit weniger Widerstand auf Ihrem Schreibtisch zu bewegen.<br \/>Auf der Multi-Touch-Oberfl\u00e4che k\u00f6nnen Sie einfache Gesten ausf\u00fchren, z. B. zwischen Webseiten wischen und durch Dokumente scrollen.<br \/>Multi-Touch<br \/>Bluetooth<br \/>Blitzanschluss<br \/>Kabellos<\/p>\n","protected":false},"featured_media":134,"comment_status":"open","ping_status":"closed","template":"","meta":{"iawp_total_views":147},"product_brand":[],"product_cat":[24],"product_tag":[],"class_list":{"0":"post-133","1":"product","2":"type-product","3":"status-publish","4":"has-post-thumbnail","6":"product_cat-electronics-accessories-de","8":"first","9":"instock","10":"sale","11":"taxable","12":"shipping-taxable","13":"purchasable","14":"product-type-simple"},"jetpack_sharing_enabled":true,"_links":{"self":[{"href":"https:\/\/www.momengames.com\/index.php\/wp-json\/wp\/v2\/product\/133","targetHints":{"allow":["GET"]}}],"collection":[{"href":"https:\/\/www.momengames.com\/index.php\/wp-json\/wp\/v2\/product"}],"about":[{"href":"https:\/\/www.momengames.com\/index.php\/wp-json\/wp\/v2\/types\/product"}],"replies":[{"embeddable":true,"href":"https:\/\/www.momengames.com\/index.php\/wp-json\/wp\/v2\/comments?post=133"}],"wp:featuredmedia":[{"embeddable":true,"href":"https:\/\/www.momengames.com\/index.php\/wp-json\/wp\/v2\/media\/134"}],"wp:attachment":[{"href":"https:\/\/www.momengames.com\/index.php\/wp-json\/wp\/v2\/media?parent=133"}],"wp:term":[{"taxonomy":"product_brand","embeddable":true,"href":"https:\/\/www.momengames.com\/index.php\/wp-json\/wp\/v2\/product_brand?post=133"},{"taxonomy":"product_cat","embeddable":true,"href":"https:\/\/www.momengames.com\/index.php\/wp-json\/wp\/v2\/product_cat?post=133"},{"taxonomy":"product_tag","embeddable":true,"href":"https:\/\/www.momengames.com\/index.php\/wp-json\/wp\/v2\/product_tag?post=133"}],"curies":[{"name":"wp","href":"https:\/\/api.w.org\/{rel}","templated":true}]}}