{"id":129,"date":"2020-10-02T11:54:12","date_gmt":"2020-10-02T11:54:12","guid":{"rendered":"https:\/\/www.momengames.com\/index.php\/product\/benq-zowie-xl2411p-24-inch-144hz-gaming-monitor-1080p-1ms-black-equalizer-color-vibrance-for-competitive-edge\/"},"modified":"2025-09-25T06:48:46","modified_gmt":"2025-09-25T06:48:46","slug":"benq-zowie-xl2411p-24-inch-144hz-gaming-monitor-1080p-1ms-black-equalizer-color-vibrance-for-competitive-edge","status":"publish","type":"product","link":"https:\/\/www.momengames.com\/index.php\/product\/benq-zowie-xl2411p-24-inch-144hz-gaming-monitor-1080p-1ms-black-equalizer-color-vibrance-for-competitive-edge\/?lang=de","title":{"rendered":"BenQ ZOWIE XL2411P 24 Zoll 144Hz Gaming Monitor | 1080P 1 ms | Schwarzer eQualizer &#038; Farbvibranz f\u00fcr Wettbewerbsvorteile"},"content":{"rendered":"<p>Gr\u00f6\u00dfe: 24 &#8220;144Hz<br \/>Die XL-Serie von BenQ ZOWIE bietet die Premiere e-Sports-Monitore f\u00fcr PC-Konkurrenten, die auf das reibungsloseste und reaktionsschnellste Erlebnis abgestimmt sind, und die klarsten Bilder, um Sie f\u00fcr den Wettbewerb vorzubereiten. Nicht reflektierende L\u00fcnetten sollen den Spielern helfen, sich auf ihre Spiele zu konzentrieren. Untersuchungen haben gezeigt, dass ein Rahmen, der au\u00dferhalb eines Kunstwerks platziert wird, das Szenario innerhalb der Grenze isoliert. Es wird auch von professionellen Spielern entworfen, getestet und ausgew\u00e4hlt. Low Blue Light-Technologie: Herausfiltern von sch\u00e4dlichem blauem Licht, Anzeigebereich: 531,3 x 298,8 Pixelabstand (mm): 0,276, Typ. Helligkeit (cd \/ \u33a1): 350, Typ. Kontrast: 1000: 1, Typ. DCR (DyNamic Contrast Ratio): 12M: 1, Plattentyp: TN, Stromverbrauch (Ein-Modus): 45 W, Abmessungen mit Wandhalterung (HxBxT mm): 347x570x59,97, Drehpunkt 90 \u00b0: V, drehbar ( links \/ rechts): 45\/45, Neigung (\u00b0): -5 ~ 20 H\u00f6henverstellung (mm): 130<\/p>\n","protected":false},"excerpt":{"rendered":"<p>Gr\u00f6\u00dfe: 24 &#8220;144Hz<br \/>Die XL-Serie von BenQ ZOWIE bietet die Premiere e-Sports-Monitore f\u00fcr PC-Konkurrenten, die auf das reibungsloseste und reaktionsschnellste Erlebnis abgestimmt sind, und die klarsten Bilder, um Sie f\u00fcr den Wettbewerb vorzubereiten. Nicht reflektierende L\u00fcnetten sollen den Spielern helfen, sich auf ihre Spiele zu konzentrieren. Untersuchungen haben gezeigt, dass ein Rahmen, der au\u00dferhalb eines Kunstwerks platziert wird, das Szenario innerhalb der Grenze isoliert. Es wird auch von professionellen Spielern entworfen, getestet und ausgew\u00e4hlt. Low Blue Light-Technologie: Herausfiltern von sch\u00e4dlichem blauem Licht, Anzeigebereich: 531,3 x 298,8 Pixelabstand (mm): 0,276, Typ. Helligkeit (cd \/ \u33a1): 350, Typ. Kontrast: 1000: 1, Typ. DCR (DyNamic Contrast Ratio): 12M: 1, Plattentyp: TN, Stromverbrauch (Ein-Modus): 45 W, Abmessungen mit Wandhalterung (HxBxT mm): 347x570x59,97, Drehpunkt 90 \u00b0: V, drehbar ( links \/ rechts): 45\/45, Neigung (\u00b0): -5 ~ 20 H\u00f6henverstellung (mm): 130<\/p>\n","protected":false},"featured_media":130,"comment_status":"open","ping_status":"closed","template":"","meta":{"iawp_total_views":385},"product_brand":[],"product_cat":[24,50],"product_tag":[],"class_list":{"0":"post-129","1":"product","2":"type-product","3":"status-publish","4":"has-post-thumbnail","6":"product_cat-electronics-accessories-de","7":"product_cat-monitor-de","9":"first","10":"instock","11":"taxable","12":"shipping-taxable","13":"purchasable","14":"product-type-simple"},"jetpack_sharing_enabled":true,"_links":{"self":[{"href":"https:\/\/www.momengames.com\/index.php\/wp-json\/wp\/v2\/product\/129","targetHints":{"allow":["GET"]}}],"collection":[{"href":"https:\/\/www.momengames.com\/index.php\/wp-json\/wp\/v2\/product"}],"about":[{"href":"https:\/\/www.momengames.com\/index.php\/wp-json\/wp\/v2\/types\/product"}],"replies":[{"embeddable":true,"href":"https:\/\/www.momengames.com\/index.php\/wp-json\/wp\/v2\/comments?post=129"}],"wp:featuredmedia":[{"embeddable":true,"href":"https:\/\/www.momengames.com\/index.php\/wp-json\/wp\/v2\/media\/130"}],"wp:attachment":[{"href":"https:\/\/www.momengames.com\/index.php\/wp-json\/wp\/v2\/media?parent=129"}],"wp:term":[{"taxonomy":"product_brand","embeddable":true,"href":"https:\/\/www.momengames.com\/index.php\/wp-json\/wp\/v2\/product_brand?post=129"},{"taxonomy":"product_cat","embeddable":true,"href":"https:\/\/www.momengames.com\/index.php\/wp-json\/wp\/v2\/product_cat?post=129"},{"taxonomy":"product_tag","embeddable":true,"href":"https:\/\/www.momengames.com\/index.php\/wp-json\/wp\/v2\/product_tag?post=129"}],"curies":[{"name":"wp","href":"https:\/\/api.w.org\/{rel}","templated":true}]}}