{"id":127,"date":"2020-10-02T12:04:57","date_gmt":"2020-10-02T12:04:57","guid":{"rendered":"https:\/\/www.momengames.com\/index.php\/product\/benq-27-inch-1080p-monitor-75-hz-1ms-for-gaming-proprietary-eye-care-tech-adaptive-brightness-for-image-quality-gl2780glossy-black\/"},"modified":"2025-09-25T06:48:46","modified_gmt":"2025-09-25T06:48:46","slug":"benq-27-inch-1080p-monitor-75-hz-1ms-for-gaming-proprietary-eye-care-tech-adaptive-brightness-for-image-quality-gl2780glossy-black","status":"publish","type":"product","link":"https:\/\/www.momengames.com\/index.php\/product\/benq-27-inch-1080p-monitor-75-hz-1ms-for-gaming-proprietary-eye-care-tech-adaptive-brightness-for-image-quality-gl2780glossy-black\/?lang=de","title":{"rendered":"BenQ 27 Zoll 1080P Monitor | 75 Hz 1 ms f\u00fcr Spiele | Proprietary Eye-Care Tech | Adaptive Helligkeit f\u00fcr Bildqualit\u00e4t | GL2780, gl\u00e4nzend schwarz"},"content":{"rendered":"<p>Egal, ob Sie die Show im Internet verfolgen oder Dokumente anzeigen, der BenQ GL2780 LED-Monitor ist die perfekte Wahl f\u00fcr Sie mit Stil! Dieser 27 &#8220;16: 9 LED-Monitor bietet ein dynamisches Verh\u00e4ltnis von 12M: 1, flimmerfrei und eine Reaktionszeit von 1 ms f\u00fcr Spiele. Er bietet Ihnen audiovisuellen Genuss. Stromversorgung &#8211; integrierte superschnelle 1-ms-GTG-Reaktion und 75-Hz-Aktualisierung Die Rate eliminiert Bewegungsverschmierungen f\u00fcr eine reibungslose Videoanzeige und Spielerlebnisse. Schnelle Aktionen und dramatische \u00dcberg\u00e4nge werden ohne Verz\u00f6gerung oder Geisterbilder fehlerfrei wiedergegeben. Genie\u00dfen Sie beeindruckende Spiele- und Videounterhaltung ohne Verz\u00f6gerung. Die neueste HDMI-Hochgeschwindigkeits-Multimedia-Oberfl\u00e4che erm\u00f6glicht m\u00fchelosen Komfort f\u00fcr digitale Unterhaltung von den Quellger\u00e4ten von heute sowie von den Multimedia-Ger\u00e4ten von morgen.<\/p>\n","protected":false},"excerpt":{"rendered":"<p>Egal, ob Sie die Show im Internet verfolgen oder Dokumente anzeigen, der BenQ GL2780 LED-Monitor ist die perfekte Wahl f\u00fcr Sie mit Stil! Dieser 27 &#8220;16: 9 LED-Monitor bietet ein dynamisches Verh\u00e4ltnis von 12M: 1, flimmerfrei und eine Reaktionszeit von 1 ms f\u00fcr Spiele. Er bietet Ihnen audiovisuellen Genuss. Stromversorgung &#8211; integrierte superschnelle 1-ms-GTG-Reaktion und 75-Hz-Aktualisierung Die Rate eliminiert Bewegungsverschmierungen f\u00fcr eine reibungslose Videoanzeige und Spielerlebnisse. Schnelle Aktionen und dramatische \u00dcberg\u00e4nge werden ohne Verz\u00f6gerung oder Geisterbilder fehlerfrei wiedergegeben. Genie\u00dfen Sie beeindruckende Spiele- und Videounterhaltung ohne Verz\u00f6gerung. Die neueste HDMI-Hochgeschwindigkeits-Multimedia-Oberfl\u00e4che erm\u00f6glicht m\u00fchelosen Komfort f\u00fcr digitale Unterhaltung von den Quellger\u00e4ten von heute sowie von den Multimedia-Ger\u00e4ten von morgen.<\/p>\n","protected":false},"featured_media":128,"comment_status":"open","ping_status":"closed","template":"","meta":{"iawp_total_views":54},"product_brand":[],"product_cat":[24,50],"product_tag":[],"class_list":{"0":"post-127","1":"product","2":"type-product","3":"status-publish","4":"has-post-thumbnail","6":"product_cat-electronics-accessories-de","7":"product_cat-monitor-de","9":"first","10":"instock","11":"taxable","12":"shipping-taxable","13":"purchasable","14":"product-type-simple"},"jetpack_sharing_enabled":true,"_links":{"self":[{"href":"https:\/\/www.momengames.com\/index.php\/wp-json\/wp\/v2\/product\/127","targetHints":{"allow":["GET"]}}],"collection":[{"href":"https:\/\/www.momengames.com\/index.php\/wp-json\/wp\/v2\/product"}],"about":[{"href":"https:\/\/www.momengames.com\/index.php\/wp-json\/wp\/v2\/types\/product"}],"replies":[{"embeddable":true,"href":"https:\/\/www.momengames.com\/index.php\/wp-json\/wp\/v2\/comments?post=127"}],"wp:featuredmedia":[{"embeddable":true,"href":"https:\/\/www.momengames.com\/index.php\/wp-json\/wp\/v2\/media\/128"}],"wp:attachment":[{"href":"https:\/\/www.momengames.com\/index.php\/wp-json\/wp\/v2\/media?parent=127"}],"wp:term":[{"taxonomy":"product_brand","embeddable":true,"href":"https:\/\/www.momengames.com\/index.php\/wp-json\/wp\/v2\/product_brand?post=127"},{"taxonomy":"product_cat","embeddable":true,"href":"https:\/\/www.momengames.com\/index.php\/wp-json\/wp\/v2\/product_cat?post=127"},{"taxonomy":"product_tag","embeddable":true,"href":"https:\/\/www.momengames.com\/index.php\/wp-json\/wp\/v2\/product_tag?post=127"}],"curies":[{"name":"wp","href":"https:\/\/api.w.org\/{rel}","templated":true}]}}