{"id":119,"date":"2020-10-06T13:37:29","date_gmt":"2020-10-06T13:37:29","guid":{"rendered":"https:\/\/www.momengames.com\/index.php\/product\/razer-wolverine-tournament-edition-officially-licensed-xbox-one-controller-4-remappable-multi-function-buttons-hair-trigger-mode-for-pc-xbox-one-xbox-series-x-s-black\/"},"modified":"2020-10-06T13:37:29","modified_gmt":"2020-10-06T13:37:29","slug":"razer-wolverine-tournament-edition-officially-licensed-xbox-one-controller-4-remappable-multi-function-buttons-hair-trigger-mode-for-pc-xbox-one-xbox-series-x-s-black","status":"publish","type":"product","link":"https:\/\/www.momengames.com\/index.php\/product\/razer-wolverine-tournament-edition-officially-licensed-xbox-one-controller-4-remappable-multi-function-buttons-hair-trigger-mode-for-pc-xbox-one-xbox-series-x-s-black\/?lang=de","title":{"rendered":"Razer Wolverine Tournament Edition Offiziell lizenzierter Xbox One-Controller: 4 wiederzuordnende Multifunktionstasten &#8211; Haarausl\u00f6sermodus &#8211; F\u00fcr PC, Xbox One, Xbox Series X &#038; S &#8211; Schwarz"},"content":{"rendered":"<p>Gr\u00f6\u00dfe: Controller | Stil: Wolverine Tournament Edition,<br \/>Messen und gewinnen Sie mit der Razer Wolverine Tournament Edition, einem anpassbaren Controller f\u00fcr wettbewerbsf\u00e4higes Spielen auf Xbox One und PC. Der Razer Wolverine TE ist mit 4 wieder zusammensetzbaren Multifunktionstasten ausgestattet und kann an Ihre individuellen Bed\u00fcrfnisse angepasst werden. Razer Wolverine TE wird mit Razer Chroma-Beleuchtung betrieben, sodass Sie Ihren Controller weiter personalisieren und ein noch intensiveres Spielerlebnis genie\u00dfen k\u00f6nnen. Systemanforderungen: Xbox One oder PC (Windows 10), Internetverbindung f\u00fcr Razer Synapse f\u00fcr Xbox. Anschlie\u00dfen an Ihre Xbox One Verbinden Sie Ihren Razer Wolverine TE mit dem USB-Micro-USB-Kabel mit der Xbox. Dr\u00fccken Sie die Xbox-Taste, und Ihr Razer TE ist betriebsbereit. Anschlie\u00dfen an Ihren PC Verbinden Sie Ihren Razer Wolverine TE \u00fcber das USB-zu-Micro-USB-Kabel mit der Xbox. Warten Sie, bis die Xbox One-Controller-Treiber automatisch installiert werden, oder aktualisieren Sie die Treiber manuell \u00fcber den Ger\u00e4te-Manager.<\/p>\n","protected":false},"excerpt":{"rendered":"<p>Gr\u00f6\u00dfe: Controller | Stil: Wolverine Tournament Edition,<br \/>Messen und gewinnen Sie mit der Razer Wolverine Tournament Edition, einem anpassbaren Controller f\u00fcr wettbewerbsf\u00e4higes Spielen auf Xbox One und PC. Der Razer Wolverine TE ist mit 4 wieder zusammensetzbaren Multifunktionstasten ausgestattet und kann an Ihre individuellen Bed\u00fcrfnisse angepasst werden. Razer Wolverine TE wird mit Razer Chroma-Beleuchtung betrieben, sodass Sie Ihren Controller weiter personalisieren und ein noch intensiveres Spielerlebnis genie\u00dfen k\u00f6nnen. Systemanforderungen: Xbox One oder PC (Windows 10), Internetverbindung f\u00fcr Razer Synapse f\u00fcr Xbox. Anschlie\u00dfen an Ihre Xbox One Verbinden Sie Ihren Razer Wolverine TE mit dem USB-Micro-USB-Kabel mit der Xbox. Dr\u00fccken Sie die Xbox-Taste, und Ihr Razer TE ist betriebsbereit. Anschlie\u00dfen an Ihren PC Verbinden Sie Ihren Razer Wolverine TE \u00fcber das USB-zu-Micro-USB-Kabel mit der Xbox. Warten Sie, bis die Xbox One-Controller-Treiber automatisch installiert werden, oder aktualisieren Sie die Treiber manuell \u00fcber den Ger\u00e4te-Manager.<\/p>\n","protected":false},"featured_media":120,"comment_status":"open","ping_status":"closed","template":"","meta":{"iawp_total_views":86},"product_brand":[],"product_cat":[25],"product_tag":[],"class_list":{"0":"post-119","1":"product","2":"type-product","3":"status-publish","4":"has-post-thumbnail","6":"product_cat-pc-gamepads-standard-controllers-de","8":"first","9":"instock","10":"taxable","11":"shipping-taxable","12":"purchasable","13":"product-type-simple"},"jetpack_sharing_enabled":true,"_links":{"self":[{"href":"https:\/\/www.momengames.com\/index.php\/wp-json\/wp\/v2\/product\/119","targetHints":{"allow":["GET"]}}],"collection":[{"href":"https:\/\/www.momengames.com\/index.php\/wp-json\/wp\/v2\/product"}],"about":[{"href":"https:\/\/www.momengames.com\/index.php\/wp-json\/wp\/v2\/types\/product"}],"replies":[{"embeddable":true,"href":"https:\/\/www.momengames.com\/index.php\/wp-json\/wp\/v2\/comments?post=119"}],"wp:featuredmedia":[{"embeddable":true,"href":"https:\/\/www.momengames.com\/index.php\/wp-json\/wp\/v2\/media\/120"}],"wp:attachment":[{"href":"https:\/\/www.momengames.com\/index.php\/wp-json\/wp\/v2\/media?parent=119"}],"wp:term":[{"taxonomy":"product_brand","embeddable":true,"href":"https:\/\/www.momengames.com\/index.php\/wp-json\/wp\/v2\/product_brand?post=119"},{"taxonomy":"product_cat","embeddable":true,"href":"https:\/\/www.momengames.com\/index.php\/wp-json\/wp\/v2\/product_cat?post=119"},{"taxonomy":"product_tag","embeddable":true,"href":"https:\/\/www.momengames.com\/index.php\/wp-json\/wp\/v2\/product_tag?post=119"}],"curies":[{"name":"wp","href":"https:\/\/api.w.org\/{rel}","templated":true}]}}