{"id":115,"date":"2020-10-06T13:39:19","date_gmt":"2020-10-06T13:39:19","guid":{"rendered":"https:\/\/www.momengames.com\/index.php\/product\/steelseries-stratus-duo-wireless-gaming-controller-made-for-android-windows-and-vr-dual-wireless-connectivity-high-performance-materials-supports-fortnite-mob\/"},"modified":"2020-10-06T13:39:19","modified_gmt":"2020-10-06T13:39:19","slug":"steelseries-stratus-duo-wireless-gaming-controller-made-for-android-windows-and-vr-dual-wireless-connectivity-high-performance-materials-supports-fortnite-mob","status":"publish","type":"product","link":"https:\/\/www.momengames.com\/index.php\/product\/steelseries-stratus-duo-wireless-gaming-controller-made-for-android-windows-and-vr-dual-wireless-connectivity-high-performance-materials-supports-fortnite-mob\/?lang=de","title":{"rendered":"SteelSeries Stratus Duo Wireless Gaming Controller &#8211; Entwickelt f\u00fcr Android, Windows und VR &#8211; Dual-Wireless-Konnektivit\u00e4t &#8211; Hochleistungsmaterialien &#8211; Unterst\u00fctzt Fortnite Mobile"},"content":{"rendered":"<p>Stil: Stratus Duo &#8211; Android + PC,<br \/>Das stratus Duo bietet Android, Windows, VR und mehr ein echtes Spielerlebnis f\u00fcr drahtlose Konsolen. Verwenden Sie Bluetooth f\u00fcr ein Setup-freies Spielen auf Android-Mobilger\u00e4ten oder wechseln Sie zu 2,4 GHz Wireless, um unter Windows und \u00fcber 5.000 Controller-f\u00e4higen Spielen auf Steam zu spielen. Die leistungsstarken Joysticks und Trigger des Stratus Duo registrieren Eingaben schneller und genauer als Touchscreens und Standard-Controller. Ein wiederaufladbarer Lithium-Ionen-Akku bietet eine Akkulaufzeit von mehr als 20 Stunden, sodass Sie \u00fcberall problemlos spielen k\u00f6nnen.<\/p>\n","protected":false},"excerpt":{"rendered":"<p>Stil: Stratus Duo &#8211; Android + PC,<br \/>Das stratus Duo bietet Android, Windows, VR und mehr ein echtes Spielerlebnis f\u00fcr drahtlose Konsolen. Verwenden Sie Bluetooth f\u00fcr ein Setup-freies Spielen auf Android-Mobilger\u00e4ten oder wechseln Sie zu 2,4 GHz Wireless, um unter Windows und \u00fcber 5.000 Controller-f\u00e4higen Spielen auf Steam zu spielen. Die leistungsstarken Joysticks und Trigger des Stratus Duo registrieren Eingaben schneller und genauer als Touchscreens und Standard-Controller. Ein wiederaufladbarer Lithium-Ionen-Akku bietet eine Akkulaufzeit von mehr als 20 Stunden, sodass Sie \u00fcberall problemlos spielen k\u00f6nnen.<\/p>\n","protected":false},"featured_media":1747,"comment_status":"open","ping_status":"closed","template":"","meta":{"iawp_total_views":24},"product_brand":[],"product_cat":[25],"product_tag":[],"class_list":{"0":"post-115","1":"product","2":"type-product","3":"status-publish","4":"has-post-thumbnail","6":"product_cat-pc-gamepads-standard-controllers-de","8":"first","9":"instock","10":"taxable","11":"shipping-taxable","12":"purchasable","13":"product-type-simple"},"jetpack_sharing_enabled":true,"_links":{"self":[{"href":"https:\/\/www.momengames.com\/index.php\/wp-json\/wp\/v2\/product\/115","targetHints":{"allow":["GET"]}}],"collection":[{"href":"https:\/\/www.momengames.com\/index.php\/wp-json\/wp\/v2\/product"}],"about":[{"href":"https:\/\/www.momengames.com\/index.php\/wp-json\/wp\/v2\/types\/product"}],"replies":[{"embeddable":true,"href":"https:\/\/www.momengames.com\/index.php\/wp-json\/wp\/v2\/comments?post=115"}],"wp:featuredmedia":[{"embeddable":true,"href":"https:\/\/www.momengames.com\/index.php\/wp-json\/wp\/v2\/media\/1747"}],"wp:attachment":[{"href":"https:\/\/www.momengames.com\/index.php\/wp-json\/wp\/v2\/media?parent=115"}],"wp:term":[{"taxonomy":"product_brand","embeddable":true,"href":"https:\/\/www.momengames.com\/index.php\/wp-json\/wp\/v2\/product_brand?post=115"},{"taxonomy":"product_cat","embeddable":true,"href":"https:\/\/www.momengames.com\/index.php\/wp-json\/wp\/v2\/product_cat?post=115"},{"taxonomy":"product_tag","embeddable":true,"href":"https:\/\/www.momengames.com\/index.php\/wp-json\/wp\/v2\/product_tag?post=115"}],"curies":[{"name":"wp","href":"https:\/\/api.w.org\/{rel}","templated":true}]}}