{"id":113,"date":"2020-10-06T13:40:36","date_gmt":"2020-10-06T13:40:36","guid":{"rendered":"https:\/\/www.momengames.com\/index.php\/product\/steelseries-nimbus-bluetooth-mobile-gaming-controller-iphone-ipad-apple-tv-40-hour-battery-life-mfi-certified-supports-fortnite-mobile\/"},"modified":"2020-10-06T13:40:36","modified_gmt":"2020-10-06T13:40:36","slug":"steelseries-nimbus-bluetooth-mobile-gaming-controller-iphone-ipad-apple-tv-40-hour-battery-life-mfi-certified-supports-fortnite-mobile","status":"publish","type":"product","link":"https:\/\/www.momengames.com\/index.php\/product\/steelseries-nimbus-bluetooth-mobile-gaming-controller-iphone-ipad-apple-tv-40-hour-battery-life-mfi-certified-supports-fortnite-mobile\/?lang=de","title":{"rendered":"SteelSeries Nimbus Bluetooth-Gaming-Controller f\u00fcr Mobilger\u00e4te &#8211; iPhone, iPad, Apple TV &#8211; Akkulaufzeit \u00fcber 40 Stunden &#8211; Mfi-zertifiziert &#8211; Unterst\u00fctzt Fortnite Mobile"},"content":{"rendered":"<p>Stil: Nimbus &#8211; iOS,<br \/>Spielen Sie mit dem neuen drahtlosen Nimbus-Controller auf Ihrem Apple TV Hunderte Ihrer bevorzugten Controller-unterst\u00fctzten Spiele. Dieser Controller ist in voller Gr\u00f6\u00dfe, kabellos und basiert auf einem ergonomischen Konsolendesign. Weitere Funktionen sind mehr als 40 Stunden Spielzeit mit nur einer schnellen Aufladung \u00fcber den Lightning-Anschluss, eine LED-Benachrichtigung, eine einfach zu navigierende Men\u00fctaste und druckempfindliche Tasten f\u00fcr pr\u00e4ziseste Steuerung. Erleben Sie einige der besten Funktionen der Apple- und Stahlserie in Ihren H\u00e4nden.<\/p>\n<p>Victory Royale liegt mit dem vierzigj\u00e4hrigen Nimbus-Controller in Ihren H\u00e4nden<br \/>Genie\u00dfen Sie ein echtes kabelloses Konsolenerlebnis auf Ihrem iOS-Ger\u00e4t oder Mac \u00fcber Bluetooth 4.1<br \/>Kompatible Ger\u00e4te iPhone 6S, iPhone 6S Plus, iPhone 6, iPhone 6 Plus, iPhone 5, iPhone 5C, iPhone 5S, iPad Mini 4, iPad Mini 3, iPad Mini 2, iPad (4. Generation), iPad Air 2, iPod Touch ( 6. Generation) und Apple TV (4. Generation)<br \/>Druckempfindliche Tasten und vertrautes ergonomisches Konsolenlayout<br \/>Wird \u00fcber ein Lightning-Kabel f\u00fcr mehr als 40 Stunden ununterbrochenes Spielen aufgeladen<br \/>4 LEDs zeigen Ihren Spielerstatus w\u00e4hrend des Multiplayer-Spiels an<\/p>\n","protected":false},"excerpt":{"rendered":"<p>Stil: Nimbus &#8211; iOS,<br \/>Spielen Sie mit dem neuen drahtlosen Nimbus-Controller auf Ihrem Apple TV Hunderte Ihrer bevorzugten Controller-unterst\u00fctzten Spiele. Dieser Controller ist in voller Gr\u00f6\u00dfe, kabellos und basiert auf einem ergonomischen Konsolendesign. Weitere Funktionen sind mehr als 40 Stunden Spielzeit mit nur einer schnellen Aufladung \u00fcber den Lightning-Anschluss, eine LED-Benachrichtigung, eine einfach zu navigierende Men\u00fctaste und druckempfindliche Tasten f\u00fcr pr\u00e4ziseste Steuerung. Erleben Sie einige der besten Funktionen der Apple- und Stahlserie in Ihren H\u00e4nden.<\/p>\n<p>Victory Royale liegt mit dem vierzigj\u00e4hrigen Nimbus-Controller in Ihren H\u00e4nden<br \/>Genie\u00dfen Sie ein echtes kabelloses Konsolenerlebnis auf Ihrem iOS-Ger\u00e4t oder Mac \u00fcber Bluetooth 4.1<br \/>Kompatible Ger\u00e4te iPhone 6S, iPhone 6S Plus, iPhone 6, iPhone 6 Plus, iPhone 5, iPhone 5C, iPhone 5S, iPad Mini 4, iPad Mini 3, iPad Mini 2, iPad (4. Generation), iPad Air 2, iPod Touch ( 6. Generation) und Apple TV (4. Generation)<br \/>Druckempfindliche Tasten und vertrautes ergonomisches Konsolenlayout<br \/>Wird \u00fcber ein Lightning-Kabel f\u00fcr mehr als 40 Stunden ununterbrochenes Spielen aufgeladen<br \/>4 LEDs zeigen Ihren Spielerstatus w\u00e4hrend des Multiplayer-Spiels an<\/p>\n","protected":false},"featured_media":114,"comment_status":"open","ping_status":"closed","template":"","meta":{"iawp_total_views":34},"product_brand":[],"product_cat":[25],"product_tag":[],"class_list":{"0":"post-113","1":"product","2":"type-product","3":"status-publish","4":"has-post-thumbnail","6":"product_cat-pc-gamepads-standard-controllers-de","8":"first","9":"instock","10":"taxable","11":"shipping-taxable","12":"purchasable","13":"product-type-simple"},"jetpack_sharing_enabled":true,"_links":{"self":[{"href":"https:\/\/www.momengames.com\/index.php\/wp-json\/wp\/v2\/product\/113","targetHints":{"allow":["GET"]}}],"collection":[{"href":"https:\/\/www.momengames.com\/index.php\/wp-json\/wp\/v2\/product"}],"about":[{"href":"https:\/\/www.momengames.com\/index.php\/wp-json\/wp\/v2\/types\/product"}],"replies":[{"embeddable":true,"href":"https:\/\/www.momengames.com\/index.php\/wp-json\/wp\/v2\/comments?post=113"}],"wp:featuredmedia":[{"embeddable":true,"href":"https:\/\/www.momengames.com\/index.php\/wp-json\/wp\/v2\/media\/114"}],"wp:attachment":[{"href":"https:\/\/www.momengames.com\/index.php\/wp-json\/wp\/v2\/media?parent=113"}],"wp:term":[{"taxonomy":"product_brand","embeddable":true,"href":"https:\/\/www.momengames.com\/index.php\/wp-json\/wp\/v2\/product_brand?post=113"},{"taxonomy":"product_cat","embeddable":true,"href":"https:\/\/www.momengames.com\/index.php\/wp-json\/wp\/v2\/product_cat?post=113"},{"taxonomy":"product_tag","embeddable":true,"href":"https:\/\/www.momengames.com\/index.php\/wp-json\/wp\/v2\/product_tag?post=113"}],"curies":[{"name":"wp","href":"https:\/\/api.w.org\/{rel}","templated":true}]}}