{"id":111,"date":"2020-10-06T13:41:54","date_gmt":"2020-10-06T13:41:54","guid":{"rendered":"https:\/\/www.momengames.com\/index.php\/product\/steelseries-stratus-bluetooth-mobile-gaming-controller-android-windows-vr-40-hour-battery-life-supports-fortnite-mobile\/"},"modified":"2020-10-06T13:41:54","modified_gmt":"2020-10-06T13:41:54","slug":"steelseries-stratus-bluetooth-mobile-gaming-controller-android-windows-vr-40-hour-battery-life-supports-fortnite-mobile","status":"publish","type":"product","link":"https:\/\/www.momengames.com\/index.php\/product\/steelseries-stratus-bluetooth-mobile-gaming-controller-android-windows-vr-40-hour-battery-life-supports-fortnite-mobile\/?lang=de","title":{"rendered":"SteelSeries Stratus Bluetooth-Gaming-Controller f\u00fcr Mobilger\u00e4te &#8211; Android, Windows, VR &#8211; Akkulaufzeit \u00fcber 40 Stunden &#8211; Unterst\u00fctzt Fortnite Mobile"},"content":{"rendered":"<p>SteelSeries Stratus XL f\u00fcr Windows + Android<br \/>Spielen Sie mit dem neuen Stratus XL Wireless Gaming Controller f\u00fcr Windows und Android \u00fcber 2000 Ihrer bevorzugten Spiele mit vollem Controller \u00fcber Ihr Steam-Konto.<\/p>\n<p>Der Stratus XL wurde entwickelt, um aus der Box zu ziehen, eine Verbindung zu einem PC herzustellen und mit dem Spielen zu beginnen. Spielen Sie alle Controller-f\u00e4higen Steam-Spiele. Es funktioniert auch auf allen Android-Ger\u00e4ten.<\/p>\n","protected":false},"excerpt":{"rendered":"<p>SteelSeries Stratus XL f\u00fcr Windows + Android<br \/>Spielen Sie mit dem neuen Stratus XL Wireless Gaming Controller f\u00fcr Windows und Android \u00fcber 2000 Ihrer bevorzugten Spiele mit vollem Controller \u00fcber Ihr Steam-Konto.<\/p>\n<p>Der Stratus XL wurde entwickelt, um aus der Box zu ziehen, eine Verbindung zu einem PC herzustellen und mit dem Spielen zu beginnen. Spielen Sie alle Controller-f\u00e4higen Steam-Spiele. Es funktioniert auch auf allen Android-Ger\u00e4ten.<\/p>\n","protected":false},"featured_media":112,"comment_status":"open","ping_status":"closed","template":"","meta":{"iawp_total_views":7},"product_brand":[],"product_cat":[25],"product_tag":[],"class_list":{"0":"post-111","1":"product","2":"type-product","3":"status-publish","4":"has-post-thumbnail","6":"product_cat-pc-gamepads-standard-controllers-de","8":"first","9":"instock","10":"taxable","11":"shipping-taxable","12":"purchasable","13":"product-type-simple"},"jetpack_sharing_enabled":true,"_links":{"self":[{"href":"https:\/\/www.momengames.com\/index.php\/wp-json\/wp\/v2\/product\/111","targetHints":{"allow":["GET"]}}],"collection":[{"href":"https:\/\/www.momengames.com\/index.php\/wp-json\/wp\/v2\/product"}],"about":[{"href":"https:\/\/www.momengames.com\/index.php\/wp-json\/wp\/v2\/types\/product"}],"replies":[{"embeddable":true,"href":"https:\/\/www.momengames.com\/index.php\/wp-json\/wp\/v2\/comments?post=111"}],"wp:featuredmedia":[{"embeddable":true,"href":"https:\/\/www.momengames.com\/index.php\/wp-json\/wp\/v2\/media\/112"}],"wp:attachment":[{"href":"https:\/\/www.momengames.com\/index.php\/wp-json\/wp\/v2\/media?parent=111"}],"wp:term":[{"taxonomy":"product_brand","embeddable":true,"href":"https:\/\/www.momengames.com\/index.php\/wp-json\/wp\/v2\/product_brand?post=111"},{"taxonomy":"product_cat","embeddable":true,"href":"https:\/\/www.momengames.com\/index.php\/wp-json\/wp\/v2\/product_cat?post=111"},{"taxonomy":"product_tag","embeddable":true,"href":"https:\/\/www.momengames.com\/index.php\/wp-json\/wp\/v2\/product_tag?post=111"}],"curies":[{"name":"wp","href":"https:\/\/api.w.org\/{rel}","templated":true}]}}