{"id":23401,"date":"2024-07-01T08:05:49","date_gmt":"2024-07-01T08:05:49","guid":{"rendered":"https:\/\/www.momengames.com\/?page_id=23401"},"modified":"2024-07-01T08:05:52","modified_gmt":"2024-07-01T08:05:52","slug":"conditions-dutilisation","status":"publish","type":"page","link":"https:\/\/www.momengames.com\/index.php\/conditions-dutilisation\/?lang=fr","title":{"rendered":"Conditions d&#8217;utilisation"},"content":{"rendered":"\n<p>UTILISATION DE CE SITE<br>Tous les \u00e9l\u00e9ments que vous voyez et entendez sur ce Site \u2014 y compris, par exemple, tous les en-t\u00eates de page, images, textes, illustrations, formats, logos, designs, ic\u00f4nes, photographies, programmes et clips vid\u00e9o ou audio (individuellement ou collectivement, le \u00ab&nbsp;Contenu(s)&nbsp;\u00bb&nbsp;\u2013 sont destin\u00e9s uniquement \u00e0 votre usage personnel, non exclusif et non commercial. Vous pouvez acc\u00e9der, visualiser, t\u00e9l\u00e9charger, imprimer ou copier le contenu affich\u00e9 sur le site pour votre usage personnel et non commercial uniquement&nbsp;; \u00e0 condition, toutefois, que vous (1) conserviez tous les droits d&#8217;auteur, marques commerciales ou autres d\u00e9signations de propri\u00e9t\u00e9 contenus sur tous les contenus&nbsp;; (2) ne pas modifier ou alt\u00e9rer le contenu de quelque mani\u00e8re que ce soit&nbsp;; et (3) ne fournissez ni ne mettez \u00e0 disposition le contenu \u00e0 un tiers. Aucun droit, titre ou int\u00e9r\u00eat sur tout contenu consult\u00e9, t\u00e9l\u00e9charg\u00e9, imprim\u00e9 ou copi\u00e9 ne vous est transf\u00e9r\u00e9 \u00e0 la suite de votre utilisation de ce site. Next Level Electronics Inc. poss\u00e8de et se r\u00e9serve tous les droits, titres et int\u00e9r\u00eats relatifs aux droits de propri\u00e9t\u00e9 intellectuelle sur tout contenu auquel vous pouvez acc\u00e9der sur ce site. Sauf comme indiqu\u00e9 ci-dessus, vous ne pouvez pas copier, t\u00e9l\u00e9charger, reproduire, publier, transmettre, distribuer, afficher, modifier, cr\u00e9er des \u0153uvres d\u00e9riv\u00e9es ou exploiter de quelque mani\u00e8re que ce soit le contenu ou ce site sans obtenir au pr\u00e9alable l&#8217;autorisation \u00e9crite de Next Level Electronics Inc. .<\/p>\n\n\n\n<p>Next Level Electronics Inc. peut r\u00e9silier, modifier, suspendre ou interrompre tout aspect de ce site, y compris la disponibilit\u00e9 de toutes les fonctionnalit\u00e9s du site, \u00e0 tout moment et sans pr\u00e9avis. Next Level Electronics Inc. se r\u00e9serve \u00e9galement le droit de bloquer ou de refuser l&#8217;acc\u00e8s au site \u00e0 quiconque, \u00e0 tout moment et pour quelque raison que ce soit.<\/p>\n\n\n\n<p>En utilisant ce site, vous d\u00e9clarez et garantissez que vous avez au moins dix-huit (18) ans. Si vous n&#8217;avez pas au moins dix-huit (18) ans, n&#8217;utilisez pas ce site sans le consentement de votre parent ou tuteur l\u00e9gal&nbsp;; \u00e0 condition, toutefois, que si vous avez moins de treize (13) ans, vous ne pouvez en aucun cas utiliser ce site.<\/p>\n\n\n\n<p>RESPECT DE TOUTES LES LOIS ET S\u00c9CURIT\u00c9 DU SITE<br>Vous acceptez d&#8217;utiliser ce site uniquement \u00e0 des fins licites. Il vous est express\u00e9ment interdit de violer ou de tenter de violer la s\u00e9curit\u00e9 du Site, y compris, sans limitation, ce qui suit : (a) acc\u00e9der \u00e0 des donn\u00e9es qui ne vous sont pas destin\u00e9es ou vous connecter \u00e0 un serveur ou \u00e0 un compte auquel vous n&#8217;\u00eates pas autoris\u00e9 \u00e0 acc\u00e9der ; (b) tenter de sonder, d&#8217;analyser ou de tester la vuln\u00e9rabilit\u00e9 d&#8217;un syst\u00e8me ou d&#8217;un r\u00e9seau ou de violer les mesures de s\u00e9curit\u00e9 ou d&#8217;authentification sans autorisation appropri\u00e9e&nbsp;; (c) tenter d&#8217;interf\u00e9rer avec le service de tout autre utilisateur, h\u00f4te ou r\u00e9seau, y compris, sans s&#8217;y limiter, en soumettant un virus au site, en le surchargeant, en l&#8217;inondant, en le spammant, en le bombardant de courrier ou en le plantant&nbsp;; ou (d) l&#8217;envoi ou le relais d&#8217;e-mails non sollicit\u00e9s, y compris des promotions et\/ou de la publicit\u00e9 de produits ou de services. Vous acceptez en outre de ne pas d\u00e9former votre identit\u00e9 lorsque vous effectuez des achats dans notre boutique ou en utilisant le site, ni d&#8217;interf\u00e9rer ou de tenter d&#8217;interf\u00e9rer avec le bon fonctionnement de ce site.<\/p>\n\n\n\n<p>LIMITATION DE RESPONSABILIT\u00c9<br>DANS TOUTE LA MESURE AUTORIS\u00c9E PAR LA LOI APPLICABLE, SI VOUS N&#8217;\u00caTES PAS D&#8217;ACCORD AVEC CES CONDITIONS D&#8217;UTILISATION, TELLES QUE PEUVENT \u00caTRE MODIFI\u00c9ES DE TEMPS \u00c0 TEMPS, VOTRE SEUL ET EXCLUSIF RECOURS EST DE (A) CESSER D&#8217;UTILISER LE SITE ET CESSER D&#8217;ACHETER DANS NOS MAGASINS, (B ) NE PAS EFFECTUER D&#8217;ACHAT ET\/OU (C) RETOURNER TOUT ACHAT ADMISSIBLE DANS LES SOIXANTE (60) JOURS. VOUS RECONNAISSEZ ET ACCEPTEZ QUE VOTRE UTILISATION DU SITE ET\/OU VOTRE ACHAT DANS NOTRE MAGASIN OU SUR CE SITE EST \u00c0 VOS PROPRES RISQUES. DANS TOUTE LA MESURE PERMISE PAR LA LOI APPLICABLE, NI NEXT LEVEL ELECTRONICS INC., NI AUCUN DE LEURS EMPLOY\u00c9S, DIRECTEURS, DIRIGEANTS, AGENTS OU FOURNISSEURS DE SERVICES SUR SITE NE SERONT RESPONSABLES ENVERS QUELQUE PARTIE DE TOUT G\u00c9N\u00c9RAL, DIRECT, INDIRECT, ACCESSOIRE, SP\u00c9CIAL, CONS\u00c9CUTIF. , DES DOMMAGES EXEMPLAIRES OU PUNITIFS POUR DES SOLLICITATIONS, DES ACHATS PUBLICITAIRES DANS NOTRE MAGASIN OU CE SITE, OU POUR L&#8217;UTILISATION DE CE SITE OU DE TOUT AUTRE SITE WEB HYPERLI\u00c9, Y COMPRIS, SANS LIMITATION, LES DOMMAGES, PERTES, PERTES DE PROFITS OU DE REVENUS, CO\u00dbTS DE REMPLACEMENT, INTERRUPTIONS D&#8217;AFFAIRES, PERTES DES DONN\u00c9ES OU DES DOMMAGES R\u00c9SULTANT DE, D\u00c9COULANT DE OU LI\u00c9S DE QUELQUE MANI\u00c8RE \u00c0 L&#8217;UTILISATION OU \u00c0 L&#8217;INCAPACIT\u00c9 \u00c0 UTILISER LE SITE OU \u00c0 LA CONFIANCE DANS LES INFORMATIONS PR\u00c9SENTES. CETTE LIMITATION DE RESPONSABILIT\u00c9 S&#8217;APPLIQUE QU&#8217;UNE R\u00c9CLAMATION EST BAS\u00c9E SUR UN CONTRAT, UNE N\u00c9GLIGENCE, UNE STATUT OU UN D\u00c9LIT, M\u00caME SI NEXT LEVEL ELECTRONICS INC. OU LES FOURNISSEURS DE SERVICES DU SITE SONT EXPRESS\u00c9MENT AVIS\u00c9S OU AURAIENT DUR CONNA\u00ceTRE LA POSSIBILIT\u00c9 DE TELS DOMMAGES OU PERTES. DANS TOUTE LA MESURE AUTORIS\u00c9E PAR LA LOI APPLICABLE, VOUS DEVEZ D\u00c9FENDRE, INDEMNISER ET TENIR NEXT LEVEL ELECTRONICS INC. ET LES FOURNISSEURS DE SERVICES DU SITE INdemnes CONTRE DE TELS DOMMAGES OU PERTES. AUX FINS DES PR\u00c9SENTES, \u00ab FOURNISSEURS DE SERVICES DU SITE \u00bb D\u00c9SIGNERA DES FOURNISSEURS DE SERVICES TIERS QUI FOURNISSENT DES SERVICES DE SITE \u00c0 NEXT LEVEL ELECTRONICS INC. QUI CONTRIBUENT \u00c0 LA FONCTIONNALIT\u00c9 DU SITE.<\/p>\n\n\n\n<p>LES LIMITATIONS DE RESPONSABILIT\u00c9 CI-DESSUS SONT OBLIGATOIRES DANS L&#8217;\u00c9TAT DE NEW YORK. CEPENDANT, DANS CERTAINES AUTRES JURIDICTIONS, LES LIMITATIONS DE RESPONSABILIT\u00c9 NE SONT PAS AUTORIS\u00c9ES.<\/p>\n\n\n\n<p>DANS CES JURIDICTIONS, LES LIMITATIONS DE RESPONSABILIT\u00c9 CI-DESSUS PEUVENT NE PAS S&#8217;APPLIQUER \u00c0 VOUS. DANS TOUTE LA MESURE PERMISE PAR LA LOI APPLICABLE, SI UNE PARTIE DE CETTE LIMITATION DE RESPONSABILIT\u00c9 EST D\u00c9TERMIN\u00c9E INAPPLICABLE OU INVALIDE POUR QUELQUE RAISON QUE CE SOIT, VOUS ACCEPTEZ QUE LA RESPONSABILIT\u00c9 GLOBALE DE NEXT LEVEL ELECTRONICS INC. (S) QUI AURAIENT AUTREMENT \u00caTRE LIMIT\u00c9ES NE DOIVENT PAS D\u00c9PASSER DIX MILLE DOLLARS (10 000 $).<\/p>\n\n\n\n<p>EXCLUSION DE GARANTIE<br>NEXT LEVEL ELECTRONICS INC. FOURNIT L&#8217;ACC\u00c8S \u00c0 SES MAGASINS ET \u00c0 CE SITE AUX CLIENTS ET CLIENTS POTENTIELS DE NEXT LEVEL ELECTRONICS INC. \u00ab TEL QUEL \u00bb ET \u00ab SELON LA DISPONIBILIT\u00c9 \u00bb ET SANS AUCUNE REPR\u00c9SENTATION OU GARANTIE D&#8217;AUCUNE SORTE, EXPRESSE, IMPLICITE OU L\u00c9GALE, Y COMPRIS , MAIS SANS LIMITATION, LES GARANTIES DE QUALIT\u00c9 MARCHANDE, D&#8217;ADAPTATION \u00c0 UN USAGE PARTICULIER, DE TITRE OU DE NON-VIOLATION DE TOUTES LES UTILISATIONS\/ACHATS. DANS TOUTE LA MESURE AUTORIS\u00c9E PAR LA LOI APPLICABLE, TOUTES CES REPR\u00c9SENTATIONS ET GARANTIES SONT EXPRESS\u00c9MENT D\u00c9CLIN\u00c9ES PAR LES PR\u00c9SENTES. SANS LIMITER CE QUI PR\u00c9C\u00c8DE ET DANS TOUTE LA MESURE AUTORIS\u00c9E PAR LA LOI APPLICABLE, NEXT LEVEL ELECTRONICS INC. D\u00c9CLINE TOUTE GARANTIE, EXPRESSE OU IMPLICITE, POUR TOUTE MARCHANDISE ET\/OU CARTE-CADEAUX UTILIS\u00c9ES POUR ACHETER LA MARCHANDISE OFFERTE. CETTE AVERTISSEMENT NE S&#8217;APPLIQUE AUCUNE GARANTIE DE PRODUIT OFFERTE PAR LE FABRICANT DE LA MARCHANDISE. SANS LIMITER CE QUI PRECEDE ET DANS TOUTE LA MESURE PERMISE PAR LA LOI APPLICABLE, NEXT LEVEL ELECTRONICS INC. NE REPR\u00c9SENTE NI NE GARANTIT PAS QUE LES INFORMATIONS EN MAGASIN OU SUR CE SITE SONT EXACTES, COMPL\u00c8TES OU \u00c0 JOUR OU QUE LE SITE FONCTIONNERA SANS INTERRUPTION, SANS ERREUR OU SANS D\u00c9FAUTS, BOGUES, VIRUS OU AUTRES COMPOSANTS NUISIBLES. SANS LIMITATION DE CE QUI PR\u00c9C\u00c8DE ET DANS TOUTE LA MESURE AUTORIS\u00c9E PAR LA LOI APPLICABLE, NEXT LEVEL ELECTRONICS INC. D\u00c9CLINE EN OUTRE TOUTE RESPONSABILIT\u00c9 OU DOMMAGE QUANT \u00c0 L&#8217;EXACTITUDE OU \u00c0 L&#8217;EXHAUSTIVIT\u00c9 DE CHAQUE ARTICLE DE MARCHANDISE, Y COMPRIS, SANS LIMITATION, LES PRIX, LA QUANTIT\u00c9 ET LES TAILLES. SANS LIMITER CE QUI PR\u00c9C\u00c8DE ET DANS TOUTE LA MESURE PERMISE PAR LA LOI APPLICABLE, NEXT LEVEL ELECTRONICS INC. D\u00c9CLINE EN OUTRE TOUTE RESPONSABILIT\u00c9 OU DOMMAGE POUR TOUT VOL OU PERTE, ACC\u00c8S NON AUTORIS\u00c9 OU DOMMAGE OU INTERCEPTION DE TOUTES DONN\u00c9ES OU COMMUNICATIONS ENVOY\u00c9ES \u00c0, DEPUIS OU STOCK\u00c9S SUR CE SITE.<\/p>\n\n\n\n<p>JURIDICTION; RISQUE DE PERTE<br>Next Level Electronics Inc. contr\u00f4le ce site et ses magasins depuis ses si\u00e8ges sociaux dans l&#8217;\u00c9tat du Wisconsin. L&#8217;UTILISATION DE CE SITE EST LIMIT\u00c9E AUX LIMITES DES ADRESSES MILITAIRES CONTINENTALES DES \u00c9TATS-UNIS, D&#8217;HAWAII, DE L&#8217;ALASKA ET DE L&#8217;APO\/FPO. Le risque de perte et la propri\u00e9t\u00e9 des articles sont transf\u00e9r\u00e9s \u00e0 l&#8217;acheteur d\u00e8s la livraison.<\/p>\n\n\n\n<p>Next Level Electronics Inc. n&#8217;implique pas que les documents publi\u00e9s sur ce site soient appropri\u00e9s pour une utilisation en dehors des \u00c9tats-Unis. Nonobstant ce qui pr\u00e9c\u00e8de, si vous acc\u00e9dez \u00e0 ce site depuis l&#8217;ext\u00e9rieur des \u00c9tats-Unis, vous le faites de votre propre initiative et vous \u00eates responsable du respect de toutes les lois, r\u00e9glementations nationales et locales applicables ou \u00e9quivalentes.<\/p>\n\n\n\n<p>LES CONDITIONS DE CE SITE, LES SOLLICITATIONS, LA PUBLICIT\u00c9 ET LES ACHATS SERONT R\u00c9GIS PAR LES LOIS DE L&#8217;\u00c9TAT DU WISCONSIN, SANS DONNER EFFET \u00c0 SES DISPOSITIONS SUR LES CONFLITS DE LOIS. VOUS ACCEPTEZ QUE LE COMT\u00c9 DE WAUKESHA, LE WISCONSIN OU LE TRIBUNAL DE DISTRICT DES \u00c9TATS-UNIS \u00c0 MILWAUKEE, WISCONSIN SERONT LE LIEU ET LA JURIDICTION EXCLUSIFS POUR TOUT LITIGE, POURSUITE, RESPONSABILIT\u00c9, DOMMAGE, R\u00c9CLAMATION OU PERTE D\u00c9COULANT DE OU ASSOCI\u00c9 DE QUELQUE MANI\u00c8RE \u00c0 VOTRE SOLLICITATION, ACHAT OU UTILISATION OU ACC\u00c8S AU SITE (COLLECTIVEMENT, \u00ab LITIGE \u00bb). CEPENDANT, VOUS POUVEZ \u00c9GALEMENT SOUTENIR TOUT LITIGE DEVANT LE TRIBUNAL DES PETITES CR\u00c9ANCES DE VOTRE COMT\u00c9 DE R\u00c9SIDENCE OU DU COMT\u00c9 DE WAUKESHA, WISCONSIN. Quoi qu&#8217;il en soit, EN CAS DE LITIGE, VOUS DEVEZ AVISER NEXT LEVEL ELECTRONICS INC. (VOIR LES COORDONN\u00c9ES CI-DESSOUS) EN PR\u00c9SENTANT LE NOM, L&#8217;ADRESSE ET LES COORDONN\u00c9ES, LES FAITS DONNANT LIEU AU LITIGE ET LES R\u00c9PARATION DEMAND\u00c9ES \u00c0 NEXT LEVEL ELECTRONICS INC. VOUS TENTEREZ ALORS DE R\u00c9SOUDRE LE DIFF\u00c9REND PAR DES N\u00c9GOCIATIONS INFORMELLES AVEC NEXT LEVEL ELECTRONICS INC. DANS LES SOIXANTE (60) JOURS \u00c0 COMPTER DE LA DATE DE VOTRE AVIS DE LITIGE APR\u00c8S LESQUELS VOUS POUVEZ COMMENCER VOTRE LITIGE.<\/p>\n\n\n\n<p>PRIX ET INFORMATIONS SUR LES PRODUITS<br>Bien que Next Level Electronics Inc. s&#8217;efforce de fournir des informations pr\u00e9cises sur les produits et les prix, des erreurs involontaires de prix ou de typographie peuvent survenir. Next Level Electronics Inc. se r\u00e9serve le droit de corriger toute erreur, inexactitude ou omission et de modifier ou mettre \u00e0 jour les informations (y compris, sans s&#8217;y limiter, les informations relatives au texte, aux prix, \u00e0 la disponibilit\u00e9 et aux descriptions de produits) \u00e0 tout moment et sans pr\u00e9avis (y compris apr\u00e8s avoir soumis votre commande et votre confirmation ont \u00e9t\u00e9 re\u00e7ues). Dans le cas o\u00f9 un article est r\u00e9pertori\u00e9 \u00e0 un prix incorrect, avec des informations incorrectes ou est r\u00e9duit par erreur, Next Level Electronics Inc. aura le droit, \u00e0 sa seule discr\u00e9tion et dans toute la mesure permise par la loi applicable, de refuser ou d&#8217;annuler. un<\/p>\n\n\n\n<p>toute commande achet\u00e9e pass\u00e9e pour cet article. Si votre carte de cr\u00e9dit a \u00e9t\u00e9 d\u00e9bit\u00e9e pour une commande annul\u00e9e par la suite, Next Level Electronics Inc. \u00e9mettra un cr\u00e9dit sur votre carte de cr\u00e9dit comme votre seul et unique recours si la loi applicable le permet. Nous vous prions de nous excuser pour toute g\u00eane occasionn\u00e9e.<\/p>\n\n\n\n<p>Next Level Electronics Inc. travaille dur pour proposer des prix bas sur ce site ainsi que dans les magasins. Cependant, les marchandises et offres promotionnelles disponibles en ligne sur momengames.com peuvent diff\u00e9rer de celles propos\u00e9es en magasin. Les prix et la disponibilit\u00e9 sont sujets \u00e0 changement sans pr\u00e9avi. Les prix \u00ab sold\u00e9s \u00bb et les pourcentages d&#8217;\u00e9conomies offerts par Next Level Electronics Inc. sont des r\u00e9ductions par rapport aux prix \u00ab r\u00e9guliers \u00bb ou \u00ab originaux \u00bb de Next Level Electronics Inc. Le prix \u00ab r\u00e9gulier \u00bb ou \u00ab original \u00bb d&#8217;un article est le prix offert ancien ou futur pour l&#8217;article ou un article comparable par Next Level Electronics Inc. ou un autre d\u00e9taillant. Les ventes r\u00e9elles peuvent ne pas avoir \u00e9t\u00e9 r\u00e9alis\u00e9es aux prix \u00ab r\u00e9guliers \u00bb ou \u00ab originaux \u00bb, et des d\u00e9marques interm\u00e9diaires peuvent avoir \u00e9t\u00e9 appliqu\u00e9es. Les prix \u00ab originaux \u00bb peuvent ne pas avoir \u00e9t\u00e9 en vigueur au cours des 90 derniers jours ou dans toutes les zones commerciales. Les marchandises sur ce site pourraient \u00eatre propos\u00e9es \u00e0 des prix de \u00ab vente \u00bb identiques ou inf\u00e9rieurs lors de futurs \u00e9v\u00e9nements promotionnels commen\u00e7ant le ou apr\u00e8s le dernier jour de cet \u00e9v\u00e9nement annonc\u00e9. Dans certains cas, les \u00e9conomies r\u00e9elles peuvent d\u00e9passer le pourcentage d&#8217;\u00e9conomies indiqu\u00e9.<\/p>\n\n\n\n<p>Vous acceptez que vous \u00eates responsable de tous les frais encourus en relation avec tout achat sur notre site ou nos magasins, y compris, sans limitation, toutes les taxes, frais d&#8217;exp\u00e9dition, de manutention et de traitement ou autres frais.<\/p>\n\n\n\n<p>DROITS D&#8217;AUTEUR ET MARQUES DE COMMERCE<br>Next Level Electronics Inc. ainsi que les noms de produits et de services, les marques de conception et les slogans associ\u00e9s sont des marques d\u00e9pos\u00e9es de Next Level Electronics Inc. Sauf indication contraire, tout le contenu, le format et les images du site sont prot\u00e9g\u00e9s en tant que droits d&#8217;auteur, marques commerciales et marques de service. , noms commerciaux ou autres droits de propri\u00e9t\u00e9 intellectuelle d\u00e9tenus, contr\u00f4l\u00e9s ou sous licence par Next Level Electronics Inc., l&#8217;une de ses filiales, ou par des tiers qui ont conc\u00e9d\u00e9 sous licence certains droits de propri\u00e9t\u00e9 intellectuelle \u00e0 Next Level Electronics Inc. et sont prot\u00e9g\u00e9s par la propri\u00e9t\u00e9 intellectuelle am\u00e9ricaine et internationale. les lois et les dispositions des trait\u00e9s. L&#8217;utilisation non autoris\u00e9e du contenu constitue une violation de la loi et des pr\u00e9sentes conditions d&#8217;utilisation. Aucun droit sur une marque commerciale, une marque de service ou un nom commercial ne vous est accord\u00e9 dans le cadre de votre utilisation de ce site. Sans limiter ce qui pr\u00e9c\u00e8de, veuillez noter que Next Level Electronics Inc. a une politique de non-tol\u00e9rance concernant l&#8217;utilisation de nos marques ou noms dans les balises m\u00e9ta et\/ou le texte masqu\u00e9. Plus pr\u00e9cis\u00e9ment, l&#8217;utilisation de nos marques ou noms dans les mots-cl\u00e9s des balises m\u00e9ta constitue une contrefa\u00e7on de marque, et l&#8217;utilisation de marques ou de noms dans le texte de la page, les balises m\u00e9ta et\/ou le texte masqu\u00e9 dans le but d&#8217;obtenir un meilleur classement dans les moteurs de recherche peut constituer une violation de Next Level. Electronics Inc. droits de propri\u00e9t\u00e9 intellectuelle et\/ou peuvent atteindre le niveau de concurrence d\u00e9loyale.<\/p>\n\n\n\n<p>Next Level Electronics Inc., ses fournisseurs et conc\u00e9dants de licence se r\u00e9servent express\u00e9ment toute propri\u00e9t\u00e9 intellectuelle et autres droits de propri\u00e9t\u00e9 sur tous les contenus, formats, images, textes, programmes, produits, processus, technologies et autres \u00e9l\u00e9ments apparaissant sur ce site. L\u2019acc\u00e8s \u00e0 ce site ne conf\u00e8re pas et ne doit pas \u00eatre consid\u00e9r\u00e9 comme conf\u00e9rant \u00e0 quiconque une licence en vertu des droits de propri\u00e9t\u00e9 intellectuelle de Next Level Electronics Inc. ou de tout tiers. Tous droits r\u00e9serv\u00e9s. De plus, le contenu, le format et les images du site sont prot\u00e9g\u00e9s par le droit d&#8217;auteur en vertu de la loi des \u00c9tats-Unis et par les lois mondiales sur le droit d&#8217;auteur, les dispositions des trait\u00e9s et d&#8217;autres protections accord\u00e9es en mati\u00e8re de propri\u00e9t\u00e9 intellectuelle. La duplication non autoris\u00e9e constitue une violation de la loi et des pr\u00e9sentes conditions d&#8217;utilisation.<\/p>\n\n\n\n<p>COORDONN\u00c9ES<br>Le si\u00e8ge social de Next Level Electronics Inc. est situ\u00e9 \u00e0 l&#8217;adresse suivante&nbsp;:<br>259 E 167e rue<br>Le Bronx, New York 10456<\/p>\n\n\n\n<p>Si vous avez des questions concernant les mentions l\u00e9gales mentionn\u00e9es ci-dessus, nous vous encourageons \u00e0 contacter le service juridique de Next Level Electronics Inc. \u00e0 cette adresse. Tous droits r\u00e9serv\u00e9s.<\/p>\n","protected":false},"excerpt":{"rendered":"<p>UTILISATION DE CE SITETous les \u00e9l\u00e9ments que vous voyez et entendez sur ce Site \u2014 y compris, par exemple, tous les en-t\u00eates de page, images, textes, illustrations, formats, logos, designs, ic\u00f4nes, photographies, programmes et clips vid\u00e9o ou audio (individuellement ou collectivement, le \u00ab&nbsp;Contenu(s)&nbsp;\u00bb&nbsp;\u2013 sont destin\u00e9s uniquement \u00e0 votre usage personnel, non exclusif et non commercial. [&hellip;]<\/p>\n","protected":false},"author":1,"featured_media":0,"parent":0,"menu_order":0,"comment_status":"closed","ping_status":"open","template":"","meta":{"iawp_total_views":59,"footnotes":""},"class_list":["post-23401","page","type-page","status-publish","hentry"],"jetpack_sharing_enabled":true,"_links":{"self":[{"href":"https:\/\/www.momengames.com\/index.php\/wp-json\/wp\/v2\/pages\/23401","targetHints":{"allow":["GET"]}}],"collection":[{"href":"https:\/\/www.momengames.com\/index.php\/wp-json\/wp\/v2\/pages"}],"about":[{"href":"https:\/\/www.momengames.com\/index.php\/wp-json\/wp\/v2\/types\/page"}],"author":[{"embeddable":true,"href":"https:\/\/www.momengames.com\/index.php\/wp-json\/wp\/v2\/users\/1"}],"replies":[{"embeddable":true,"href":"https:\/\/www.momengames.com\/index.php\/wp-json\/wp\/v2\/comments?post=23401"}],"version-history":[{"count":1,"href":"https:\/\/www.momengames.com\/index.php\/wp-json\/wp\/v2\/pages\/23401\/revisions"}],"predecessor-version":[{"id":23403,"href":"https:\/\/www.momengames.com\/index.php\/wp-json\/wp\/v2\/pages\/23401\/revisions\/23403"}],"wp:attachment":[{"href":"https:\/\/www.momengames.com\/index.php\/wp-json\/wp\/v2\/media?parent=23401"}],"curies":[{"name":"wp","href":"https:\/\/api.w.org\/{rel}","templated":true}]}}