{"id":142,"date":"2020-12-19T03:38:39","date_gmt":"2020-12-19T03:38:39","guid":{"rendered":"https:\/\/www.momengames.com\/?page_id=142"},"modified":"2020-12-19T03:38:40","modified_gmt":"2020-12-19T03:38:40","slug":"nutzungsbedingungen","status":"publish","type":"page","link":"https:\/\/www.momengames.com\/index.php\/nutzungsbedingungen\/?lang=de","title":{"rendered":"Nutzungsbedingungen"},"content":{"rendered":"\n<p>NUTZUNG DIESER WEBSITE<br>Alle Materialien, die Sie auf dieser Website sehen und h\u00f6ren &#8211; einschlie\u00dflich beispielsweise aller Seitenkopfzeilen, Bilder, Texte, Abbildungen, Formate, Logos, Designs, Symbole, Fotos, Programme sowie Video- oder Audioclips (einzeln oder zusammen) &#8220;Inhalt (e)&#8221;) &#8211; sind ausschlie\u00dflich f\u00fcr Ihren pers\u00f6nlichen, nicht exklusiven und nicht kommerziellen Gebrauch bestimmt. Sie d\u00fcrfen auf den auf der Website angezeigten Inhalt nur f\u00fcr Ihren pers\u00f6nlichen, nicht kommerziellen Gebrauch zugreifen, ihn anzeigen, herunterladen, drucken oder kopieren. vorausgesetzt jedoch, dass Sie (1) alle in allen Inhalten enthaltenen Urheber-, Marken- oder sonstigen gesch\u00fctzten Bezeichnungen behalten; (2) den Inhalt in keiner Weise modifizieren oder ver\u00e4ndern; und (3) den Inhalt nicht an Dritte weitergeben oder zur Verf\u00fcgung stellen. Durch Ihre Nutzung dieser Website werden Ihnen keine Rechte, Titel oder Interessen an aufgerufenen, heruntergeladenen, gedruckten oder kopierten Inhalten \u00fcbertragen. Next Level Electronics Inc. besitzt und beh\u00e4lt sich alle Rechte, Titel und Interessen an und f\u00fcr die Rechte an geistigem Eigentum an Inhalten vor, auf die Sie auf dieser Website zugreifen k\u00f6nnen. Au\u00dfer wie oben angegeben, d\u00fcrfen Sie den Inhalt oder diese Website ohne vorherige schriftliche Genehmigung von Next Level Electronics Inc. Nicht kopieren, herunterladen, reproduzieren, ver\u00f6ffentlichen, \u00fcbertragen, verteilen, anzeigen, modifizieren, abgeleitete Werke erstellen oder auf andere Weise in irgendeiner Weise verwerten .<\/p>\n\n\n\n<p>Next Level Electronics Inc. kann jeden Aspekt dieser Website, einschlie\u00dflich der Verf\u00fcgbarkeit von Funktionen der Website, jederzeit und ohne vorherige Ank\u00fcndigung beenden, \u00e4ndern, aussetzen oder einstellen. Next Level Electronics Inc. beh\u00e4lt sich au\u00dferdem das Recht vor, den Zugriff auf die Website jederzeit und ohne Angabe von Gr\u00fcnden zu sperren oder zu verweigern.<\/p>\n\n\n\n<p>Durch Ihre Nutzung dieser Website erkl\u00e4ren Sie und garantieren, dass Sie mindestens achtzehn (18) Jahre alt sind. Wenn Sie nicht mindestens achtzehn (18) Jahre alt sind, d\u00fcrfen Sie diese Website nicht ohne die Zustimmung Ihrer Eltern oder Erziehungsberechtigten nutzen. vorausgesetzt jedoch, dass Sie unter dreizehn (13) Jahren sind, d\u00fcrfen Sie diese Website unter keinen Umst\u00e4nden nutzen.<\/p>\n\n\n\n<p>Einhaltung aller Gesetze und der Sicherheit der Website<br>Sie stimmen zu, diese Website nur f\u00fcr rechtm\u00e4\u00dfige Zwecke zu nutzen. Es ist Ihnen ausdr\u00fccklich untersagt, die Sicherheit der Website zu verletzen oder zu versuchen, einschlie\u00dflich, ohne Einschr\u00e4nkung, Folgendes: (a) Zugriff auf Daten, die nicht f\u00fcr Sie bestimmt sind, oder Anmeldung bei einem Server oder einem Konto, f\u00fcr das Sie nicht berechtigt sind; (b) Versuch, die Sicherheitsanf\u00e4lligkeit eines Systems oder Netzwerks zu untersuchen, zu scannen oder zu testen oder Sicherheits- oder Authentifizierungsma\u00dfnahmen ohne entsprechende Genehmigung zu verletzen; (c) Versuch, den Dienst f\u00fcr einen anderen Benutzer, Host oder ein anderes Netzwerk zu st\u00f6ren, einschlie\u00dflich, ohne Einschr\u00e4nkung, durch \u00dcbermittlung eines Virus an die Site, \u00dcberlastung, \u00dcberflutung, Spam, Mail-Bombardierung oder Absturz; oder (d) Senden oder Weiterleiten unerw\u00fcnschter E-Mails, einschlie\u00dflich Werbung und \/ oder Verkaufsf\u00f6rderung f\u00fcr Produkte oder Dienstleistungen. Sie erkl\u00e4ren sich ferner damit einverstanden, Ihre Identit\u00e4t beim Kauf in unserem Gesch\u00e4ft oder bei der Nutzung der Website nicht falsch darzustellen oder die ordnungsgem\u00e4\u00dfe Funktion dieser Website zu beeintr\u00e4chtigen oder zu beeintr\u00e4chtigen.<\/p>\n\n\n\n<p>HAFTUNGSBESCHR\u00c4NKUNG<br>Soweit dies nach geltendem Recht zul\u00e4ssig ist, besteht Ihre einzige und ausschlie\u00dfliche Abhilfe darin, (A) die Nutzung der Website einzustellen und den Einkauf in unseren Gesch\u00e4ften einzustellen, wenn Sie mit diesen von Zeit zu Zeit ge\u00e4nderten Nutzungsbedingungen nicht einverstanden sind ) KEINEN KAUF MACHEN UND \/ ODER (C) Innerhalb von sechzig (60) Tagen einen berechtigten Kauf zur\u00fcckgeben. SIE BEST\u00c4TIGEN UND STIMMEN ZU, DASS IHRE NUTZUNG DER WEBSITE UND \/ ODER IHR KAUF IN UNSEREM STORE ODER AUF DIESER WEBSITE AUF EIGENES RISIKO ERFOLGT. In vollen Z\u00fcgen ZUL\u00c4SSIGEN RECHT WEDER NEXT LEVEL ELECTRONICS INC., Noch ihre Angestellten, Direktoren, leitenden Angestellten, Vertreter oder Site-DIENSTLEISTER wird jedem PARTY F\u00dcR ALLGEMEINE, direkte, indirekte, zuf\u00e4llige, indirekte, , BEISPIELHAFTE ODER STRAFBESCH\u00c4DIGUNGEN F\u00dcR BESCHWERDEN, WERBEK\u00c4UFE IN UNSEREM LADEN ODER DIESER WEBSITE ODER F\u00dcR DIE NUTZUNG DIESER WEBSITE ODER ANDERER HYPERLINK-WEBSITES, EINSCHLIESSLICH, OHNE EINSCHR\u00c4NKUNG, SCH\u00c4DEN, VERLUSTE, VERLETZUNGEN, VERLUSTE VON DATEN ODER SCH\u00c4DEN, DIE DURCH DIE NUTZUNG DER WEBSITE ODER DIE UNM\u00d6GLICHKEIT DER NUTZUNG DER WEBSITE ODER DES VERH\u00c4LTNISSES AUF DIE VORLIEGENDEN INFORMATIONEN ENTSTEHEN. DIESE HAFTUNGSBESCHR\u00c4NKUNG GILT, OB EIN ANSPRUCH AUF VERTRAG, NEGLIGENZ, STATUTE ODER TORT BASIERT, AUCH WENN DIE DIENSTLEISTER DER N\u00c4CHSTEN STUFE ELECTRONICS INC. ODER DER WEBSITE-DIENSTLEISTUNGEN AUSDR\u00dcCKLICH \u00dcBER DIE BESCH\u00c4FTIGUNG VON UNTERST\u00dcTZUNG ODER UNTERSCHULDIGKEIT DES UNTERSCHULDES UNTERSCHIED Soweit dies nach geltendem Recht zul\u00e4ssig ist, verteidigen, verteidigen und halten Sie die n\u00e4chste Stufe von ELECTRONICS INC. Und bieten Website-Dienstleister unempfindlich gegen solche Sch\u00e4den oder Verluste. ZU DIESEN ZWECKEN BEDEUTEN &#8220;WEBSITE-DIENSTLEISTER&#8221; DIENSTLEISTER VON DRITTANBIETERN, DIE DIENSTLEISTUNGEN F\u00dcR DIE N\u00c4CHSTE EBENE ELECTRONICS INC. BEREITSTELLEN, DIE ZUR FUNKTIONALIT\u00c4T DER WEBSITE BEITRAGEN.<\/p>\n\n\n\n<p>Die oben genannten Haftungsbeschr\u00e4nkungen sind im Bundesstaat New York verbindlich. IN EINIGEN ANDEREN GERICHTSST\u00c4NDEN SIND HAFTUNGSBESCHR\u00c4NKUNGEN JEDOCH NICHT ERLAUBT. IN DIESEN GERICHTSST\u00c4NDEN GELTEN DIE VORHERIGEN HAFTUNGSBESCHR\u00c4NKUNGEN m\u00f6glicherweise NICHT F\u00dcR SIE. Soweit nach geltendem Recht zul\u00e4ssig, wenn ein Teil dieser Haftungsbeschr\u00e4nkung aus irgendeinem Grund als nicht durchsetzbar oder ung\u00fcltig eingestuft wird, erkl\u00e4ren Sie sich damit einverstanden, dass die Gesamthaftung der n\u00e4chsth\u00f6heren ELEKTRONISCHEN DIENSTLEISTUNGS- (S) DASS ANDERWEITIG BEGRENZT W\u00c4RE, WERDEN Zehntausend Dollar (10.000 US-Dollar) nicht \u00fcberschritten.<\/p>\n\n\n\n<p>VERZICHTSERKL\u00c4RUNG DER GARANTIE<br>NEXT LEVEL ELECTRONICS INC. BEREITSTELLT DEN KUNDEN UND PROSPEKTIVEN KUNDEN UND PROSPEKTIVEN KUNDEN VON NEXT LEVEL ELECTRONICS INC , ABER NICHT BESCHR\u00c4NKT AUF GEW\u00c4HRLEISTUNGEN F\u00dcR MARKTG\u00c4NGIGKEIT, EIGNUNG F\u00dcR EINEN BESTIMMTEN ZWECK, TITEL ODER NICHTVERLETZUNG F\u00dcR ALLE VERWENDUNGEN \/ K\u00c4UFE. Soweit nach geltendem Recht zul\u00e4ssig, werden alle derartigen Zusicherungen und Gew\u00e4hrleistungen hiermit ausdr\u00fccklich ausgeschlossen. Ohne das Vorstehende einzuschr\u00e4nken und soweit dies nach geltendem Recht zul\u00e4ssig ist, lehnt NEXT LEVEL ELECTRONICS INC. JEGLICHE AUSDR\u00dcCKLICHE ODER STILLSCHWEIGENDE GEW\u00c4HRLEISTUNGEN F\u00dcR JEGLICHE VERKAUFTEN UND \/ ODER GESCHENKKARTEN AUS. DIESER HAFTUNGSAUSSCHLUSS GILT NICHT F\u00dcR DIE PRODUKTGARANTIE, DIE DER HERSTELLER DER WAREN BIETET. Ohne das Vorstehende einzuschr\u00e4nken und soweit dies nach geltendem Recht zul\u00e4ssig ist, \u00fcbernimmt NEXT LEVEL ELECTRONICS INC. Keine Garantie oder Gew\u00e4hrleistung daf\u00fcr, dass die Informationen im Gesch\u00e4ft oder auf dieser Website korrekt, vollst\u00e4ndig oder aktuell sind oder die Website nicht funktioniert FEHLER ODER OHNE FEHLER, FEHLER, VIREN ODER ANDERE SCH\u00c4DLICHE KOMPONENTEN. Ohne das Vorstehende einzuschr\u00e4nken und soweit dies nach geltendem Recht zul\u00e4ssig ist, lehnt NEXT LEVEL ELECTRONICS INC. JEGLICHE HAFTUNG, VERANTWORTUNG ODER SCH\u00c4DEN IN BEZUG AUF DIE GENAUIGKEIT, VOLLST\u00c4NDIGKEIT, VOLLST\u00c4NDIGKEIT, VOLLST\u00c4NDIGKEIT Ohne das Vorstehende einzuschr\u00e4nken und soweit dies nach geltendem Recht zul\u00e4ssig ist, lehnt NEXT LEVEL ELECTRONICS INC. WEITER JEGLICHE HAFTUNG, VERANTWORTUNG ODER SCH\u00c4DEN F\u00dcR DIEBSTAHL ODER VERLUST VON, UNBEFUGTEM ZUSAMMENHANG ODER VERLETZUNG VON ZUSAMMENHANG VON ODER AUF DIESER WEBSITE GESPEICHERT.<\/p>\n\n\n\n<p>ZUST\u00c4NDIGKEIT; VERLUSTRISIKO<br>Next Level Electronics Inc. kontrolliert diese Site und ihre Gesch\u00e4fte von ihren Unternehmensb\u00fcros im Bundesstaat Wisconsin aus. DIE NUTZUNG DIESER WEBSITE BESCHR\u00c4NKT SICH AUF DIE GRENZEN DER MILIT\u00c4RADRESSEN DER KONTINENTALEN VEREINIGTEN STAATEN, HAWAII, ALASKA UND APO \/ FPO. Das Risiko des Verlustes und des Eigentums an Gegenst\u00e4nden geht mit der Lieferung auf den K\u00e4ufer \u00fcber.<\/p>\n\n\n\n<p>Next Level Electronics Inc. bedeutet nicht, dass die auf dieser Website ver\u00f6ffentlichten Materialien f\u00fcr die Verwendung au\u00dferhalb der USA geeignet sind. Ungeachtet des Vorstehenden tun Sie dies von sich aus, wenn Sie von au\u00dferhalb der USA auf diese Website zugreifen, und Sie sind f\u00fcr die Einhaltung aller geltenden nationalen und lokalen Gesetze, Vorschriften oder \u00c4quivalente davon verantwortlich.<\/p>\n\n\n\n<p>DIE BEDINGUNGEN DIESER WEBSITE, ANWENDUNGEN, WERBUNG UND K\u00c4UFE WERDEN VON DEN GESETZEN DES STAATS WISCONSIN GELTEN, OHNE SICH AUF IHREN KONFLIKT DER GESETZESBESTIMMUNGEN ZU BEEINFLUSSEN. SIE STIMMEN ZU, DASS WAUKESHA COUNTY, WISCONSIN ODER DAS DISTRIKTGERICHT DER VEREINIGTEN STAATEN IN MILWAUKEE, WISCONSIN, DER AUSSCHLIESSLICHE ORT UND GERICHTSSTAND F\u00dcR JEGLICHE STREITIGKEITEN, ANZ\u00dcGE, HAFTUNG, SCH\u00c4DEN, ANSPR\u00dcCHE ODER VERLETZUNGEN IST NUTZUNG ODER ZUGRIFF AUF DIE WEBSITE (SAMMLUNG \u201eSTREIT\u201c). JEDOCH K\u00d6NNEN SIE AUCH JEGLICHE STREITIGKEITEN BEI KLEINEN ANSPR\u00dcCHEN IN IHRER WOHNSITZ- ODER WAUKESHA-COUNTY, WISCONSIN, STREITIGEN. Unabh\u00e4ngig davon melden Sie im Falle eines Streits die n\u00e4chste Stufe von ELECTRONICS INC. (Siehe Kontaktinformationen unten), indem Sie den Namen, die Adresse und die Kontaktinformationen eingeben, die Fakten, die dem Streit und den angefragten Angeh\u00f6rigen aufkommen SIE WERDEN DANN VERSUCHEN, DIE STREITIGKEIT DURCH INFORMELLE VERHANDLUNGEN MIT ELECTRONICS INC.<\/p>\n\n\n\n<p>PREISE UND PRODUKTINFORMATIONEN<br>W\u00e4hrend Next Level Electronics Inc. bestrebt ist, genaue Produkt- und Preisinformationen bereitzustellen, k\u00f6nnen unbeabsichtigte Preis- oder Tippfehler auftreten. Next Level Electronics Inc. beh\u00e4lt sich das Recht vor, Fehler, Ungenauigkeiten oder Auslassungen zu korrigieren und Informationen (einschlie\u00dflich, ohne Einschr\u00e4nkung, Informationen zu Text, Preisen, Verf\u00fcgbarkeit und Produktbeschreibungen) jederzeit ohne vorherige Ank\u00fcndigung (auch nach Ihrer \u00dcbermittlung) zu \u00e4ndern oder zu aktualisieren Ihre Bestellung und Best\u00e4tigung wurde erhalten). F\u00fcr den Fall, dass ein Artikel zu einem falschen Preis mit falschen Informationen aufgef\u00fchrt oder irrt\u00fcmlich abgezinst wird, hat Next Level Electronics Inc. das Recht, nach eigenem Ermessen und im gesetzlich zul\u00e4ssigen Umfang die Ablehnung oder Stornierung zu verweigern Alle gekauften Bestellungen f\u00fcr diesen Artikel. Wenn Ihre Kreditkarte f\u00fcr eine sp\u00e4ter stornierte Bestellung belastet wurde, wird Next Level Electronics Inc. Ihrer Kreditkarte eine Gutschrift als Ihr einziges und ausschlie\u00dfliches Rechtsmittel ausstellen, sofern dies nach geltendem Recht zul\u00e4ssig ist. Wir entschuldigen uns f\u00fcr etwaige Unannehmlichkeiten.<\/p>\n\n\n\n<p>Next Level Electronics Inc. arbeitet hart daran, sowohl auf dieser Website als auch in Gesch\u00e4ften niedrige Preise anzubieten. Die online unter momengames.com verf\u00fcgbaren Waren- und Werbeangebote k\u00f6nnen jedoch von den im Store angebotenen abweichen. Preise und Verf\u00fcgbarkeit k\u00f6nnen ohne vorherige Ank\u00fcndigung ge\u00e4ndert werden. Die von Next Level Electronics Inc. angebotenen &#8220;Verkaufspreise&#8221; und prozentualen Einsparungen sind Rabatte gegen\u00fcber den &#8220;regul\u00e4ren&#8221; oder &#8220;Original&#8221; -Preisen von Next Level Electronics Inc. Der &#8220;regul\u00e4re&#8221; oder &#8220;urspr\u00fcngliche&#8221; Preis eines Artikels ist der fr\u00fchere oder zuk\u00fcnftige Angebotspreis f\u00fcr den Artikel oder einen vergleichbaren Artikel von Next Level Electronics Inc. oder einem anderen Einzelh\u00e4ndler. Tats\u00e4chliche Verk\u00e4ufe wurden m\u00f6glicherweise nicht zu den \u201eregul\u00e4ren\u201c oder \u201eurspr\u00fcnglichen\u201c Preisen get\u00e4tigt, und es wurden m\u00f6glicherweise Zwischenabschl\u00e4ge vorgenommen. Die urspr\u00fcnglichen Preise waren m\u00f6glicherweise nicht in den letzten 90 Tagen oder in allen Handelsbereichen g\u00fcltig. Waren auf dieser Website k\u00f6nnen bei zuk\u00fcnftigen Werbeveranstaltungen, die am oder nach dem letzten Tag dieser beworbenen Veranstaltung beginnen, zu denselben oder niedrigeren \u201eVerkaufspreisen\u201c angeboten werden. In einigen F\u00e4llen k\u00f6nnen die tats\u00e4chlichen Einsparungen die angezeigten prozentualen Einsparungen \u00fcberschreiten.<\/p>\n\n\n\n<p>Sie erkl\u00e4ren sich damit einverstanden, dass Sie f\u00fcr alle Geb\u00fchren verantwortlich sind, die im Zusammenhang mit einem Kauf auf unserer Website oder in unseren Gesch\u00e4ften anfallen, einschlie\u00dflich, jedoch nicht beschr\u00e4nkt auf alle Steuern, Versand-, Bearbeitungs- und Bearbeitungsgeb\u00fchren oder sonstigen Geb\u00fchren.<\/p>\n\n\n\n<p>COPYRIGHTS UND MARKEN<br>Next Level Electronics Inc. sowie verwandte Produkt- und Servicenamen, Designmarken und Slogans sind eingetragene Marken von Next Level Electronics Inc. Sofern nicht anders angegeben, sind alle Inhalte, Formate und Bilder der Website als Urheberrechte, Marken, Servicemarken gesch\u00fctzt , Handelsnamen oder anderes geistiges Eigentum, das Next Level Electronics Inc., einem seiner verbundenen Unternehmen, oder Dritten, die bestimmte Rechte an geistigem Eigentum an Next Level Electronics Inc. lizenziert haben und durch US-amerikanisches und internationales geistiges Eigentum gesch\u00fctzt sind, geh\u00f6rt, kontrolliert oder lizenziert wird Gesetze und Vertragsbestimmungen. Die unbefugte Verwendung des Inhalts stellt einen Versto\u00df gegen das Gesetz und diese Nutzungsbedingungen dar. Im Zusammenhang mit Ihrer Nutzung dieser Website werden Ihnen keine Rechte an Marken, Dienstleistungsmarken oder Handelsnamen gew\u00e4hrt. Bitte beachten Sie, dass Next Level Electronics Inc., ohne das Vorstehende einzuschr\u00e4nken, eine Richtlinie ohne Toleranz bez\u00fcglich der Verwendung unserer Marken oder Namen in Metatags und \/ oder verstecktem Text hat. Insbesondere die Verwendung unserer Marken oder Namen in Metatag-Schl\u00fcsselw\u00f6rtern stellt eine Markenverletzung dar, und die Verwendung von Marken oder Namen in Seitentext, Metatags und \/ oder verstecktem Text zum Zwecke der Erlangung h\u00f6herer Platzierungen von Suchmaschinen kann eine Verletzung von Next Level darstellen Rechte an geistigem Eigentum von Electronics Inc. und \/ oder k\u00f6nnen zu unlauterem Wettbewerb f\u00fchren.<\/p>\n\n\n\n<p>Next Level Electronics Inc., seine Zulieferer und Lizenzgeber behalten sich ausdr\u00fccklich alle geistigen Eigentums- und sonstigen Eigentumsrechte an allen Inhalten, Formaten, Bildern, Texten, Programmen, Produkten, Prozessen, Technologien und anderen Materialien vor, die auf dieser Website erscheinen. Durch den Zugriff auf diese Website wird niemandem eine Lizenz gem\u00e4\u00df Next Level Electronics Inc. oder den Rechten an geistigem Eigentum Dritter \u00fcbertragen. Alle Rechte vorbehalten. Dar\u00fcber hinaus sind Inhalt, Format und Bildmaterial der Website nach US-amerikanischem Recht urheberrechtlich gesch\u00fctzt und durch weltweite Urheberrechtsgesetze, Vertragsbestimmungen und andere Schutzma\u00dfnahmen, die geistiges Eigentum gew\u00e4hren, gesch\u00fctzt. Nicht autorisierte Vervielf\u00e4ltigung ist ein Versto\u00df gegen das Gesetz und diese Nutzungsbedingungen.<\/p>\n\n\n\n<p>KONTAKT INFORMATIONEN<br>Der Hauptsitz von Next Level Electronics Inc. befindet sich in:<br>259 E 167th St.<br>The Bronx, NY 10456<\/p>\n\n\n\n<p>Wenn Sie Fragen zu den oben genannten rechtlichen Hinweisen haben, wenden Sie sich bitte an die Rechtsabteilung von Next Level Electronics Inc. unter dieser Adresse. Alle Rechte vorbehalten.<\/p>\n","protected":false},"excerpt":{"rendered":"<p>NUTZUNG DIESER WEBSITEAlle Materialien, die Sie auf dieser Website sehen und h\u00f6ren &#8211; einschlie\u00dflich beispielsweise aller Seitenkopfzeilen, Bilder, Texte, Abbildungen, Formate, Logos, Designs, Symbole, Fotos, Programme sowie Video- oder Audioclips (einzeln oder zusammen) &#8220;Inhalt (e)&#8221;) &#8211; sind ausschlie\u00dflich f\u00fcr Ihren pers\u00f6nlichen, nicht exklusiven und nicht kommerziellen Gebrauch bestimmt. Sie d\u00fcrfen auf den auf der Website [&hellip;]<\/p>\n","protected":false},"author":1,"featured_media":0,"parent":0,"menu_order":0,"comment_status":"closed","ping_status":"open","template":"","meta":{"iawp_total_views":12,"footnotes":""},"class_list":["post-142","page","type-page","status-publish","hentry"],"jetpack_sharing_enabled":true,"_links":{"self":[{"href":"https:\/\/www.momengames.com\/index.php\/wp-json\/wp\/v2\/pages\/142","targetHints":{"allow":["GET"]}}],"collection":[{"href":"https:\/\/www.momengames.com\/index.php\/wp-json\/wp\/v2\/pages"}],"about":[{"href":"https:\/\/www.momengames.com\/index.php\/wp-json\/wp\/v2\/types\/page"}],"author":[{"embeddable":true,"href":"https:\/\/www.momengames.com\/index.php\/wp-json\/wp\/v2\/users\/1"}],"replies":[{"embeddable":true,"href":"https:\/\/www.momengames.com\/index.php\/wp-json\/wp\/v2\/comments?post=142"}],"version-history":[{"count":1,"href":"https:\/\/www.momengames.com\/index.php\/wp-json\/wp\/v2\/pages\/142\/revisions"}],"predecessor-version":[{"id":143,"href":"https:\/\/www.momengames.com\/index.php\/wp-json\/wp\/v2\/pages\/142\/revisions\/143"}],"wp:attachment":[{"href":"https:\/\/www.momengames.com\/index.php\/wp-json\/wp\/v2\/media?parent=142"}],"curies":[{"name":"wp","href":"https:\/\/api.w.org\/{rel}","templated":true}]}}